{"id":212142,"date":"2025-12-26T18:22:49","date_gmt":"2025-12-26T15:22:49","guid":{"rendered":"https:\/\/baldumarket.lt\/?post_type=product&#038;p=212142"},"modified":"2026-02-03T23:15:40","modified_gmt":"2026-02-03T20:15:40","slug":"lozko-kontynentalne-pasito-200x200-tapicerowane-materac-topper-pojemnik","status":"publish","type":"product","link":"https:\/\/baldumarket.lt\/lt\/product\/lozko-kontynentalne-pasito-200x200-tapicerowane-materac-topper-pojemnik\/","title":{"rendered":"Pasito kontinentin\u0117 lova 200\u00d7200, apmu\u0161ta, \u010diu\u017einys, \u010diu\u017einuko u\u017etiesalas, konteineris"},"content":{"rendered":"<p>\u201ePasito\u201c 200\u00d7200 cm lova \u2013 puikus pasirinkimas tiems, kurie vertina maksimal\u0173 miego komfort\u0105, klasikin\u012f stili\u0173 ir modern\u0173 funkcionalum\u0105. \u0160is unikalus lenk\u0173 gamintojo \u201eGruszka Meble\u201c modelis yra ne tik patrauklus miegamojo baldas, bet ir gerai apgalvotas sprendimas, atitinkantis net reikliausi\u0173 vartotoj\u0173 l\u016bkes\u010dius. Tai did\u017eiausias rinkoje esantis \u201ePasito\u201c lovos variantas \u2013 skirtas erdviam interjerui ir visi\u0161kam poilsiui.<\/p>","protected":false},"excerpt":{"rendered":"<p>Plotis: 224 cm<br \/>\nIlgis: 212 cm<br \/>\nAuk\u0161tis: 120 cm<br \/>\nMiegamasis plotas: 200 \u00d7 200 cm<br \/>\nMiegojimo auk\u0161tis: 59 cm<\/p>","protected":false},"featured_media":212252,"comment_status":"open","ping_status":"closed","template":"","meta":[],"product_brand":[],"product_cat":[505,9143,514,7271],"product_tag":[],"class_list":{"0":"post-212142","1":"product","2":"type-product","3":"status-publish","4":"has-post-thumbnail","6":"product_cat-bedroom-beds","7":"product_cat-beds-200x200","8":"product_cat-continental-beds","9":"product_cat-meble-gruszka","11":"first","12":"instock","13":"shipping-taxable","14":"purchasable","15":"product-type-variable","16":"wvs-archive-product-wrapper"},"_links":{"self":[{"href":"https:\/\/baldumarket.lt\/lt\/wp-json\/wp\/v2\/product\/212142","targetHints":{"allow":["GET"]}}],"collection":[{"href":"https:\/\/baldumarket.lt\/lt\/wp-json\/wp\/v2\/product"}],"about":[{"href":"https:\/\/baldumarket.lt\/lt\/wp-json\/wp\/v2\/types\/product"}],"replies":[{"embeddable":true,"href":"https:\/\/baldumarket.lt\/lt\/wp-json\/wp\/v2\/comments?post=212142"}],"wp:featuredmedia":[{"embeddable":true,"href":"https:\/\/baldumarket.lt\/lt\/wp-json\/wp\/v2\/media\/212252"}],"wp:attachment":[{"href":"https:\/\/baldumarket.lt\/lt\/wp-json\/wp\/v2\/media?parent=212142"}],"wp:term":[{"taxonomy":"product_brand","embeddable":true,"href":"https:\/\/baldumarket.lt\/lt\/wp-json\/wp\/v2\/product_brand?post=212142"},{"taxonomy":"product_cat","embeddable":true,"href":"https:\/\/baldumarket.lt\/lt\/wp-json\/wp\/v2\/product_cat?post=212142"},{"taxonomy":"product_tag","embeddable":true,"href":"https:\/\/baldumarket.lt\/lt\/wp-json\/wp\/v2\/product_tag?post=212142"}],"curies":[{"name":"wp","href":"https:\/\/api.w.org\/{rel}","templated":true}]}}