{"id":212110,"date":"2025-12-26T18:21:31","date_gmt":"2025-12-26T15:21:31","guid":{"rendered":"https:\/\/baldumarket.lt\/?post_type=product&#038;p=212110"},"modified":"2026-02-03T23:15:40","modified_gmt":"2026-02-03T20:15:40","slug":"lozko-kontynentalne-piano-160x200-tapicerowane-materac-topper-pojemnik","status":"publish","type":"product","link":"https:\/\/baldumarket.lt\/lt\/product\/lozko-kontynentalne-piano-160x200-tapicerowane-materac-topper-pojemnik\/","title":{"rendered":"Pianino tipo kontinentin\u0117 lova 160\u00d7200, apmu\u0161ta, \u010diu\u017einys, \u010diu\u017einuko u\u017etiesalas, konteineris"},"content":{"rendered":"<p>Lova \u201ePiano\u201c 160\u00d7200 cm \u2013 tai tobulas elegancijos ir prakti\u0161kumo derinys, sukurtas atsi\u017evelgiant \u012f miego komfort\u0105 ir optimal\u0173 erdv\u0117s i\u0161naudojim\u0105. \u0160is \u017einomo gamintojo \u201eGruszka Meble\u201c kontinentinio stiliaus modelis i\u0161siskiria tvirta konstrukcija, auk\u0161tos kokyb\u0117s med\u017eiagomis ir moderniu dizainu, kuris skland\u017eiai dera prie \u012fvairi\u0173 interjero stili\u0173.<\/p>","protected":false},"excerpt":{"rendered":"<p>Plotis: 164 cm<br \/>\nIlgis: 213 cm<br \/>\n\u016agis: 123 cm<br \/>\nMiegamoji erdv\u0117: 160 \u00d7 200 cm<br \/>\nMiegamosios dalies auk\u0161tis: 64 cm<\/p>","protected":false},"featured_media":212227,"comment_status":"open","ping_status":"closed","template":"","meta":[],"product_brand":[],"product_cat":[505,1971,514,7271],"product_tag":[],"class_list":{"0":"post-212110","1":"product","2":"type-product","3":"status-publish","4":"has-post-thumbnail","6":"product_cat-bedroom-beds","7":"product_cat-beds-160x200","8":"product_cat-continental-beds","9":"product_cat-meble-gruszka","11":"first","12":"instock","13":"shipping-taxable","14":"purchasable","15":"product-type-variable","16":"wvs-archive-product-wrapper"},"_links":{"self":[{"href":"https:\/\/baldumarket.lt\/lt\/wp-json\/wp\/v2\/product\/212110","targetHints":{"allow":["GET"]}}],"collection":[{"href":"https:\/\/baldumarket.lt\/lt\/wp-json\/wp\/v2\/product"}],"about":[{"href":"https:\/\/baldumarket.lt\/lt\/wp-json\/wp\/v2\/types\/product"}],"replies":[{"embeddable":true,"href":"https:\/\/baldumarket.lt\/lt\/wp-json\/wp\/v2\/comments?post=212110"}],"wp:featuredmedia":[{"embeddable":true,"href":"https:\/\/baldumarket.lt\/lt\/wp-json\/wp\/v2\/media\/212227"}],"wp:attachment":[{"href":"https:\/\/baldumarket.lt\/lt\/wp-json\/wp\/v2\/media?parent=212110"}],"wp:term":[{"taxonomy":"product_brand","embeddable":true,"href":"https:\/\/baldumarket.lt\/lt\/wp-json\/wp\/v2\/product_brand?post=212110"},{"taxonomy":"product_cat","embeddable":true,"href":"https:\/\/baldumarket.lt\/lt\/wp-json\/wp\/v2\/product_cat?post=212110"},{"taxonomy":"product_tag","embeddable":true,"href":"https:\/\/baldumarket.lt\/lt\/wp-json\/wp\/v2\/product_tag?post=212110"}],"curies":[{"name":"wp","href":"https:\/\/api.w.org\/{rel}","templated":true}]}}