{"id":212090,"date":"2025-12-26T18:20:52","date_gmt":"2025-12-26T15:20:52","guid":{"rendered":"https:\/\/baldumarket.lt\/?post_type=product&#038;p=212090"},"modified":"2026-02-03T23:15:41","modified_gmt":"2026-02-03T20:15:41","slug":"lozko-kontynentalne-prato-120x200-tapicerowane-materac-topper","status":"publish","type":"product","link":"https:\/\/baldumarket.lt\/lt\/product\/lozko-kontynentalne-prato-120x200-tapicerowane-materac-topper\/","title":{"rendered":"Prato kontinentin\u0117 lova 120\u00d7200, apmu\u0161ta, su \u010diu\u017einiu, vir\u0161utiniu \u010diu\u017einiu"},"content":{"rendered":"<p>\u201eGruszka Meble\u201c \u201ePrato\u201c lova \u2013 puikus pasirinkimas tiems, kurie vertina ne tik patog\u0173 mieg\u0105, bet ir i\u0161skirtin\u012f dizain\u0105 bei kruop\u0161t\u0173 meistri\u0161kum\u0105. \u0160is modelis pasi\u017eymi rafinuotomis detal\u0117mis, kurios derina funkcionalum\u0105 su auk\u0161\u010diausios klas\u0117s estetika.<\/p>","protected":false},"excerpt":{"rendered":"<p>Plotis: 133 cm<br \/>\nIlgis: 219 cm<br \/>\n\u016agis: 126 cm<br \/>\nMiegamasis plotas: 120 \u00d7 200 cm<br \/>\nMiegamosios dalies auk\u0161tis: 56 cm<\/p>","protected":false},"featured_media":212199,"comment_status":"open","ping_status":"closed","template":"","meta":[],"product_brand":[],"product_cat":[505,1969,514,7271],"product_tag":[],"class_list":{"0":"post-212090","1":"product","2":"type-product","3":"status-publish","4":"has-post-thumbnail","6":"product_cat-bedroom-beds","7":"product_cat-beds-120x200","8":"product_cat-continental-beds","9":"product_cat-meble-gruszka","11":"first","12":"instock","13":"shipping-taxable","14":"purchasable","15":"product-type-variable","16":"wvs-archive-product-wrapper"},"_links":{"self":[{"href":"https:\/\/baldumarket.lt\/lt\/wp-json\/wp\/v2\/product\/212090","targetHints":{"allow":["GET"]}}],"collection":[{"href":"https:\/\/baldumarket.lt\/lt\/wp-json\/wp\/v2\/product"}],"about":[{"href":"https:\/\/baldumarket.lt\/lt\/wp-json\/wp\/v2\/types\/product"}],"replies":[{"embeddable":true,"href":"https:\/\/baldumarket.lt\/lt\/wp-json\/wp\/v2\/comments?post=212090"}],"wp:featuredmedia":[{"embeddable":true,"href":"https:\/\/baldumarket.lt\/lt\/wp-json\/wp\/v2\/media\/212199"}],"wp:attachment":[{"href":"https:\/\/baldumarket.lt\/lt\/wp-json\/wp\/v2\/media?parent=212090"}],"wp:term":[{"taxonomy":"product_brand","embeddable":true,"href":"https:\/\/baldumarket.lt\/lt\/wp-json\/wp\/v2\/product_brand?post=212090"},{"taxonomy":"product_cat","embeddable":true,"href":"https:\/\/baldumarket.lt\/lt\/wp-json\/wp\/v2\/product_cat?post=212090"},{"taxonomy":"product_tag","embeddable":true,"href":"https:\/\/baldumarket.lt\/lt\/wp-json\/wp\/v2\/product_tag?post=212090"}],"curies":[{"name":"wp","href":"https:\/\/api.w.org\/{rel}","templated":true}]}}