{"id":212056,"date":"2025-12-26T18:19:30","date_gmt":"2025-12-26T15:19:30","guid":{"rendered":"https:\/\/baldumarket.lt\/?post_type=product&#038;p=212056"},"modified":"2026-02-03T23:15:41","modified_gmt":"2026-02-03T20:15:41","slug":"lozko-kontynentalne-prato-180x200-tapicerowane-materac-topper","status":"publish","type":"product","link":"https:\/\/baldumarket.lt\/lt\/product\/lozko-kontynentalne-prato-180x200-tapicerowane-materac-topper\/","title":{"rendered":"Prato kontinentin\u0117 lova 180\u00d7200, apmu\u0161ta, su \u010diu\u017einiu, vir\u0161utiniu \u010diu\u017einiu"},"content":{"rendered":"<p>Garsaus \u201eGruszka Meble\u201c prek\u0117s \u017eenklo \u201ePrato 180\u00d7200\u201c lova derina elegancij\u0105, komfort\u0105 ir kokybi\u0161k\u0105 meistri\u0161kum\u0105, tod\u0117l puikiai tinka erdviam miegamajam. Mink\u0161tas dizainas, auk\u0161tas galv\u016bgalis, kruop\u0161\u010diai atrinktos med\u017eiagos ir subtilios detal\u0117s daro \u0161\u012f model\u012f puikiu pasirinkimu tiems, kurie vertina stili\u0173 ir miego komfort\u0105 auk\u0161\u010diausiu lygiu. Dizaino \u0161irdis \u2013 auk\u0161tas, mink\u0161tas galv\u016bgalis su subtiliais dygsniais, kurie atlieka ir dekoratyvin\u0119, ir funkcin\u0119 funkcij\u0105. D\u0117l kont\u016brinio dizaino galv\u016bgalis suteikia patogi\u0105 nugaros atram\u0105, pavyzd\u017eiui, vakare ilsintis ar skaitant. Subtilus dygsniavimas suteikia elegancijos, neu\u017ego\u017edamas interjero dizaino.<\/p>","protected":false},"excerpt":{"rendered":"<p>Plotis: 193 cm<br \/>\nIlgis: 219 cm<br \/>\n\u016agis: 126 cm<br \/>\nMiegamoji erdv\u0117: 180 \u00d7 200 cm<br \/>\nMiegojimo auk\u0161tis: 56 cm<\/p>","protected":false},"featured_media":212177,"comment_status":"open","ping_status":"closed","template":"","meta":[],"product_brand":[],"product_cat":[505,1972,514,7271],"product_tag":[],"class_list":{"0":"post-212056","1":"product","2":"type-product","3":"status-publish","4":"has-post-thumbnail","6":"product_cat-bedroom-beds","7":"product_cat-beds-180x200","8":"product_cat-continental-beds","9":"product_cat-meble-gruszka","11":"first","12":"instock","13":"shipping-taxable","14":"purchasable","15":"product-type-variable","16":"wvs-archive-product-wrapper"},"_links":{"self":[{"href":"https:\/\/baldumarket.lt\/lt\/wp-json\/wp\/v2\/product\/212056","targetHints":{"allow":["GET"]}}],"collection":[{"href":"https:\/\/baldumarket.lt\/lt\/wp-json\/wp\/v2\/product"}],"about":[{"href":"https:\/\/baldumarket.lt\/lt\/wp-json\/wp\/v2\/types\/product"}],"replies":[{"embeddable":true,"href":"https:\/\/baldumarket.lt\/lt\/wp-json\/wp\/v2\/comments?post=212056"}],"wp:featuredmedia":[{"embeddable":true,"href":"https:\/\/baldumarket.lt\/lt\/wp-json\/wp\/v2\/media\/212177"}],"wp:attachment":[{"href":"https:\/\/baldumarket.lt\/lt\/wp-json\/wp\/v2\/media?parent=212056"}],"wp:term":[{"taxonomy":"product_brand","embeddable":true,"href":"https:\/\/baldumarket.lt\/lt\/wp-json\/wp\/v2\/product_brand?post=212056"},{"taxonomy":"product_cat","embeddable":true,"href":"https:\/\/baldumarket.lt\/lt\/wp-json\/wp\/v2\/product_cat?post=212056"},{"taxonomy":"product_tag","embeddable":true,"href":"https:\/\/baldumarket.lt\/lt\/wp-json\/wp\/v2\/product_tag?post=212056"}],"curies":[{"name":"wp","href":"https:\/\/api.w.org\/{rel}","templated":true}]}}