{"id":212054,"date":"2025-12-26T18:19:28","date_gmt":"2025-12-26T15:19:28","guid":{"rendered":"https:\/\/baldumarket.lt\/?post_type=product&#038;p=212054"},"modified":"2026-02-03T23:15:41","modified_gmt":"2026-02-03T20:15:41","slug":"lozko-kontynentalne-prato-200x200-tapicerowane-materac-topper","status":"publish","type":"product","link":"https:\/\/baldumarket.lt\/lt\/product\/lozko-kontynentalne-prato-200x200-tapicerowane-materac-topper\/","title":{"rendered":"Prato kontinentin\u0117 lova 200\u00d7200, apmu\u0161ta, su \u010diu\u017einiu, vir\u0161utiniu \u010diu\u017einiu"},"content":{"rendered":"<p>Garsaus \u201eGruszka Meble\u201c prek\u0117s \u017eenklo \u201ePrato 200\u00d7200\u201c lova \u2013 tai unikalus stiliaus, komforto ir precizi\u0161ko meistri\u0161kumo derinys. \u0160is erdvus modelis buvo sukurtas tiems, kurie ie\u0161ko patogaus ir eleganti\u0161ko baldo dideliam miegamajam. Jos mink\u0161tas r\u0117mas, \u012fmantrios detal\u0117s ir tvirta konstrukcija u\u017etikrina, kad \u201ePrato\u201c patenkins net ir reikliausi\u0173 vartotoj\u0173 l\u016bkes\u010dius.<\/p>","protected":false},"excerpt":{"rendered":"<p>Plotis: 213 cm<br \/>\nIlgis: 219 cm<br \/>\n\u016agis: 126 cm<br \/>\nMiegamasis plotas: 200 \u00d7 200 cm<br \/>\nMiegojimo auk\u0161tis: 56 cm<\/p>","protected":false},"featured_media":212167,"comment_status":"open","ping_status":"closed","template":"","meta":[],"product_brand":[],"product_cat":[505,9143,514,7271],"product_tag":[],"class_list":{"0":"post-212054","1":"product","2":"type-product","3":"status-publish","4":"has-post-thumbnail","6":"product_cat-bedroom-beds","7":"product_cat-beds-200x200","8":"product_cat-continental-beds","9":"product_cat-meble-gruszka","11":"first","12":"instock","13":"shipping-taxable","14":"purchasable","15":"product-type-variable","16":"wvs-archive-product-wrapper"},"_links":{"self":[{"href":"https:\/\/baldumarket.lt\/lt\/wp-json\/wp\/v2\/product\/212054","targetHints":{"allow":["GET"]}}],"collection":[{"href":"https:\/\/baldumarket.lt\/lt\/wp-json\/wp\/v2\/product"}],"about":[{"href":"https:\/\/baldumarket.lt\/lt\/wp-json\/wp\/v2\/types\/product"}],"replies":[{"embeddable":true,"href":"https:\/\/baldumarket.lt\/lt\/wp-json\/wp\/v2\/comments?post=212054"}],"wp:featuredmedia":[{"embeddable":true,"href":"https:\/\/baldumarket.lt\/lt\/wp-json\/wp\/v2\/media\/212167"}],"wp:attachment":[{"href":"https:\/\/baldumarket.lt\/lt\/wp-json\/wp\/v2\/media?parent=212054"}],"wp:term":[{"taxonomy":"product_brand","embeddable":true,"href":"https:\/\/baldumarket.lt\/lt\/wp-json\/wp\/v2\/product_brand?post=212054"},{"taxonomy":"product_cat","embeddable":true,"href":"https:\/\/baldumarket.lt\/lt\/wp-json\/wp\/v2\/product_cat?post=212054"},{"taxonomy":"product_tag","embeddable":true,"href":"https:\/\/baldumarket.lt\/lt\/wp-json\/wp\/v2\/product_tag?post=212054"}],"curies":[{"name":"wp","href":"https:\/\/api.w.org\/{rel}","templated":true}]}}