{"id":212036,"date":"2025-12-26T18:18:52","date_gmt":"2025-12-26T15:18:52","guid":{"rendered":"https:\/\/baldumarket.lt\/?post_type=product&#038;p=212036"},"modified":"2026-02-03T23:15:42","modified_gmt":"2026-02-03T20:15:42","slug":"lozko-kontynentalne-primo-140x200-tapicerowane-materac-topper","status":"publish","type":"product","link":"https:\/\/baldumarket.lt\/lt\/product\/lozko-kontynentalne-primo-140x200-tapicerowane-materac-topper\/","title":{"rendered":"Primo kontinentin\u0117 lova 140\u00d7200, apmu\u0161ta, su \u010diu\u017einiu, vir\u0161utiniu sluoksniu"},"content":{"rendered":"<p>\u201ePrimo\u201c 140 \u00d7 200 cm kontinentin\u0117 lova derina moderni\u0105 estetik\u0105 su klasikine elegancija. \u0160is kruop\u0161\u010diai sukurtas Lenkijos gamintojo \u201eGruszka Mebel\u201c baldas traukia d\u0117mes\u012f ne tik patrauklia i\u0161vaizda, bet ir dideliu naudojimo patogumu. \u201ePrimo\u201c 140 \u00d7 200 cm kontinentin\u0117 lova yra universali lova, kuri puikiai tiks tiek moderniuose, tiek klasikiniuose miegam\u0173j\u0173 dizainuose.<\/p>","protected":false},"excerpt":{"rendered":"<p>Plotis: 140 cm<br \/>\nIlgis: 215 cm<br \/>\nAuk\u0161tis: 120 cm<br \/>\nMiegamasis plotas: 140 \u00d7 200 cm<br \/>\nMiegamosios dalies auk\u0161tis: 58 cm<\/p>","protected":false},"featured_media":212151,"comment_status":"open","ping_status":"closed","template":"","meta":[],"product_brand":[],"product_cat":[505,1970,514,7271],"product_tag":[],"class_list":{"0":"post-212036","1":"product","2":"type-product","3":"status-publish","4":"has-post-thumbnail","6":"product_cat-bedroom-beds","7":"product_cat-beds-140x200","8":"product_cat-continental-beds","9":"product_cat-meble-gruszka","11":"first","12":"instock","13":"shipping-taxable","14":"purchasable","15":"product-type-variable","16":"wvs-archive-product-wrapper"},"_links":{"self":[{"href":"https:\/\/baldumarket.lt\/lt\/wp-json\/wp\/v2\/product\/212036","targetHints":{"allow":["GET"]}}],"collection":[{"href":"https:\/\/baldumarket.lt\/lt\/wp-json\/wp\/v2\/product"}],"about":[{"href":"https:\/\/baldumarket.lt\/lt\/wp-json\/wp\/v2\/types\/product"}],"replies":[{"embeddable":true,"href":"https:\/\/baldumarket.lt\/lt\/wp-json\/wp\/v2\/comments?post=212036"}],"wp:featuredmedia":[{"embeddable":true,"href":"https:\/\/baldumarket.lt\/lt\/wp-json\/wp\/v2\/media\/212151"}],"wp:attachment":[{"href":"https:\/\/baldumarket.lt\/lt\/wp-json\/wp\/v2\/media?parent=212036"}],"wp:term":[{"taxonomy":"product_brand","embeddable":true,"href":"https:\/\/baldumarket.lt\/lt\/wp-json\/wp\/v2\/product_brand?post=212036"},{"taxonomy":"product_cat","embeddable":true,"href":"https:\/\/baldumarket.lt\/lt\/wp-json\/wp\/v2\/product_cat?post=212036"},{"taxonomy":"product_tag","embeddable":true,"href":"https:\/\/baldumarket.lt\/lt\/wp-json\/wp\/v2\/product_tag?post=212036"}],"curies":[{"name":"wp","href":"https:\/\/api.w.org\/{rel}","templated":true}]}}