{"id":212020,"date":"2025-12-26T18:18:17","date_gmt":"2025-12-26T15:18:17","guid":{"rendered":"https:\/\/baldumarket.lt\/?post_type=product&#038;p=212020"},"modified":"2026-02-03T23:15:42","modified_gmt":"2026-02-03T20:15:42","slug":"lozko-kontynentalne-primo-160x200-tapicerowane-materac-topper","status":"publish","type":"product","link":"https:\/\/baldumarket.lt\/lt\/product\/lozko-kontynentalne-primo-160x200-tapicerowane-materac-topper\/","title":{"rendered":"Primo kontinentin\u0117 lova 160\u00d7200, apmu\u0161ta, su \u010diu\u017einiu, vir\u0161utiniu \u010diu\u017einiu"},"content":{"rendered":"<p>\u201ePrimo\u201c 160 \u00d7 200 cm kontinentin\u0117 lova \u2013 puikus sprendimas tiems, kurie vertina modern\u0173 dizain\u0105 su klasikinio stiliaus prieskoniu ir auk\u0161\u010diausiu komforto lygiu. \u0160i universali kontinentin\u0117 lova, pagaminta \u017einomo Lenkijos gamintojo \u201eGruszka Mebel\u201c, lengvai dera prie \u012fvairi\u0173 miegam\u0173j\u0173 dizain\u0173. Pagrindinis \u201ePrimo\u201c 160 \u00d7 200 cm kontinentin\u0117s lovos privalumas \u2013 eleganti\u0161kas, gausiai dygsniuotas ir mink\u0161tas atlo\u0161as, puo\u0161tas subtiliomis si\u016bl\u0117mis. Jis suteikia ne tik esteti\u0161k\u0105 i\u0161vaizd\u0105, bet ir patogi\u0105 atram\u0105 poilsiui ar skaitymui vakare.<\/p>","protected":false},"excerpt":{"rendered":"<p>Plotis: 160 cm<br \/>\nIlgis: 215 cm<br \/>\nAuk\u0161tis: 120 cm<br \/>\nMiegamoji erdv\u0117: 160 \u00d7 200 cm<br \/>\nMiegojimo auk\u0161tis: 58 cm<\/p>","protected":false},"featured_media":212145,"comment_status":"open","ping_status":"closed","template":"","meta":[],"product_brand":[],"product_cat":[505,1971,514,7271],"product_tag":[],"class_list":{"0":"post-212020","1":"product","2":"type-product","3":"status-publish","4":"has-post-thumbnail","6":"product_cat-bedroom-beds","7":"product_cat-beds-160x200","8":"product_cat-continental-beds","9":"product_cat-meble-gruszka","11":"first","12":"instock","13":"shipping-taxable","14":"purchasable","15":"product-type-variable","16":"wvs-archive-product-wrapper"},"_links":{"self":[{"href":"https:\/\/baldumarket.lt\/lt\/wp-json\/wp\/v2\/product\/212020","targetHints":{"allow":["GET"]}}],"collection":[{"href":"https:\/\/baldumarket.lt\/lt\/wp-json\/wp\/v2\/product"}],"about":[{"href":"https:\/\/baldumarket.lt\/lt\/wp-json\/wp\/v2\/types\/product"}],"replies":[{"embeddable":true,"href":"https:\/\/baldumarket.lt\/lt\/wp-json\/wp\/v2\/comments?post=212020"}],"wp:featuredmedia":[{"embeddable":true,"href":"https:\/\/baldumarket.lt\/lt\/wp-json\/wp\/v2\/media\/212145"}],"wp:attachment":[{"href":"https:\/\/baldumarket.lt\/lt\/wp-json\/wp\/v2\/media?parent=212020"}],"wp:term":[{"taxonomy":"product_brand","embeddable":true,"href":"https:\/\/baldumarket.lt\/lt\/wp-json\/wp\/v2\/product_brand?post=212020"},{"taxonomy":"product_cat","embeddable":true,"href":"https:\/\/baldumarket.lt\/lt\/wp-json\/wp\/v2\/product_cat?post=212020"},{"taxonomy":"product_tag","embeddable":true,"href":"https:\/\/baldumarket.lt\/lt\/wp-json\/wp\/v2\/product_tag?post=212020"}],"curies":[{"name":"wp","href":"https:\/\/api.w.org\/{rel}","templated":true}]}}