{"id":212018,"date":"2025-12-26T18:18:15","date_gmt":"2025-12-26T15:18:15","guid":{"rendered":"https:\/\/baldumarket.lt\/?post_type=product&#038;p=212018"},"modified":"2026-02-03T23:15:42","modified_gmt":"2026-02-03T20:15:42","slug":"lozko-kontynentalne-primo-180x200-tapicerowane-materac-topper","status":"publish","type":"product","link":"https:\/\/baldumarket.lt\/lt\/product\/lozko-kontynentalne-primo-180x200-tapicerowane-materac-topper\/","title":{"rendered":"Primo kontinentin\u0117 lova 180\u00d7200, apmu\u0161ta, su \u010diu\u017einiu, vir\u0161utiniu sluoksniu"},"content":{"rendered":"<p>\u201ePrimo\u201c 180 \u00d7 200 cm kontinentin\u0117 lova \u2013 unikalus pasirinkimas ie\u0161kantiems modernaus stiliaus, klasikini\u0173 akcent\u0173 ir auk\u0161\u010diausio lygio miego komforto derinio. \u0160\u012f bald\u0105 gamina garsus lenk\u0173 prek\u0117s \u017eenklas \u201eGruszka Mebel\u201c, jis puikiai tinka tiek erdviems, eleganti\u0161kiems miegamiesiems, tiek modernaus dizaino interjerui. Centrinis \u201ePrimo\u201c 180 \u00d7 200 cm kontinentin\u0117s lovos elementas \u2013 mink\u0161tas, gausiai dygsniuotas ir patraukliai dygsniuotas atlo\u0161as. D\u0117l kruop\u0161taus meistri\u0161kumo ir auk\u0161tos kokyb\u0117s apmu\u0161al\u0173 galvos atrama ne tik pagerina baldo estetin\u012f patrauklum\u0105, bet ir suteikia patogi\u0105 atram\u0105 poilsiui, skaitymui vakare ar \u017ei\u016brint televizori\u0173. Subtilus si\u016bli\u0173 si\u016bli\u0173 i\u0161d\u0117stymas suteikia lovai eleganti\u0161k\u0105 ir lengv\u0105 poj\u016bt\u012f, puikiai papildant\u012f tiek klasikin\u012f, tiek modern\u0173 interjero stili\u0173.<\/p>","protected":false},"excerpt":{"rendered":"<p>Plotis: 180 cm<br \/>\nIlgis: 215 cm<br \/>\nAuk\u0161tis: 120 cm<br \/>\nMiegamoji erdv\u0117: 180 \u00d7 200 cm<br \/>\nMiegojimo auk\u0161tis: 58 cm<\/p>","protected":false},"featured_media":212135,"comment_status":"open","ping_status":"closed","template":"","meta":[],"product_brand":[],"product_cat":[505,1972,514,7271],"product_tag":[],"class_list":{"0":"post-212018","1":"product","2":"type-product","3":"status-publish","4":"has-post-thumbnail","6":"product_cat-bedroom-beds","7":"product_cat-beds-180x200","8":"product_cat-continental-beds","9":"product_cat-meble-gruszka","11":"first","12":"instock","13":"shipping-taxable","14":"purchasable","15":"product-type-variable","16":"wvs-archive-product-wrapper"},"_links":{"self":[{"href":"https:\/\/baldumarket.lt\/lt\/wp-json\/wp\/v2\/product\/212018","targetHints":{"allow":["GET"]}}],"collection":[{"href":"https:\/\/baldumarket.lt\/lt\/wp-json\/wp\/v2\/product"}],"about":[{"href":"https:\/\/baldumarket.lt\/lt\/wp-json\/wp\/v2\/types\/product"}],"replies":[{"embeddable":true,"href":"https:\/\/baldumarket.lt\/lt\/wp-json\/wp\/v2\/comments?post=212018"}],"wp:featuredmedia":[{"embeddable":true,"href":"https:\/\/baldumarket.lt\/lt\/wp-json\/wp\/v2\/media\/212135"}],"wp:attachment":[{"href":"https:\/\/baldumarket.lt\/lt\/wp-json\/wp\/v2\/media?parent=212018"}],"wp:term":[{"taxonomy":"product_brand","embeddable":true,"href":"https:\/\/baldumarket.lt\/lt\/wp-json\/wp\/v2\/product_brand?post=212018"},{"taxonomy":"product_cat","embeddable":true,"href":"https:\/\/baldumarket.lt\/lt\/wp-json\/wp\/v2\/product_cat?post=212018"},{"taxonomy":"product_tag","embeddable":true,"href":"https:\/\/baldumarket.lt\/lt\/wp-json\/wp\/v2\/product_tag?post=212018"}],"curies":[{"name":"wp","href":"https:\/\/api.w.org\/{rel}","templated":true}]}}