{"id":211993,"date":"2025-12-26T18:17:11","date_gmt":"2025-12-26T15:17:11","guid":{"rendered":"https:\/\/baldumarket.lt\/?post_type=product&#038;p=211993"},"modified":"2026-02-03T23:15:42","modified_gmt":"2026-02-03T20:15:42","slug":"lozko-kontynentalne-puerto-120x200-tapicerowane-materac-topper-pojemnik","status":"publish","type":"product","link":"https:\/\/baldumarket.lt\/lt\/product\/lozko-kontynentalne-puerto-120x200-tapicerowane-materac-topper-pojemnik\/","title":{"rendered":"Puerto kontinentin\u0117 lova 120\u00d7200, apmu\u0161ta, \u010diu\u017einys, \u010diu\u017einuko u\u017etiesalas, konteineris"},"content":{"rendered":"<p>\u201ePrato\u201c kontinentin\u0117 lova \u2013 tai tobulas klasikinio dizaino ir moderni\u0173 sprendim\u0173 derinys, patenkinsiantis net ir reikliausi\u0173 vartotoj\u0173 l\u016bkes\u010dius. \u0160is modelis \u2013 tikras miegamojo bald\u0173 perlas, suteikiantis bet kokiam interjerui unikalaus stiliaus ir komforto.<\/p>","protected":false},"excerpt":{"rendered":"<p>Plotis: 122 cm<br \/>\nIlgis: 207 cm<br \/>\n\u016agis: 138 cm<br \/>\nMiegamasis plotas: 120 \u00d7 200 cm<br \/>\nMiegojimo auk\u0161tis: 61 cm<\/p>","protected":false},"featured_media":212118,"comment_status":"open","ping_status":"closed","template":"","meta":[],"product_brand":[],"product_cat":[505,1969,514,7271],"product_tag":[],"class_list":{"0":"post-211993","1":"product","2":"type-product","3":"status-publish","4":"has-post-thumbnail","6":"product_cat-bedroom-beds","7":"product_cat-beds-120x200","8":"product_cat-continental-beds","9":"product_cat-meble-gruszka","11":"first","12":"instock","13":"shipping-taxable","14":"purchasable","15":"product-type-variable","16":"wvs-archive-product-wrapper"},"_links":{"self":[{"href":"https:\/\/baldumarket.lt\/lt\/wp-json\/wp\/v2\/product\/211993","targetHints":{"allow":["GET"]}}],"collection":[{"href":"https:\/\/baldumarket.lt\/lt\/wp-json\/wp\/v2\/product"}],"about":[{"href":"https:\/\/baldumarket.lt\/lt\/wp-json\/wp\/v2\/types\/product"}],"replies":[{"embeddable":true,"href":"https:\/\/baldumarket.lt\/lt\/wp-json\/wp\/v2\/comments?post=211993"}],"wp:featuredmedia":[{"embeddable":true,"href":"https:\/\/baldumarket.lt\/lt\/wp-json\/wp\/v2\/media\/212118"}],"wp:attachment":[{"href":"https:\/\/baldumarket.lt\/lt\/wp-json\/wp\/v2\/media?parent=211993"}],"wp:term":[{"taxonomy":"product_brand","embeddable":true,"href":"https:\/\/baldumarket.lt\/lt\/wp-json\/wp\/v2\/product_brand?post=211993"},{"taxonomy":"product_cat","embeddable":true,"href":"https:\/\/baldumarket.lt\/lt\/wp-json\/wp\/v2\/product_cat?post=211993"},{"taxonomy":"product_tag","embeddable":true,"href":"https:\/\/baldumarket.lt\/lt\/wp-json\/wp\/v2\/product_tag?post=211993"}],"curies":[{"name":"wp","href":"https:\/\/api.w.org\/{rel}","templated":true}]}}