{"id":211982,"date":"2025-12-26T18:16:42","date_gmt":"2025-12-26T15:16:42","guid":{"rendered":"https:\/\/baldumarket.lt\/?post_type=product&#038;p=211982"},"modified":"2026-02-03T23:15:42","modified_gmt":"2026-02-03T20:15:42","slug":"lozko-kontynentalne-puerto-160x200-tapicerowane-materac-topper-pojemnik","status":"publish","type":"product","link":"https:\/\/baldumarket.lt\/lt\/product\/lozko-kontynentalne-puerto-160x200-tapicerowane-materac-topper-pojemnik\/","title":{"rendered":"Puerto kontinentin\u0117 lova 160\u00d7200, apmu\u0161ta, \u010diu\u017einys, \u010diu\u017einuko u\u017etiesalas, konteineris"},"content":{"rendered":"<p>\u201ePuerto\u201c 160 \u00d7 200 cm kontinentin\u0117 lova pagaminta i\u0161 auk\u0161\u010diausios kokyb\u0117s med\u017eiag\u0173 ir pasi\u017eymi kruop\u0161\u010diu d\u0117mesiu detal\u0117ms. Galv\u016bgalis puo\u0161tas simetri\u0161komis si\u016bl\u0117mis, pasi\u017eymin\u010diomis i\u0161skirtiniu rombo ra\u0161tu, kurio susikertan\u010dios linijos puo\u0161tos kristalais. Galv\u016bgalio vir\u0161utin\u0117 dalis pasi\u017eymi i\u0161skirtine arka, kuri kartu su dygsniavimu, kristalais ir dekoratyviniu chromuotu pagrindu sukuria darni\u0105 visum\u0105, suteikian\u010di\u0105 kambariui \u017eavesio. Lovos apa\u010dioje yra du patalyn\u0117s skyriai. J\u0173 atidarym\u0105 palengvina automatiniai spyruokliniai mechanizmai, kurie pakelia ki\u0161enini\u0173 spyruokli\u0173 \u010diu\u017einius. Lovos vir\u0161uje yra putplas\u010dio \u010diu\u017einio u\u017etiesalas. \u0160is komplektas gaminamas pagal u\u017esakym\u0105 ir gali b\u016bti surinktas naudojant plat\u0173 audini\u0173 pavyzd\u017ei\u0173 pasirinkim\u0105, kur\u012f galite rasti m\u016bs\u0173 parduotuv\u0117je.<\/p>","protected":false},"excerpt":{"rendered":"<p>Plotis: 162 cm<br \/>\nIlgis: 207 cm<br \/>\n\u016agis: 138 cm<br \/>\nMiegamoji erdv\u0117: 160 \u00d7 200 cm<br \/>\nMiegojimo auk\u0161tis: 61 cm<\/p>","protected":false},"featured_media":212100,"comment_status":"open","ping_status":"closed","template":"","meta":[],"product_brand":[],"product_cat":[505,1971,514,7271],"product_tag":[],"class_list":{"0":"post-211982","1":"product","2":"type-product","3":"status-publish","4":"has-post-thumbnail","6":"product_cat-bedroom-beds","7":"product_cat-beds-160x200","8":"product_cat-continental-beds","9":"product_cat-meble-gruszka","11":"first","12":"instock","13":"shipping-taxable","14":"purchasable","15":"product-type-variable","16":"wvs-archive-product-wrapper"},"_links":{"self":[{"href":"https:\/\/baldumarket.lt\/lt\/wp-json\/wp\/v2\/product\/211982","targetHints":{"allow":["GET"]}}],"collection":[{"href":"https:\/\/baldumarket.lt\/lt\/wp-json\/wp\/v2\/product"}],"about":[{"href":"https:\/\/baldumarket.lt\/lt\/wp-json\/wp\/v2\/types\/product"}],"replies":[{"embeddable":true,"href":"https:\/\/baldumarket.lt\/lt\/wp-json\/wp\/v2\/comments?post=211982"}],"wp:featuredmedia":[{"embeddable":true,"href":"https:\/\/baldumarket.lt\/lt\/wp-json\/wp\/v2\/media\/212100"}],"wp:attachment":[{"href":"https:\/\/baldumarket.lt\/lt\/wp-json\/wp\/v2\/media?parent=211982"}],"wp:term":[{"taxonomy":"product_brand","embeddable":true,"href":"https:\/\/baldumarket.lt\/lt\/wp-json\/wp\/v2\/product_brand?post=211982"},{"taxonomy":"product_cat","embeddable":true,"href":"https:\/\/baldumarket.lt\/lt\/wp-json\/wp\/v2\/product_cat?post=211982"},{"taxonomy":"product_tag","embeddable":true,"href":"https:\/\/baldumarket.lt\/lt\/wp-json\/wp\/v2\/product_tag?post=211982"}],"curies":[{"name":"wp","href":"https:\/\/api.w.org\/{rel}","templated":true}]}}