{"id":211919,"date":"2025-12-26T18:14:19","date_gmt":"2025-12-26T15:14:19","guid":{"rendered":"https:\/\/baldumarket.lt\/?post_type=product&#038;p=211919"},"modified":"2026-02-03T23:15:43","modified_gmt":"2026-02-03T20:15:43","slug":"lozko-kontynentalne-rico-200x200-tapicerowane-materac-topper-pojemnik","status":"publish","type":"product","link":"https:\/\/baldumarket.lt\/lt\/product\/lozko-kontynentalne-rico-200x200-tapicerowane-materac-topper-pojemnik\/","title":{"rendered":"Rico kontinentin\u0117 lova 200\u00d7200, apmu\u0161ta, \u010diu\u017einys, \u010diu\u017einuko u\u017etiesalas, konteineris"},"content":{"rendered":"<p>\u201eRico\u201c 200\u00d7200 cm kontinentin\u0117 lova \u2013 puikus sprendimas ie\u0161kantiems erdvaus, patogaus ir stilingo miegamojo baldo. Lenk\u0173 gamintojas \u201eGruszka Meble\u201c derina modern\u0173 dizain\u0105 su prakti\u0161komis savyb\u0117mis, kurios pagerina miego komfort\u0105 ir kasdien\u012f naudojim\u0105. \u201eRico\u201c modelis turi du patalyn\u0117s skyrius su \u0161oniniu atidarymo sistema, kuriuose yra daug vietos patalynei, antklod\u0117ms ir kitiems tekstil\u0117s gaminiams laikyti. Spyruokliniai automatiniai mechanizmai leid\u017eia greitai ir lengvai atidaryti skyrius, tod\u0117l lengva i\u0161naudoti papildom\u0105 erdv\u0119.<\/p>","protected":false},"excerpt":{"rendered":"<p>Plotis: 204 cm<br \/>\nIlgis: 208 cm<br \/>\nAuk\u0161tis: 103 cm<br \/>\nMiegamasis plotas: 200 \u00d7 200 cm<br \/>\nMiegojimo auk\u0161tis: 52 cm<\/p>","protected":false},"featured_media":212039,"comment_status":"open","ping_status":"closed","template":"","meta":[],"product_brand":[],"product_cat":[505,9143,514,7271],"product_tag":[],"class_list":{"0":"post-211919","1":"product","2":"type-product","3":"status-publish","4":"has-post-thumbnail","6":"product_cat-bedroom-beds","7":"product_cat-beds-200x200","8":"product_cat-continental-beds","9":"product_cat-meble-gruszka","11":"first","12":"instock","13":"shipping-taxable","14":"purchasable","15":"product-type-variable","16":"wvs-archive-product-wrapper"},"_links":{"self":[{"href":"https:\/\/baldumarket.lt\/lt\/wp-json\/wp\/v2\/product\/211919","targetHints":{"allow":["GET"]}}],"collection":[{"href":"https:\/\/baldumarket.lt\/lt\/wp-json\/wp\/v2\/product"}],"about":[{"href":"https:\/\/baldumarket.lt\/lt\/wp-json\/wp\/v2\/types\/product"}],"replies":[{"embeddable":true,"href":"https:\/\/baldumarket.lt\/lt\/wp-json\/wp\/v2\/comments?post=211919"}],"wp:featuredmedia":[{"embeddable":true,"href":"https:\/\/baldumarket.lt\/lt\/wp-json\/wp\/v2\/media\/212039"}],"wp:attachment":[{"href":"https:\/\/baldumarket.lt\/lt\/wp-json\/wp\/v2\/media?parent=211919"}],"wp:term":[{"taxonomy":"product_brand","embeddable":true,"href":"https:\/\/baldumarket.lt\/lt\/wp-json\/wp\/v2\/product_brand?post=211919"},{"taxonomy":"product_cat","embeddable":true,"href":"https:\/\/baldumarket.lt\/lt\/wp-json\/wp\/v2\/product_cat?post=211919"},{"taxonomy":"product_tag","embeddable":true,"href":"https:\/\/baldumarket.lt\/lt\/wp-json\/wp\/v2\/product_tag?post=211919"}],"curies":[{"name":"wp","href":"https:\/\/api.w.org\/{rel}","templated":true}]}}