{"id":211903,"date":"2025-12-26T18:13:32","date_gmt":"2025-12-26T15:13:32","guid":{"rendered":"https:\/\/baldumarket.lt\/?post_type=product&#038;p=211903"},"modified":"2026-02-03T23:15:44","modified_gmt":"2026-02-03T20:15:44","slug":"lozko-kontynentalne-roma-120x200-tapicerowane-materac-topper-pojemnik","status":"publish","type":"product","link":"https:\/\/baldumarket.lt\/lt\/product\/lozko-kontynentalne-roma-120x200-tapicerowane-materac-topper-pojemnik\/","title":{"rendered":"\u201eRoma\u201c kontinentin\u0117 lova 120\u00d7200, apmu\u0161ta, \u010diu\u017einys, \u010diu\u017einuko u\u017etiesalas, konteineris"},"content":{"rendered":"<p>Atraskite unikali\u0105 lenk\u0173 gamintojo \u201eGruszka Meble\u201c kontinentin\u0119 lov\u0105 \u201eRoma\u201c \u2013 model\u012f, sukurt\u0105 klientams, ie\u0161kantiems tobulo prabangios i\u0161vaizdos, patogaus miego ir prakti\u0161k\u0173 sprendim\u0173 derinio. Sukurta \u017eavingo stiliaus, \u201eRoma\u201c lova puikiai tinka eleganti\u0161kam ir moderniam miegamajam. I\u0161skirtinis \u201eRoma\u201c lovos bruo\u017eas \u2013 mink\u0161tas kri\u0161toliniais dygsniais puo\u0161tas galv\u016bgalis, kuris ne tik suteikia i\u0161skirtin\u0117s elegancijos, bet ir suteikia patogi\u0105 atram\u0105 atsipalaidavus. Prabangus dygsniavimas sukuria prabangos efekt\u0105 ir traukia d\u0117mes\u012f, tod\u0117l \u0161i lova tampa bet kurio miegamojo dizaino traukos centru.<\/p>","protected":false},"excerpt":{"rendered":"<p>Plotis: 120 cm<br \/>\nIlgis: 213 cm<br \/>\nAuk\u0161tis: 130 cm<br \/>\nMiegamasis plotas: 120 \u00d7 200 cm<br \/>\nMiegojimo auk\u0161tis: 72 cm<\/p>","protected":false},"featured_media":212028,"comment_status":"open","ping_status":"closed","template":"","meta":[],"product_brand":[],"product_cat":[505,1969,514,7271],"product_tag":[],"class_list":{"0":"post-211903","1":"product","2":"type-product","3":"status-publish","4":"has-post-thumbnail","6":"product_cat-bedroom-beds","7":"product_cat-beds-120x200","8":"product_cat-continental-beds","9":"product_cat-meble-gruszka","11":"first","12":"instock","13":"shipping-taxable","14":"purchasable","15":"product-type-variable","16":"wvs-archive-product-wrapper"},"_links":{"self":[{"href":"https:\/\/baldumarket.lt\/lt\/wp-json\/wp\/v2\/product\/211903","targetHints":{"allow":["GET"]}}],"collection":[{"href":"https:\/\/baldumarket.lt\/lt\/wp-json\/wp\/v2\/product"}],"about":[{"href":"https:\/\/baldumarket.lt\/lt\/wp-json\/wp\/v2\/types\/product"}],"replies":[{"embeddable":true,"href":"https:\/\/baldumarket.lt\/lt\/wp-json\/wp\/v2\/comments?post=211903"}],"wp:featuredmedia":[{"embeddable":true,"href":"https:\/\/baldumarket.lt\/lt\/wp-json\/wp\/v2\/media\/212028"}],"wp:attachment":[{"href":"https:\/\/baldumarket.lt\/lt\/wp-json\/wp\/v2\/media?parent=211903"}],"wp:term":[{"taxonomy":"product_brand","embeddable":true,"href":"https:\/\/baldumarket.lt\/lt\/wp-json\/wp\/v2\/product_brand?post=211903"},{"taxonomy":"product_cat","embeddable":true,"href":"https:\/\/baldumarket.lt\/lt\/wp-json\/wp\/v2\/product_cat?post=211903"},{"taxonomy":"product_tag","embeddable":true,"href":"https:\/\/baldumarket.lt\/lt\/wp-json\/wp\/v2\/product_tag?post=211903"}],"curies":[{"name":"wp","href":"https:\/\/api.w.org\/{rel}","templated":true}]}}