{"id":211867,"date":"2025-12-26T18:12:12","date_gmt":"2025-12-26T15:12:12","guid":{"rendered":"https:\/\/baldumarket.lt\/?post_type=product&#038;p=211867"},"modified":"2026-02-03T23:15:44","modified_gmt":"2026-02-03T20:15:44","slug":"lozko-kontynentalne-roma-200x200-tapicerowane-materac-topper-pojemnik","status":"publish","type":"product","link":"https:\/\/baldumarket.lt\/lt\/product\/lozko-kontynentalne-roma-200x200-tapicerowane-materac-topper-pojemnik\/","title":{"rendered":"\u201eRoma\u201c kontinentin\u0117 lova 200\u00d7200, apmu\u0161ta, \u010diu\u017einys, \u010diu\u017einuko u\u017etiesalas, konteineris"},"content":{"rendered":"<p>Svajoni\u0173 miegamasis prasideda nuo lovos. Jei vertinate erdv\u0119, elegancij\u0105 ir funkcionalum\u0105, Lenkijos gamintojo \u201eGruszka Meble\u201c kontinentin\u0117 lova \u201eRoma\u201c 200\u00d7200 cm yra pasirinkimas, kuris pateisins visus j\u016bs\u0173 l\u016bkes\u010dius. \u0160is unikalus modelis pasi\u017eymi \u017eavingu dizainu, ry\u0161kiu kristalais puo\u0161tu galv\u016bgaliu, dviem \u0161oniniais atidaromais patalyn\u0117s skyriais ir trij\u0173 sluoksni\u0173 konstrukcija, u\u017etikrinan\u010dia maksimal\u0173 miego komfort\u0105.<\/p>","protected":false},"excerpt":{"rendered":"<p>Plotis: 200 cm<br \/>\nIlgis: 213 cm<br \/>\nAuk\u0161tis: 130 cm<br \/>\nMiegamasis plotas: 200 \u00d7 200 cm<br \/>\nMiegojimo auk\u0161tis: 72 cm<\/p>","protected":false},"featured_media":211994,"comment_status":"open","ping_status":"closed","template":"","meta":[],"product_brand":[],"product_cat":[505,9143,514,7271],"product_tag":[],"class_list":{"0":"post-211867","1":"product","2":"type-product","3":"status-publish","4":"has-post-thumbnail","6":"product_cat-bedroom-beds","7":"product_cat-beds-200x200","8":"product_cat-continental-beds","9":"product_cat-meble-gruszka","11":"first","12":"instock","13":"shipping-taxable","14":"purchasable","15":"product-type-variable","16":"wvs-archive-product-wrapper"},"_links":{"self":[{"href":"https:\/\/baldumarket.lt\/lt\/wp-json\/wp\/v2\/product\/211867","targetHints":{"allow":["GET"]}}],"collection":[{"href":"https:\/\/baldumarket.lt\/lt\/wp-json\/wp\/v2\/product"}],"about":[{"href":"https:\/\/baldumarket.lt\/lt\/wp-json\/wp\/v2\/types\/product"}],"replies":[{"embeddable":true,"href":"https:\/\/baldumarket.lt\/lt\/wp-json\/wp\/v2\/comments?post=211867"}],"wp:featuredmedia":[{"embeddable":true,"href":"https:\/\/baldumarket.lt\/lt\/wp-json\/wp\/v2\/media\/211994"}],"wp:attachment":[{"href":"https:\/\/baldumarket.lt\/lt\/wp-json\/wp\/v2\/media?parent=211867"}],"wp:term":[{"taxonomy":"product_brand","embeddable":true,"href":"https:\/\/baldumarket.lt\/lt\/wp-json\/wp\/v2\/product_brand?post=211867"},{"taxonomy":"product_cat","embeddable":true,"href":"https:\/\/baldumarket.lt\/lt\/wp-json\/wp\/v2\/product_cat?post=211867"},{"taxonomy":"product_tag","embeddable":true,"href":"https:\/\/baldumarket.lt\/lt\/wp-json\/wp\/v2\/product_tag?post=211867"}],"curies":[{"name":"wp","href":"https:\/\/api.w.org\/{rel}","templated":true}]}}