{"id":211813,"date":"2025-12-26T18:10:13","date_gmt":"2025-12-26T15:10:13","guid":{"rendered":"https:\/\/baldumarket.lt\/?post_type=product&#038;p=211813"},"modified":"2026-02-03T23:15:45","modified_gmt":"2026-02-03T20:15:45","slug":"lozko-kontynentalne-salsa-120x200-tapicerowane-materac-topper-pojemnik","status":"publish","type":"product","link":"https:\/\/baldumarket.lt\/lt\/product\/lozko-kontynentalne-salsa-120x200-tapicerowane-materac-topper-pojemnik\/","title":{"rendered":"Salsa kontinentin\u0117 lova 120\u00d7200, apmu\u0161ta, \u010diu\u017einys, \u010diu\u017einuko u\u017etiesalas, konteineris"},"content":{"rendered":"<p>\u201eSalsa\u201c 120 \u00d7 200 cm lova \u2013 puikus pasirinkimas ie\u0161kantiems baldo, kuris derint\u0173 modern\u0173 dizain\u0105, komfort\u0105 ir funkcionalum\u0105. \u0160is modelis puikiai tinka ma\u017eam miegamajam, jaunimo kambariui ar sve\u010di\u0173 kambariui, nes si\u016blo ne tik patog\u0173 mieg\u0105, bet ir viet\u0105 daiktams susid\u0117ti. Joje yra du \u0161oniniai atsidarantys patalyn\u0117s skyriai, kuriuose lengvai telpa antklod\u0117s, patalyn\u0117s komplektai, pagalv\u0117s ar sezoniniai drabu\u017eiai. Automatin\u0117 spyruoklin\u0117 pak\u0117limo sistema leid\u017eia prieiti prie lovos nepaprastai paprastai ir patogiai \u2013 nereikia daug j\u0117gos.<\/p>","protected":false},"excerpt":{"rendered":"<p>Plotis: 124 cm<br \/>\nIlgis: 208 cm<br \/>\nAuk\u0161tis: 103 cm<br \/>\nMiegamasis plotas: 120 \u00d7 200 cm<br \/>\nMiegamosios dalies auk\u0161tis: 52 cm<\/p>","protected":false},"featured_media":211938,"comment_status":"open","ping_status":"closed","template":"","meta":[],"product_brand":[],"product_cat":[505,1969,514,7271],"product_tag":[],"class_list":{"0":"post-211813","1":"product","2":"type-product","3":"status-publish","4":"has-post-thumbnail","6":"product_cat-bedroom-beds","7":"product_cat-beds-120x200","8":"product_cat-continental-beds","9":"product_cat-meble-gruszka","11":"first","12":"instock","13":"shipping-taxable","14":"purchasable","15":"product-type-variable","16":"wvs-archive-product-wrapper"},"_links":{"self":[{"href":"https:\/\/baldumarket.lt\/lt\/wp-json\/wp\/v2\/product\/211813","targetHints":{"allow":["GET"]}}],"collection":[{"href":"https:\/\/baldumarket.lt\/lt\/wp-json\/wp\/v2\/product"}],"about":[{"href":"https:\/\/baldumarket.lt\/lt\/wp-json\/wp\/v2\/types\/product"}],"replies":[{"embeddable":true,"href":"https:\/\/baldumarket.lt\/lt\/wp-json\/wp\/v2\/comments?post=211813"}],"wp:featuredmedia":[{"embeddable":true,"href":"https:\/\/baldumarket.lt\/lt\/wp-json\/wp\/v2\/media\/211938"}],"wp:attachment":[{"href":"https:\/\/baldumarket.lt\/lt\/wp-json\/wp\/v2\/media?parent=211813"}],"wp:term":[{"taxonomy":"product_brand","embeddable":true,"href":"https:\/\/baldumarket.lt\/lt\/wp-json\/wp\/v2\/product_brand?post=211813"},{"taxonomy":"product_cat","embeddable":true,"href":"https:\/\/baldumarket.lt\/lt\/wp-json\/wp\/v2\/product_cat?post=211813"},{"taxonomy":"product_tag","embeddable":true,"href":"https:\/\/baldumarket.lt\/lt\/wp-json\/wp\/v2\/product_tag?post=211813"}],"curies":[{"name":"wp","href":"https:\/\/api.w.org\/{rel}","templated":true}]}}