{"id":211750,"date":"2025-12-26T18:07:27","date_gmt":"2025-12-26T15:07:27","guid":{"rendered":"https:\/\/baldumarket.lt\/?post_type=product&#038;p=211750"},"modified":"2026-02-03T23:15:46","modified_gmt":"2026-02-03T20:15:46","slug":"lozko-kontynentalne-sora-160x200-tapicerowane-materac-topper-pojemnik","status":"publish","type":"product","link":"https:\/\/baldumarket.lt\/lt\/product\/lozko-kontynentalne-sora-160x200-tapicerowane-materac-topper-pojemnik\/","title":{"rendered":"Sora kontinentin\u0117 lova 160\u00d7200, apmu\u0161ta, \u010diu\u017einys, \u010diu\u017einuko u\u017etiesalas, konteineris"},"content":{"rendered":"<p>Kontinentin\u0117 lova \u201eSora 160\u00d7200 cm\u201c \u2013 puikus pasirinkimas tiems, kurie vertina miego komfort\u0105, modern\u0173 dizain\u0105 ir prakti\u0161kus sprendimus. \u0160is lenk\u0173 gamintojo \u201eGruszka Meble\u201c modelis derina auk\u0161t\u0105 meistri\u0161kum\u0105 ir funkcionalum\u0105, puikiai tinka tiek vidutinio dyd\u017eio, tiek didesniems miegamiesiems. Lova \u201eSora\u201c, turinti du patalyn\u0117s skyrius su \u0161oniniu atidarymo sistema, suteikia vietos patalynei, antklod\u0117ms ir kitiems tekstil\u0117s gaminiams laikyti. Tai palengvina tvark\u0105 miegamajame, o papildoma daikt\u0173 laikymo vieta padidina baldo funkcionalum\u0105.<\/p>","protected":false},"excerpt":{"rendered":"<p>Plotis: 164 cm<br \/>\nIlgis: 208 cm<br \/>\nAuk\u0161tis: 103 cm<br \/>\nMiegamoji erdv\u0117: 160 \u00d7 200 cm<br \/>\nMiegojimo auk\u0161tis: 52 cm<\/p>","protected":false},"featured_media":211875,"comment_status":"open","ping_status":"closed","template":"","meta":[],"product_brand":[],"product_cat":[505,1971,514,7271],"product_tag":[],"class_list":{"0":"post-211750","1":"product","2":"type-product","3":"status-publish","4":"has-post-thumbnail","6":"product_cat-bedroom-beds","7":"product_cat-beds-160x200","8":"product_cat-continental-beds","9":"product_cat-meble-gruszka","11":"first","12":"instock","13":"shipping-taxable","14":"purchasable","15":"product-type-variable","16":"wvs-archive-product-wrapper"},"_links":{"self":[{"href":"https:\/\/baldumarket.lt\/lt\/wp-json\/wp\/v2\/product\/211750","targetHints":{"allow":["GET"]}}],"collection":[{"href":"https:\/\/baldumarket.lt\/lt\/wp-json\/wp\/v2\/product"}],"about":[{"href":"https:\/\/baldumarket.lt\/lt\/wp-json\/wp\/v2\/types\/product"}],"replies":[{"embeddable":true,"href":"https:\/\/baldumarket.lt\/lt\/wp-json\/wp\/v2\/comments?post=211750"}],"wp:featuredmedia":[{"embeddable":true,"href":"https:\/\/baldumarket.lt\/lt\/wp-json\/wp\/v2\/media\/211875"}],"wp:attachment":[{"href":"https:\/\/baldumarket.lt\/lt\/wp-json\/wp\/v2\/media?parent=211750"}],"wp:term":[{"taxonomy":"product_brand","embeddable":true,"href":"https:\/\/baldumarket.lt\/lt\/wp-json\/wp\/v2\/product_brand?post=211750"},{"taxonomy":"product_cat","embeddable":true,"href":"https:\/\/baldumarket.lt\/lt\/wp-json\/wp\/v2\/product_cat?post=211750"},{"taxonomy":"product_tag","embeddable":true,"href":"https:\/\/baldumarket.lt\/lt\/wp-json\/wp\/v2\/product_tag?post=211750"}],"curies":[{"name":"wp","href":"https:\/\/api.w.org\/{rel}","templated":true}]}}