{"id":211741,"date":"2025-12-26T18:06:57","date_gmt":"2025-12-26T15:06:57","guid":{"rendered":"https:\/\/baldumarket.lt\/?post_type=product&#038;p=211741"},"modified":"2026-02-03T23:15:47","modified_gmt":"2026-02-03T20:15:47","slug":"lozko-kontynentalne-sora-180x200-tapicerowane-materac-topper-pojemnik","status":"publish","type":"product","link":"https:\/\/baldumarket.lt\/lt\/product\/lozko-kontynentalne-sora-180x200-tapicerowane-materac-topper-pojemnik\/","title":{"rendered":"Sora kontinentin\u0117 lova 180\u00d7200, apmu\u0161ta, \u010diu\u017einys, \u010diu\u017einuko u\u017etiesalas, konteineris"},"content":{"rendered":"<p>\u201eSora\u201c 180\u00d7200 cm kontinentin\u0117 lova \u2013 puikus sprendimas ie\u0161kantiems patogios, erdvios lovos su moderniu dizainu ir funkcionaliomis savyb\u0117mis. \u0160is garsaus Lenkijos gamintojo \u201eGruszka Meble\u201c modelis derina elegancij\u0105 ir prakti\u0161kum\u0105, puikiai papildydamas didesni\u0173 miegam\u0173j\u0173 dizain\u0105. Lova \u201eSora\u201c, turinti du patalyn\u0117s skyrius su \u0161oniniu atidarymo sistema, suteikia papildomos vietos antklod\u0117ms, pagalv\u0117ms ir kitiems tekstil\u0117s gaminiams laikyti, tod\u0117l lengviau palaikyti tvark\u0105 ir maksimaliai i\u0161naudoti miegamojo erdv\u0119.<\/p>","protected":false},"excerpt":{"rendered":"<p>Plotis: 184 cm<br \/>\nIlgis: 208 cm<br \/>\nAuk\u0161tis: 103 cm<br \/>\nMiegamoji erdv\u0117: 180 \u00d7 200 cm<br \/>\nMiegojimo auk\u0161tis: 52 cm<\/p>","protected":false},"featured_media":211868,"comment_status":"open","ping_status":"closed","template":"","meta":[],"product_brand":[],"product_cat":[505,1972,514,7271],"product_tag":[],"class_list":{"0":"post-211741","1":"product","2":"type-product","3":"status-publish","4":"has-post-thumbnail","6":"product_cat-bedroom-beds","7":"product_cat-beds-180x200","8":"product_cat-continental-beds","9":"product_cat-meble-gruszka","11":"first","12":"instock","13":"shipping-taxable","14":"purchasable","15":"product-type-variable","16":"wvs-archive-product-wrapper"},"_links":{"self":[{"href":"https:\/\/baldumarket.lt\/lt\/wp-json\/wp\/v2\/product\/211741","targetHints":{"allow":["GET"]}}],"collection":[{"href":"https:\/\/baldumarket.lt\/lt\/wp-json\/wp\/v2\/product"}],"about":[{"href":"https:\/\/baldumarket.lt\/lt\/wp-json\/wp\/v2\/types\/product"}],"replies":[{"embeddable":true,"href":"https:\/\/baldumarket.lt\/lt\/wp-json\/wp\/v2\/comments?post=211741"}],"wp:featuredmedia":[{"embeddable":true,"href":"https:\/\/baldumarket.lt\/lt\/wp-json\/wp\/v2\/media\/211868"}],"wp:attachment":[{"href":"https:\/\/baldumarket.lt\/lt\/wp-json\/wp\/v2\/media?parent=211741"}],"wp:term":[{"taxonomy":"product_brand","embeddable":true,"href":"https:\/\/baldumarket.lt\/lt\/wp-json\/wp\/v2\/product_brand?post=211741"},{"taxonomy":"product_cat","embeddable":true,"href":"https:\/\/baldumarket.lt\/lt\/wp-json\/wp\/v2\/product_cat?post=211741"},{"taxonomy":"product_tag","embeddable":true,"href":"https:\/\/baldumarket.lt\/lt\/wp-json\/wp\/v2\/product_tag?post=211741"}],"curies":[{"name":"wp","href":"https:\/\/api.w.org\/{rel}","templated":true}]}}