{"id":211739,"date":"2025-12-26T18:06:54","date_gmt":"2025-12-26T15:06:54","guid":{"rendered":"https:\/\/baldumarket.lt\/?post_type=product&#038;p=211739"},"modified":"2026-02-03T23:15:47","modified_gmt":"2026-02-03T20:15:47","slug":"lozko-kontynentalne-sora-200x200-tapicerowane-materac-topper-pojemnik","status":"publish","type":"product","link":"https:\/\/baldumarket.lt\/lt\/product\/lozko-kontynentalne-sora-200x200-tapicerowane-materac-topper-pojemnik\/","title":{"rendered":"Sora kontinentin\u0117 lova 200\u00d7200, apmu\u0161ta, \u010diu\u017einys, \u010diu\u017einuko u\u017etiesalas, konteineris"},"content":{"rendered":"<p>\u201eSora\u201c 200\u00d7200 cm kontinentin\u0117 lova \u2013 idealus pasirinkimas tiems, kurie vertina komfort\u0105, erdv\u0119 ir eleganti\u0161k\u0105 dizain\u0105. \u0160is lenk\u0173 gamintojo \u201eGruszka Meble\u201c modelis derina moderni\u0105 estetik\u0105 su prakti\u0161kais sprendimais, kurie padidina komfort\u0105 ir supaprastina erdv\u0117s organizavim\u0105 dideliame miegamajame. Lova turi du patalyn\u0117s skyrius su \u0161oniniu atidarymo sistema, kuriuose yra daug vietos antklod\u0117ms, pagalv\u0117ms ir kitiems tekstil\u0117s gaminiams laikyti. \u0160is prakti\u0161kas sprendimas padeda palaikyti tvark\u0105 ir optimizuoti miegamojo erdv\u0119.<\/p>","protected":false},"excerpt":{"rendered":"<p>Plotis: 204 cm<br \/>\nIlgis: 208 cm<br \/>\nAuk\u0161tis: 103 cm<br \/>\nMiegamasis plotas: 200 \u00d7 200 cm<br \/>\nMiegojimo auk\u0161tis: 52 cm<\/p>","protected":false},"featured_media":211857,"comment_status":"open","ping_status":"closed","template":"","meta":[],"product_brand":[],"product_cat":[505,9143,514,7271],"product_tag":[],"class_list":{"0":"post-211739","1":"product","2":"type-product","3":"status-publish","4":"has-post-thumbnail","6":"product_cat-bedroom-beds","7":"product_cat-beds-200x200","8":"product_cat-continental-beds","9":"product_cat-meble-gruszka","11":"first","12":"instock","13":"shipping-taxable","14":"purchasable","15":"product-type-variable","16":"wvs-archive-product-wrapper"},"_links":{"self":[{"href":"https:\/\/baldumarket.lt\/lt\/wp-json\/wp\/v2\/product\/211739","targetHints":{"allow":["GET"]}}],"collection":[{"href":"https:\/\/baldumarket.lt\/lt\/wp-json\/wp\/v2\/product"}],"about":[{"href":"https:\/\/baldumarket.lt\/lt\/wp-json\/wp\/v2\/types\/product"}],"replies":[{"embeddable":true,"href":"https:\/\/baldumarket.lt\/lt\/wp-json\/wp\/v2\/comments?post=211739"}],"wp:featuredmedia":[{"embeddable":true,"href":"https:\/\/baldumarket.lt\/lt\/wp-json\/wp\/v2\/media\/211857"}],"wp:attachment":[{"href":"https:\/\/baldumarket.lt\/lt\/wp-json\/wp\/v2\/media?parent=211739"}],"wp:term":[{"taxonomy":"product_brand","embeddable":true,"href":"https:\/\/baldumarket.lt\/lt\/wp-json\/wp\/v2\/product_brand?post=211739"},{"taxonomy":"product_cat","embeddable":true,"href":"https:\/\/baldumarket.lt\/lt\/wp-json\/wp\/v2\/product_cat?post=211739"},{"taxonomy":"product_tag","embeddable":true,"href":"https:\/\/baldumarket.lt\/lt\/wp-json\/wp\/v2\/product_tag?post=211739"}],"curies":[{"name":"wp","href":"https:\/\/api.w.org\/{rel}","templated":true}]}}