{"id":211685,"date":"2025-12-26T18:04:46","date_gmt":"2025-12-26T15:04:46","guid":{"rendered":"https:\/\/baldumarket.lt\/?post_type=product&#038;p=211685"},"modified":"2026-02-03T23:15:48","modified_gmt":"2026-02-03T20:15:48","slug":"lozko-kontynentalne-tango-1-z-oswietleniem-120x200-tapicerowane-materace-topper-pojemnik","status":"publish","type":"product","link":"https:\/\/baldumarket.lt\/lt\/product\/lozko-kontynentalne-tango-1-z-oswietleniem-120x200-tapicerowane-materace-topper-pojemnik\/","title":{"rendered":"Tango 1 kontinentin\u0117 lova, su ap\u0161vietimu, 120\u00d7200, apmu\u0161ta, \u010diu\u017einiai, \u010diu\u017einys, konteineris"},"content":{"rendered":"<p>\u201eTango 1\u201c kontinentin\u0117 lova \u2013 modernus pasirinkimas ma\u017eesniems miegamiesiems, jaunimo kambariams ar butams. Sukurtas \u017einomo Lenkijos gamintojo \u201eGruszka Meble\u201c, \u0161is gaminys derina funkcionalum\u0105 ir rafinuot\u0105 stili\u0173.<\/p>","protected":false},"excerpt":{"rendered":"<p>Plotis: 152 cm<br \/>\nIlgis: 211 cm<br \/>\n\u016agis: 118 cm<br \/>\nMiegamasis plotas: 120 \u00d7 200 cm<br \/>\nMiegamosios dalies auk\u0161tis: 59 cm<\/p>","protected":false},"featured_media":211805,"comment_status":"open","ping_status":"closed","template":"","meta":[],"product_brand":[],"product_cat":[505,1969,514,7271],"product_tag":[],"class_list":{"0":"post-211685","1":"product","2":"type-product","3":"status-publish","4":"has-post-thumbnail","6":"product_cat-bedroom-beds","7":"product_cat-beds-120x200","8":"product_cat-continental-beds","9":"product_cat-meble-gruszka","11":"first","12":"instock","13":"shipping-taxable","14":"purchasable","15":"product-type-variable","16":"wvs-archive-product-wrapper"},"_links":{"self":[{"href":"https:\/\/baldumarket.lt\/lt\/wp-json\/wp\/v2\/product\/211685","targetHints":{"allow":["GET"]}}],"collection":[{"href":"https:\/\/baldumarket.lt\/lt\/wp-json\/wp\/v2\/product"}],"about":[{"href":"https:\/\/baldumarket.lt\/lt\/wp-json\/wp\/v2\/types\/product"}],"replies":[{"embeddable":true,"href":"https:\/\/baldumarket.lt\/lt\/wp-json\/wp\/v2\/comments?post=211685"}],"wp:featuredmedia":[{"embeddable":true,"href":"https:\/\/baldumarket.lt\/lt\/wp-json\/wp\/v2\/media\/211805"}],"wp:attachment":[{"href":"https:\/\/baldumarket.lt\/lt\/wp-json\/wp\/v2\/media?parent=211685"}],"wp:term":[{"taxonomy":"product_brand","embeddable":true,"href":"https:\/\/baldumarket.lt\/lt\/wp-json\/wp\/v2\/product_brand?post=211685"},{"taxonomy":"product_cat","embeddable":true,"href":"https:\/\/baldumarket.lt\/lt\/wp-json\/wp\/v2\/product_cat?post=211685"},{"taxonomy":"product_tag","embeddable":true,"href":"https:\/\/baldumarket.lt\/lt\/wp-json\/wp\/v2\/product_tag?post=211685"}],"curies":[{"name":"wp","href":"https:\/\/api.w.org\/{rel}","templated":true}]}}