{"id":211669,"date":"2025-12-26T18:04:04","date_gmt":"2025-12-26T15:04:04","guid":{"rendered":"https:\/\/baldumarket.lt\/?post_type=product&#038;p=211669"},"modified":"2026-02-03T23:15:48","modified_gmt":"2026-02-03T20:15:48","slug":"lozko-kontynentalne-tango-1-z-oswietleniem-140x200-tapicerowane-materace-topper-pojemnik","status":"publish","type":"product","link":"https:\/\/baldumarket.lt\/lt\/product\/lozko-kontynentalne-tango-1-z-oswietleniem-140x200-tapicerowane-materace-topper-pojemnik\/","title":{"rendered":"Tango 1 kontinentin\u0117 lova, su ap\u0161vietimu, 140\u00d7200, apmu\u0161ta, \u010diu\u017einiai, \u010diu\u017einys, konteineris"},"content":{"rendered":"<p>\u201eTango 1\u201c kontinentin\u0117 lova, kurios matmenys 140 \u00d7 200 cm, yra eleganti\u0161kas ir funkcionalus pasirinkimas i\u0161 \u017einomo Lenkijos gamintojo \u201eGruszka Meble\u201c. \u0160i moderni lova puikiai tinka vidutinio dyd\u017eio miegamiesiems, jaunimo kambariams ir stilingiems butams.<\/p>","protected":false},"excerpt":{"rendered":"<p>Plotis: 172 cm<br \/>\nIlgis: 211 cm<br \/>\n\u016agis: 118 cm<br \/>\nMiegamasis plotas: 140 \u00d7 200 cm<br \/>\nMiegojimo auk\u0161tis: 59 cm<\/p>","protected":false},"featured_media":211794,"comment_status":"open","ping_status":"closed","template":"","meta":[],"product_brand":[],"product_cat":[505,1970,514,7271],"product_tag":[],"class_list":{"0":"post-211669","1":"product","2":"type-product","3":"status-publish","4":"has-post-thumbnail","6":"product_cat-bedroom-beds","7":"product_cat-beds-140x200","8":"product_cat-continental-beds","9":"product_cat-meble-gruszka","11":"first","12":"instock","13":"shipping-taxable","14":"purchasable","15":"product-type-variable","16":"wvs-archive-product-wrapper"},"_links":{"self":[{"href":"https:\/\/baldumarket.lt\/lt\/wp-json\/wp\/v2\/product\/211669","targetHints":{"allow":["GET"]}}],"collection":[{"href":"https:\/\/baldumarket.lt\/lt\/wp-json\/wp\/v2\/product"}],"about":[{"href":"https:\/\/baldumarket.lt\/lt\/wp-json\/wp\/v2\/types\/product"}],"replies":[{"embeddable":true,"href":"https:\/\/baldumarket.lt\/lt\/wp-json\/wp\/v2\/comments?post=211669"}],"wp:featuredmedia":[{"embeddable":true,"href":"https:\/\/baldumarket.lt\/lt\/wp-json\/wp\/v2\/media\/211794"}],"wp:attachment":[{"href":"https:\/\/baldumarket.lt\/lt\/wp-json\/wp\/v2\/media?parent=211669"}],"wp:term":[{"taxonomy":"product_brand","embeddable":true,"href":"https:\/\/baldumarket.lt\/lt\/wp-json\/wp\/v2\/product_brand?post=211669"},{"taxonomy":"product_cat","embeddable":true,"href":"https:\/\/baldumarket.lt\/lt\/wp-json\/wp\/v2\/product_cat?post=211669"},{"taxonomy":"product_tag","embeddable":true,"href":"https:\/\/baldumarket.lt\/lt\/wp-json\/wp\/v2\/product_tag?post=211669"}],"curies":[{"name":"wp","href":"https:\/\/api.w.org\/{rel}","templated":true}]}}