{"id":211651,"date":"2025-12-26T18:03:25","date_gmt":"2025-12-26T15:03:25","guid":{"rendered":"https:\/\/baldumarket.lt\/?post_type=product&#038;p=211651"},"modified":"2026-02-03T23:15:48","modified_gmt":"2026-02-03T20:15:48","slug":"lozko-kontynentalne-tango-1-z-oswietleniem-180x200-tapicerowane-materace-topper-pojemnik","status":"publish","type":"product","link":"https:\/\/baldumarket.lt\/lt\/product\/lozko-kontynentalne-tango-1-z-oswietleniem-180x200-tapicerowane-materace-topper-pojemnik\/","title":{"rendered":"Tango 1 kontinentin\u0117 lova su ap\u0161vietimu, 180\u00d7200, apmu\u0161ta, \u010diu\u017einiai, \u010diu\u017einys, konteineris"},"content":{"rendered":"<p>\u201eTango 1\u201c kontinentin\u0117 lova \u2013 tai i\u0161skirtinis Lenkijos gamintojo \u201eGruszka Meble\u201c sukurtas modelis, kuriame dera funkcionalumas, stilius ir auk\u0161\u010diausia meistri\u0161kumo kokyb\u0117. Puikiai tinka erdviems miegamiesiems, butams ir moderniems interjerams.<\/p>","protected":false},"excerpt":{"rendered":"<p>Plotis: 212 cm<br \/>\nIlgis: 211 cm<br \/>\n\u016agis: 118 cm<br \/>\nMiegamoji erdv\u0117: 180 \u00d7 200 cm<br \/>\nMiegojimo auk\u0161tis: 59 cm<\/p>","protected":false},"featured_media":211776,"comment_status":"open","ping_status":"closed","template":"","meta":[],"product_brand":[],"product_cat":[505,1972,514,7271],"product_tag":[],"class_list":{"0":"post-211651","1":"product","2":"type-product","3":"status-publish","4":"has-post-thumbnail","6":"product_cat-bedroom-beds","7":"product_cat-beds-180x200","8":"product_cat-continental-beds","9":"product_cat-meble-gruszka","11":"first","12":"instock","13":"shipping-taxable","14":"purchasable","15":"product-type-variable","16":"wvs-archive-product-wrapper"},"_links":{"self":[{"href":"https:\/\/baldumarket.lt\/lt\/wp-json\/wp\/v2\/product\/211651","targetHints":{"allow":["GET"]}}],"collection":[{"href":"https:\/\/baldumarket.lt\/lt\/wp-json\/wp\/v2\/product"}],"about":[{"href":"https:\/\/baldumarket.lt\/lt\/wp-json\/wp\/v2\/types\/product"}],"replies":[{"embeddable":true,"href":"https:\/\/baldumarket.lt\/lt\/wp-json\/wp\/v2\/comments?post=211651"}],"wp:featuredmedia":[{"embeddable":true,"href":"https:\/\/baldumarket.lt\/lt\/wp-json\/wp\/v2\/media\/211776"}],"wp:attachment":[{"href":"https:\/\/baldumarket.lt\/lt\/wp-json\/wp\/v2\/media?parent=211651"}],"wp:term":[{"taxonomy":"product_brand","embeddable":true,"href":"https:\/\/baldumarket.lt\/lt\/wp-json\/wp\/v2\/product_brand?post=211651"},{"taxonomy":"product_cat","embeddable":true,"href":"https:\/\/baldumarket.lt\/lt\/wp-json\/wp\/v2\/product_cat?post=211651"},{"taxonomy":"product_tag","embeddable":true,"href":"https:\/\/baldumarket.lt\/lt\/wp-json\/wp\/v2\/product_tag?post=211651"}],"curies":[{"name":"wp","href":"https:\/\/api.w.org\/{rel}","templated":true}]}}