{"id":211629,"date":"2025-12-26T18:02:46","date_gmt":"2025-12-26T15:02:46","guid":{"rendered":"https:\/\/baldumarket.lt\/?post_type=product&#038;p=211629"},"modified":"2026-02-03T23:15:49","modified_gmt":"2026-02-03T20:15:49","slug":"lozko-kontynentalne-tango-4-z-oswietleniem-160x200-tapicerowane-materace-topper-pojemnik","status":"publish","type":"product","link":"https:\/\/baldumarket.lt\/lt\/product\/lozko-kontynentalne-tango-4-z-oswietleniem-160x200-tapicerowane-materace-topper-pojemnik\/","title":{"rendered":"Tango 4 kontinentin\u0117 lova, su ap\u0161vietimu, 160\u00d7200, apmu\u0161ta, \u010diu\u017einiai, \u010diu\u017einys, konteineris"},"content":{"rendered":"<p>\u201eTango 4\u201c kontinentin\u0117 lova, kurios matmenys 160 \u00d7 200 cm, yra idealus pasirinkimas poroms ar individualiems asmenims, vertinantiems patog\u0173 mieg\u0105 ir modern\u0173 dizain\u0105. \u0160\u012f dizain\u0105 suk\u016br\u0117 garsus Lenkijos gamintojas \u201eGruszka Meble\u201c, \u017einomas d\u0117l auk\u0161tos kokyb\u0117s meistri\u0161kumo ir funkcionali\u0173 sprendim\u0173.<\/p>","protected":false},"excerpt":{"rendered":"<p>Plotis: 192 cm<br \/>\nIlgis: 211 cm<br \/>\n\u016agis: 118 cm<br \/>\nMiegamoji erdv\u0117: 160 \u00d7 200 cm<br \/>\nMiegojimo auk\u0161tis: 59 cm<\/p>","protected":false},"featured_media":211742,"comment_status":"open","ping_status":"closed","template":"","meta":[],"product_brand":[],"product_cat":[505,1971,514,7271],"product_tag":[],"class_list":{"0":"post-211629","1":"product","2":"type-product","3":"status-publish","4":"has-post-thumbnail","6":"product_cat-bedroom-beds","7":"product_cat-beds-160x200","8":"product_cat-continental-beds","9":"product_cat-meble-gruszka","11":"first","12":"instock","13":"shipping-taxable","14":"purchasable","15":"product-type-variable","16":"wvs-archive-product-wrapper"},"_links":{"self":[{"href":"https:\/\/baldumarket.lt\/lt\/wp-json\/wp\/v2\/product\/211629","targetHints":{"allow":["GET"]}}],"collection":[{"href":"https:\/\/baldumarket.lt\/lt\/wp-json\/wp\/v2\/product"}],"about":[{"href":"https:\/\/baldumarket.lt\/lt\/wp-json\/wp\/v2\/types\/product"}],"replies":[{"embeddable":true,"href":"https:\/\/baldumarket.lt\/lt\/wp-json\/wp\/v2\/comments?post=211629"}],"wp:featuredmedia":[{"embeddable":true,"href":"https:\/\/baldumarket.lt\/lt\/wp-json\/wp\/v2\/media\/211742"}],"wp:attachment":[{"href":"https:\/\/baldumarket.lt\/lt\/wp-json\/wp\/v2\/media?parent=211629"}],"wp:term":[{"taxonomy":"product_brand","embeddable":true,"href":"https:\/\/baldumarket.lt\/lt\/wp-json\/wp\/v2\/product_brand?post=211629"},{"taxonomy":"product_cat","embeddable":true,"href":"https:\/\/baldumarket.lt\/lt\/wp-json\/wp\/v2\/product_cat?post=211629"},{"taxonomy":"product_tag","embeddable":true,"href":"https:\/\/baldumarket.lt\/lt\/wp-json\/wp\/v2\/product_tag?post=211629"}],"curies":[{"name":"wp","href":"https:\/\/api.w.org\/{rel}","templated":true}]}}