{"id":211625,"date":"2025-12-26T18:02:42","date_gmt":"2025-12-26T15:02:42","guid":{"rendered":"https:\/\/baldumarket.lt\/?post_type=product&#038;p=211625"},"modified":"2026-02-03T23:15:49","modified_gmt":"2026-02-03T20:15:49","slug":"lozko-kontynentalne-tango-4-z-oswietleniem-200x200-tapicerowane-materace-topper-pojemnik","status":"publish","type":"product","link":"https:\/\/baldumarket.lt\/lt\/product\/lozko-kontynentalne-tango-4-z-oswietleniem-200x200-tapicerowane-materace-topper-pojemnik\/","title":{"rendered":"Tango 4 kontinentin\u0117 lova, su ap\u0161vietimu, 200\u00d7200, mink\u0161ta, \u010diu\u017einiai, \u010diu\u017einys, \u010diu\u017einuko u\u017etiesalas, konteineris"},"content":{"rendered":"<p>\u201eTango 4\u201c kontinentin\u0117 lova, kurios matmenys \u2013 200 \u00d7 200 cm, \u2013 puikus pasirinkimas tiems, kurie vertina maksimal\u0173 komfort\u0105, modern\u0173 dizain\u0105 ir funkcionalum\u0105. \u0160i\u0105 prabangi\u0105, erdvi\u0105 lov\u0105 suk\u016br\u0117 garsus Lenkijos gamintojas \u201eGruszka Meble\u201c, gars\u0117jantis d\u0117mesiu kokybei ir detal\u0117ms.<\/p>","protected":false},"excerpt":{"rendered":"<p>Plotis: 232 cm<br \/>\nIlgis: 211 cm<br \/>\n\u016agis: 118 cm<br \/>\nMiegamasis plotas: 200 \u00d7 200 cm<br \/>\nMiegojimo auk\u0161tis: 59 cm<\/p>","protected":false},"featured_media":211725,"comment_status":"open","ping_status":"closed","template":"","meta":[],"product_brand":[],"product_cat":[505,9143,514,7271],"product_tag":[],"class_list":{"0":"post-211625","1":"product","2":"type-product","3":"status-publish","4":"has-post-thumbnail","6":"product_cat-bedroom-beds","7":"product_cat-beds-200x200","8":"product_cat-continental-beds","9":"product_cat-meble-gruszka","11":"first","12":"instock","13":"shipping-taxable","14":"purchasable","15":"product-type-variable","16":"wvs-archive-product-wrapper"},"_links":{"self":[{"href":"https:\/\/baldumarket.lt\/lt\/wp-json\/wp\/v2\/product\/211625","targetHints":{"allow":["GET"]}}],"collection":[{"href":"https:\/\/baldumarket.lt\/lt\/wp-json\/wp\/v2\/product"}],"about":[{"href":"https:\/\/baldumarket.lt\/lt\/wp-json\/wp\/v2\/types\/product"}],"replies":[{"embeddable":true,"href":"https:\/\/baldumarket.lt\/lt\/wp-json\/wp\/v2\/comments?post=211625"}],"wp:featuredmedia":[{"embeddable":true,"href":"https:\/\/baldumarket.lt\/lt\/wp-json\/wp\/v2\/media\/211725"}],"wp:attachment":[{"href":"https:\/\/baldumarket.lt\/lt\/wp-json\/wp\/v2\/media?parent=211625"}],"wp:term":[{"taxonomy":"product_brand","embeddable":true,"href":"https:\/\/baldumarket.lt\/lt\/wp-json\/wp\/v2\/product_brand?post=211625"},{"taxonomy":"product_cat","embeddable":true,"href":"https:\/\/baldumarket.lt\/lt\/wp-json\/wp\/v2\/product_cat?post=211625"},{"taxonomy":"product_tag","embeddable":true,"href":"https:\/\/baldumarket.lt\/lt\/wp-json\/wp\/v2\/product_tag?post=211625"}],"curies":[{"name":"wp","href":"https:\/\/api.w.org\/{rel}","templated":true}]}}