{"id":211617,"date":"2025-12-26T18:02:31","date_gmt":"2025-12-26T15:02:31","guid":{"rendered":"https:\/\/baldumarket.lt\/?post_type=product&#038;p=211617"},"modified":"2026-02-03T23:15:50","modified_gmt":"2026-02-03T20:15:50","slug":"lozko-kontynentalne-vegas-180x200-tapicerowane-materace-topper-pojemnik","status":"publish","type":"product","link":"https:\/\/baldumarket.lt\/lt\/product\/lozko-kontynentalne-vegas-180x200-tapicerowane-materace-topper-pojemnik\/","title":{"rendered":"Vegas kontinentin\u0117 lova 180\u00d7200, apmu\u0161ta, \u010diu\u017einiai, \u010diu\u017einys ant\u010diu\u017einys, konteineris"},"content":{"rendered":"<p>\u201eVegas\u201c 180\u00d7200 cm kontinentin\u0117 lova \u2013 modernus ir eleganti\u0161kas baldas, sukurtas galvojant apie erdvius miegamuosius. \u0160is unikalus garsaus Lenkijos gamintojo \u201eGruszka Meble\u201c gaminys apjungia funkcionalum\u0105, prabang\u0173 dizain\u0105 ir auk\u0161tos kokyb\u0117s meistri\u0161kum\u0105.<\/p>","protected":false},"excerpt":{"rendered":"<p>Plotis: 184 cm<br \/>\nIlgis: 208 cm<br \/>\n\u016agis: 139 cm<br \/>\nMiegamoji erdv\u0117: 180 \u00d7 200 cm<br \/>\nMiegojimo auk\u0161tis: 66 cm<\/p>","protected":false},"featured_media":211688,"comment_status":"open","ping_status":"closed","template":"","meta":[],"product_brand":[],"product_cat":[505,1972,514,7271],"product_tag":[],"class_list":{"0":"post-211617","1":"product","2":"type-product","3":"status-publish","4":"has-post-thumbnail","6":"product_cat-bedroom-beds","7":"product_cat-beds-180x200","8":"product_cat-continental-beds","9":"product_cat-meble-gruszka","11":"first","12":"instock","13":"shipping-taxable","14":"purchasable","15":"product-type-variable","16":"wvs-archive-product-wrapper"},"_links":{"self":[{"href":"https:\/\/baldumarket.lt\/lt\/wp-json\/wp\/v2\/product\/211617","targetHints":{"allow":["GET"]}}],"collection":[{"href":"https:\/\/baldumarket.lt\/lt\/wp-json\/wp\/v2\/product"}],"about":[{"href":"https:\/\/baldumarket.lt\/lt\/wp-json\/wp\/v2\/types\/product"}],"replies":[{"embeddable":true,"href":"https:\/\/baldumarket.lt\/lt\/wp-json\/wp\/v2\/comments?post=211617"}],"wp:featuredmedia":[{"embeddable":true,"href":"https:\/\/baldumarket.lt\/lt\/wp-json\/wp\/v2\/media\/211688"}],"wp:attachment":[{"href":"https:\/\/baldumarket.lt\/lt\/wp-json\/wp\/v2\/media?parent=211617"}],"wp:term":[{"taxonomy":"product_brand","embeddable":true,"href":"https:\/\/baldumarket.lt\/lt\/wp-json\/wp\/v2\/product_brand?post=211617"},{"taxonomy":"product_cat","embeddable":true,"href":"https:\/\/baldumarket.lt\/lt\/wp-json\/wp\/v2\/product_cat?post=211617"},{"taxonomy":"product_tag","embeddable":true,"href":"https:\/\/baldumarket.lt\/lt\/wp-json\/wp\/v2\/product_tag?post=211617"}],"curies":[{"name":"wp","href":"https:\/\/api.w.org\/{rel}","templated":true}]}}