{"id":211615,"date":"2025-12-26T18:02:28","date_gmt":"2025-12-26T15:02:28","guid":{"rendered":"https:\/\/baldumarket.lt\/?post_type=product&#038;p=211615"},"modified":"2026-02-03T23:15:50","modified_gmt":"2026-02-03T20:15:50","slug":"lozko-kontynentalne-vegas-200x200-tapicerowane-materace-topper-pojemnik","status":"publish","type":"product","link":"https:\/\/baldumarket.lt\/lt\/product\/lozko-kontynentalne-vegas-200x200-tapicerowane-materace-topper-pojemnik\/","title":{"rendered":"Vegas kontinentin\u0117 lova 200\u00d7200, apmu\u0161ta, \u010diu\u017einiai, \u010diu\u017einys ant\u010diu\u017einiui, konteineris"},"content":{"rendered":"<p>\u201eVegas\u201c 200\u00d7200 cm kontinentin\u0117 lova \u2013 unikalus pasirinkimas tiems, kurie vertina komfort\u0105, erdv\u0119 ir modern\u0173 dizain\u0105. Sukurta garsaus \u201eGruszka Meble\u201c prek\u0117s \u017eenklo, \u0161i lova pasi\u017eymi auk\u0161tos kokyb\u0117s meistri\u0161kumu, d\u0117mesiu detal\u0117ms ir funkcionalumu, idealiai tinka dideliems, eleganti\u0161kiems miegamiesiems. Lovos galv\u016bgalis patraukia ak\u012f d\u0117l simetri\u0161k\u0173 si\u016bli\u0173 ir dekoratyvini\u0173 auksini\u0173 smeigtuk\u0173. Eleganti\u0161k\u0105 stili\u0173 dar labiau sustiprina juodos ir auksin\u0117s spalvos kojel\u0117s, o du \u0161oniniai patalyn\u0117s skyriai daro \u0161i\u0105 lov\u0105 prakti\u0161k\u0105 ir patogi\u0105 kasdieniam naudojimui.<\/p>","protected":false},"excerpt":{"rendered":"<p>Plotis: 200 cm<br \/>\nIlgis: 208 cm<br \/>\n\u016agis: 139 cm<br \/>\nMiegamasis plotas: 200 \u00d7 200 cm<br \/>\nMiegojimo auk\u0161tis: 66 cm<\/p>","protected":false},"featured_media":211677,"comment_status":"open","ping_status":"closed","template":"","meta":[],"product_brand":[],"product_cat":[505,9143,514,7271],"product_tag":[],"class_list":{"0":"post-211615","1":"product","2":"type-product","3":"status-publish","4":"has-post-thumbnail","6":"product_cat-bedroom-beds","7":"product_cat-beds-200x200","8":"product_cat-continental-beds","9":"product_cat-meble-gruszka","11":"first","12":"instock","13":"shipping-taxable","14":"purchasable","15":"product-type-variable","16":"wvs-archive-product-wrapper"},"_links":{"self":[{"href":"https:\/\/baldumarket.lt\/lt\/wp-json\/wp\/v2\/product\/211615","targetHints":{"allow":["GET"]}}],"collection":[{"href":"https:\/\/baldumarket.lt\/lt\/wp-json\/wp\/v2\/product"}],"about":[{"href":"https:\/\/baldumarket.lt\/lt\/wp-json\/wp\/v2\/types\/product"}],"replies":[{"embeddable":true,"href":"https:\/\/baldumarket.lt\/lt\/wp-json\/wp\/v2\/comments?post=211615"}],"wp:featuredmedia":[{"embeddable":true,"href":"https:\/\/baldumarket.lt\/lt\/wp-json\/wp\/v2\/media\/211677"}],"wp:attachment":[{"href":"https:\/\/baldumarket.lt\/lt\/wp-json\/wp\/v2\/media?parent=211615"}],"wp:term":[{"taxonomy":"product_brand","embeddable":true,"href":"https:\/\/baldumarket.lt\/lt\/wp-json\/wp\/v2\/product_brand?post=211615"},{"taxonomy":"product_cat","embeddable":true,"href":"https:\/\/baldumarket.lt\/lt\/wp-json\/wp\/v2\/product_cat?post=211615"},{"taxonomy":"product_tag","embeddable":true,"href":"https:\/\/baldumarket.lt\/lt\/wp-json\/wp\/v2\/product_tag?post=211615"}],"curies":[{"name":"wp","href":"https:\/\/api.w.org\/{rel}","templated":true}]}}