{"id":211605,"date":"2025-12-26T18:02:10","date_gmt":"2025-12-26T15:02:10","guid":{"rendered":"https:\/\/baldumarket.lt\/?post_type=product&#038;p=211605"},"modified":"2026-02-03T23:15:51","modified_gmt":"2026-02-03T20:15:51","slug":"lozko-kontynentalne-venezia-200x200-tapicerowane-materace-topper-pojemnik","status":"publish","type":"product","link":"https:\/\/baldumarket.lt\/lt\/product\/lozko-kontynentalne-venezia-200x200-tapicerowane-materace-topper-pojemnik\/","title":{"rendered":"Venezia kontinentin\u0117 lova 200\u00d7200, apmu\u0161ta, \u010diu\u017einiai, \u010diu\u017einys su u\u017etiesalu, konteineris"},"content":{"rendered":"<p>200\u00d7200 cm dyd\u017eio kontinentin\u0117 lova \u201eVenezia\u201c \u2013 idealus pasirinkimas tiems, kurie vertina erdv\u0119, elegancij\u0105 ir patog\u0173 mieg\u0105. \u0160is garsaus Lenkijos gamintojo \u201eGruszka Meble\u201c modelis derina modern\u0173 dizain\u0105 su auk\u0161\u010diausios klas\u0117s baldams b\u016bdingu funkcionalumu.<\/p>","protected":false},"excerpt":{"rendered":"<p>Plotis: 220 cm<br \/>\nIlgis: 218 cm<br \/>\nAuk\u0161tis: 103 cm<br \/>\nMiegamasis plotas: 200 \u00d7 200 cm<br \/>\nMiegojimo auk\u0161tis: 51 cm<\/p>","protected":false},"featured_media":211635,"comment_status":"open","ping_status":"closed","template":"","meta":[],"product_brand":[],"product_cat":[505,9143,514,7271],"product_tag":[],"class_list":{"0":"post-211605","1":"product","2":"type-product","3":"status-publish","4":"has-post-thumbnail","6":"product_cat-bedroom-beds","7":"product_cat-beds-200x200","8":"product_cat-continental-beds","9":"product_cat-meble-gruszka","11":"first","12":"instock","13":"shipping-taxable","14":"purchasable","15":"product-type-variable","16":"wvs-archive-product-wrapper"},"_links":{"self":[{"href":"https:\/\/baldumarket.lt\/lt\/wp-json\/wp\/v2\/product\/211605","targetHints":{"allow":["GET"]}}],"collection":[{"href":"https:\/\/baldumarket.lt\/lt\/wp-json\/wp\/v2\/product"}],"about":[{"href":"https:\/\/baldumarket.lt\/lt\/wp-json\/wp\/v2\/types\/product"}],"replies":[{"embeddable":true,"href":"https:\/\/baldumarket.lt\/lt\/wp-json\/wp\/v2\/comments?post=211605"}],"wp:featuredmedia":[{"embeddable":true,"href":"https:\/\/baldumarket.lt\/lt\/wp-json\/wp\/v2\/media\/211635"}],"wp:attachment":[{"href":"https:\/\/baldumarket.lt\/lt\/wp-json\/wp\/v2\/media?parent=211605"}],"wp:term":[{"taxonomy":"product_brand","embeddable":true,"href":"https:\/\/baldumarket.lt\/lt\/wp-json\/wp\/v2\/product_brand?post=211605"},{"taxonomy":"product_cat","embeddable":true,"href":"https:\/\/baldumarket.lt\/lt\/wp-json\/wp\/v2\/product_cat?post=211605"},{"taxonomy":"product_tag","embeddable":true,"href":"https:\/\/baldumarket.lt\/lt\/wp-json\/wp\/v2\/product_tag?post=211605"}],"curies":[{"name":"wp","href":"https:\/\/api.w.org\/{rel}","templated":true}]}}