{"id":211237,"date":"2025-12-26T04:22:23","date_gmt":"2025-12-26T01:22:23","guid":{"rendered":"https:\/\/baldumarket.lt\/?post_type=product&#038;p=211237"},"modified":"2026-04-05T09:58:54","modified_gmt":"2026-04-05T06:58:54","slug":"naroznik-modulowy-nierozkladany-cecylia-309x309-cm-gr1","status":"publish","type":"product","link":"https:\/\/baldumarket.lt\/lt\/product\/naroznik-modulowy-nierozkladany-cecylia-309x309-cm-gr1\/","title":{"rendered":"Cecylia modulin\u0117 kampin\u0117 sofa, nei\u0161skleid\u017eiama, 309\u00d7309 cm Gr1"},"content":{"rendered":"<p>\u012e \u0161\u012f pasi\u016blym\u0105 \u012feina modulin\u0117 kampin\u0117 sofa \u201eCecylia\u201c. \u0160i patogi kampin\u0117 sofa turi vingiuotas spyruokles.<br \/>\nSpecifikacijos:<br \/>\nVingiuotos spyruokl\u0117s + T35\/45 putplastis<br \/>\nMedin\u0117 konstrukcija \/ laminuota med\u017eio dro\u017eli\u0173 plok\u0161t\u0117 \/ medienos plau\u0161\u0173 plok\u0161t\u0117<br \/>\nNugar\u0117l\u0117 aptraukta j\u016bs\u0173 pasirinktu audiniu<br \/>\nN\u0117ra daiktad\u0117\u017e\u0117s<br \/>\nN\u0117ra miego funkcijos<br \/>\nJuodos plastikin\u0117s kojel\u0117s<br \/>\nPridedamos papildomos pagalv\u0117s<br \/>\nKampin\u0117 sofa susideda i\u0161 dviej\u0173 vienvie\u010di\u0173 moduli\u0173 su \u0161onais, dviej\u0173 vienvie\u010di\u0173 moduli\u0173 ir kampin\u0117s sekcijos.<br \/>\n\u201eCecylia\u201c sistema yra modulin\u0117. Galimi variantai: vienviet\u0117 \u0161onin\u0117 sekcija su s\u0117dyne, vienviet\u0117 s\u0117dyn\u0117 ir kampin\u0117 sekcija.<\/p>","protected":false},"excerpt":{"rendered":"<p>Ilgesn\u0117s kra\u0161tin\u0117s plotis [cm]: 309<br \/>\nTrumpesn\u0117s kra\u0161tin\u0117s plotis [cm]: 309<br \/>\nGylis [cm]: 106<br \/>\nKampin\u0117s sofos stilius: modernus<br \/>\nI\u0161skleidimo sistema: n\u0117ra miegojimo funkcijos<\/p>","protected":false},"featured_media":211258,"comment_status":"open","ping_status":"closed","template":"","meta":[],"product_brand":[],"product_cat":[9133],"product_tag":[],"class_list":{"0":"post-211237","1":"product","2":"type-product","3":"status-publish","4":"has-post-thumbnail","6":"product_cat-grouped","8":"first","9":"instock","10":"shipping-taxable","11":"purchasable","12":"product-type-variable","13":"wvs-archive-product-wrapper"},"_links":{"self":[{"href":"https:\/\/baldumarket.lt\/lt\/wp-json\/wp\/v2\/product\/211237","targetHints":{"allow":["GET"]}}],"collection":[{"href":"https:\/\/baldumarket.lt\/lt\/wp-json\/wp\/v2\/product"}],"about":[{"href":"https:\/\/baldumarket.lt\/lt\/wp-json\/wp\/v2\/types\/product"}],"replies":[{"embeddable":true,"href":"https:\/\/baldumarket.lt\/lt\/wp-json\/wp\/v2\/comments?post=211237"}],"wp:featuredmedia":[{"embeddable":true,"href":"https:\/\/baldumarket.lt\/lt\/wp-json\/wp\/v2\/media\/211258"}],"wp:attachment":[{"href":"https:\/\/baldumarket.lt\/lt\/wp-json\/wp\/v2\/media?parent=211237"}],"wp:term":[{"taxonomy":"product_brand","embeddable":true,"href":"https:\/\/baldumarket.lt\/lt\/wp-json\/wp\/v2\/product_brand?post=211237"},{"taxonomy":"product_cat","embeddable":true,"href":"https:\/\/baldumarket.lt\/lt\/wp-json\/wp\/v2\/product_cat?post=211237"},{"taxonomy":"product_tag","embeddable":true,"href":"https:\/\/baldumarket.lt\/lt\/wp-json\/wp\/v2\/product_tag?post=211237"}],"curies":[{"name":"wp","href":"https:\/\/api.w.org\/{rel}","templated":true}]}}