{"id":211221,"date":"2025-12-26T04:21:36","date_gmt":"2025-12-26T01:21:36","guid":{"rendered":"https:\/\/baldumarket.lt\/?post_type=product&#038;p=211221"},"modified":"2026-02-12T01:46:27","modified_gmt":"2026-02-11T22:46:27","slug":"sofa-nierozkladana-loftowa-colestus-gr1","status":"publish","type":"product","link":"https:\/\/baldumarket.lt\/lt\/product\/sofa-nierozkladana-loftowa-colestus-gr1\/","title":{"rendered":"\u201eColestus Gr1\u201c lofto tipo sofa be prailginimo"},"content":{"rendered":"<p>\u201eColestus\u201c nesulankstoma sofa yra ma\u017ea, patogi ir mink\u0161ta, modernaus dizaino sofa su fiksuotu atlo\u0161u.<br \/>\nColestus parametrai:<br \/>\n\u2013 vingiuotos spyruokl\u0117s s\u0117dyn\u0117s r\u0117me<br \/>\n\u2013 2,5 cm juodos plastikin\u0117s kojel\u0117s<br \/>\n\u2013 medin\u0117 konstrukcija \/ laminuota med\u017eio dro\u017eli\u0173 plok\u0161t\u0117 \/ medienos plau\u0161\u0173 plok\u0161t\u0117<br \/>\n\u2013 mink\u0161tos VP poliuretano putos<br \/>\n\u2013 n\u0117ra daiktad\u0117\u017e\u0117s ar miegojimo funkcijos<br \/>\nNuotraukoje esantis audinys: Gerra<\/p>","protected":false},"excerpt":{"rendered":"<p>Plotis [cm]: 204<br \/>\nAuk\u0161tis [cm]: 85<br \/>\nGylis [cm]: 100<br \/>\nPagalv\u0117li\u0173 tipas: be pagalv\u0117li\u0173 \/ fiksuotos pagalv\u0117l\u0117s<\/p>","protected":false},"featured_media":211251,"comment_status":"open","ping_status":"closed","template":"","meta":[],"product_brand":[],"product_cat":[9133],"product_tag":[],"class_list":{"0":"post-211221","1":"product","2":"type-product","3":"status-publish","4":"has-post-thumbnail","6":"product_cat-grouped","8":"first","9":"instock","10":"shipping-taxable","11":"purchasable","12":"product-type-variable","13":"wvs-archive-product-wrapper"},"_links":{"self":[{"href":"https:\/\/baldumarket.lt\/lt\/wp-json\/wp\/v2\/product\/211221","targetHints":{"allow":["GET"]}}],"collection":[{"href":"https:\/\/baldumarket.lt\/lt\/wp-json\/wp\/v2\/product"}],"about":[{"href":"https:\/\/baldumarket.lt\/lt\/wp-json\/wp\/v2\/types\/product"}],"replies":[{"embeddable":true,"href":"https:\/\/baldumarket.lt\/lt\/wp-json\/wp\/v2\/comments?post=211221"}],"wp:featuredmedia":[{"embeddable":true,"href":"https:\/\/baldumarket.lt\/lt\/wp-json\/wp\/v2\/media\/211251"}],"wp:attachment":[{"href":"https:\/\/baldumarket.lt\/lt\/wp-json\/wp\/v2\/media?parent=211221"}],"wp:term":[{"taxonomy":"product_brand","embeddable":true,"href":"https:\/\/baldumarket.lt\/lt\/wp-json\/wp\/v2\/product_brand?post=211221"},{"taxonomy":"product_cat","embeddable":true,"href":"https:\/\/baldumarket.lt\/lt\/wp-json\/wp\/v2\/product_cat?post=211221"},{"taxonomy":"product_tag","embeddable":true,"href":"https:\/\/baldumarket.lt\/lt\/wp-json\/wp\/v2\/product_tag?post=211221"}],"curies":[{"name":"wp","href":"https:\/\/api.w.org\/{rel}","templated":true}]}}