{"id":211200,"date":"2025-12-26T04:20:31","date_gmt":"2025-12-26T01:20:31","guid":{"rendered":"https:\/\/baldumarket.lt\/?post_type=product&#038;p=211200"},"modified":"2026-04-05T10:08:27","modified_gmt":"2026-04-05T07:08:27","slug":"naroznik-nierozkladany-loftowy-chacco-b1r1b-gr3","status":"publish","type":"product","link":"https:\/\/baldumarket.lt\/lt\/product\/naroznik-nierozkladany-loftowy-chacco-b1r1b-gr3\/","title":{"rendered":"Nei\u0161lankstoma kampin\u0117 sofa Chacco B+1+R+1+B Gr3"},"content":{"rendered":"<p>Stacionari kampin\u0117 sofa \u201eChacco\u201c \u2013 prakti\u0161kas baldas, kuris d\u0117l savo klasikinio dizaino tiks bet kokioje aplinkoje. Patogi s\u0117dyn\u0117 leis atsipalaiduoti po sunkios darbo dienos.<br \/>\n\u010cako parametrai:<br \/>\n\u2013 vingiuotos spyruokl\u0117s s\u0117dyn\u0117s r\u0117me ir atlo\u0161e<br \/>\n\u2013 juodos plastikin\u0117s kojel\u0117s<br \/>\n\u2013 medin\u0117 konstrukcija \/ laminuota med\u017eio dro\u017eli\u0173 plok\u0161t\u0117 \/ medienos plau\u0161\u0173 plok\u0161t\u0117<br \/>\n\u2013 mink\u0161tos VP poliuretano putos<br \/>\n\u2013 n\u0117ra patalyn\u0117s laikymo ar miegojimo funkcijos<br \/>\n\u2013 laisvai stovintis<br \/>\nKampin\u0117 sofa u\u017e nurodyt\u0105 kain\u0105 susideda i\u0161 vienviet\u0117s \u0161onin\u0117s dalies, vienviet\u0117s s\u0117dimosios dalies, kampin\u0117s dalies, vienviet\u0117s s\u0117dimosios dalies ir vienviet\u0117s \u0161onin\u0117s dalies.<\/p>","protected":false},"excerpt":{"rendered":"<p>Ilgesn\u0117s kra\u0161tin\u0117s plotis [cm]: 285<br \/>\nTrumpesn\u0117s kra\u0161tin\u0117s plotis [cm]: 285<br \/>\nGylis [cm]: 102<br \/>\nKampin\u0117s sofos stilius: modernus pal\u0117p\u0117s stilius<br \/>\nI\u0161skleidimo sistema: n\u0117ra miegojimo funkcijos<\/p>","protected":false},"featured_media":211223,"comment_status":"open","ping_status":"closed","template":"","meta":[],"product_brand":[],"product_cat":[9133],"product_tag":[],"class_list":{"0":"post-211200","1":"product","2":"type-product","3":"status-publish","4":"has-post-thumbnail","6":"product_cat-grouped","8":"first","9":"instock","10":"shipping-taxable","11":"purchasable","12":"product-type-variable","13":"wvs-archive-product-wrapper"},"_links":{"self":[{"href":"https:\/\/baldumarket.lt\/lt\/wp-json\/wp\/v2\/product\/211200","targetHints":{"allow":["GET"]}}],"collection":[{"href":"https:\/\/baldumarket.lt\/lt\/wp-json\/wp\/v2\/product"}],"about":[{"href":"https:\/\/baldumarket.lt\/lt\/wp-json\/wp\/v2\/types\/product"}],"replies":[{"embeddable":true,"href":"https:\/\/baldumarket.lt\/lt\/wp-json\/wp\/v2\/comments?post=211200"}],"wp:featuredmedia":[{"embeddable":true,"href":"https:\/\/baldumarket.lt\/lt\/wp-json\/wp\/v2\/media\/211223"}],"wp:attachment":[{"href":"https:\/\/baldumarket.lt\/lt\/wp-json\/wp\/v2\/media?parent=211200"}],"wp:term":[{"taxonomy":"product_brand","embeddable":true,"href":"https:\/\/baldumarket.lt\/lt\/wp-json\/wp\/v2\/product_brand?post=211200"},{"taxonomy":"product_cat","embeddable":true,"href":"https:\/\/baldumarket.lt\/lt\/wp-json\/wp\/v2\/product_cat?post=211200"},{"taxonomy":"product_tag","embeddable":true,"href":"https:\/\/baldumarket.lt\/lt\/wp-json\/wp\/v2\/product_tag?post=211200"}],"curies":[{"name":"wp","href":"https:\/\/api.w.org\/{rel}","templated":true}]}}