{"id":211186,"date":"2025-12-26T04:19:43","date_gmt":"2025-12-26T01:19:43","guid":{"rendered":"https:\/\/baldumarket.lt\/?post_type=product&#038;p=211186"},"modified":"2026-02-03T23:15:53","modified_gmt":"2026-02-03T20:15:53","slug":"sofa-rozkladana-sevilla-z-pokrowcem-dla-zwierzat","status":"publish","type":"product","link":"https:\/\/baldumarket.lt\/lt\/product\/sofa-rozkladana-sevilla-z-pokrowcem-dla-zwierzat\/","title":{"rendered":"Sevilijos sofa-lova su u\u017edangalu augintiniams"},"content":{"rendered":"<p>\u012e \u0161\u012f pasi\u016blym\u0105 \u012fskai\u010diuota sofa \u201eSevilla\u201c.<br \/>\nPatogi sofa su vingiuotomis spyruokl\u0117mis, kurioje dera dizainas, funkcionalumas ir elegancija.<br \/>\nSu sofos u\u017evalkalu, apsaugan\u010diu nuo \u0161un\u0173 ar ka\u010di\u0173 (\u012f komplekt\u0105 \u012feina!).<br \/>\nSpecifikacijos:<br \/>\nVingiuotos spyruokl\u0117s s\u0117dyn\u0117s ir atlo\u0161o r\u0117me + T35\/45 putplastis<br \/>\nMedin\u0117 konstrukcija \/ laminuota med\u017eio dro\u017eli\u0173 plok\u0161t\u0117 \/ medienos plau\u0161\u0173 plok\u0161t\u0117<br \/>\nNugar\u0117l\u0117 aptraukta j\u016bs\u0173 pasirinktu audiniu<br \/>\nPatalyn\u0117 saugykla<br \/>\nMiego funkcija<br \/>\nJuodos plastikin\u0117s kojel\u0117s<br \/>\n\u012eskai\u010diuota augintinio apsauga<br \/>\nPagrindin\u0117je nuotraukoje \u2013 Maya audinys<br \/>\n.<\/p>","protected":false},"excerpt":{"rendered":"<p>\u012e \u0161\u012f pasi\u016blym\u0105 \u012feina \u201eSevilla\u201c sofa. Patogi sofa su vingiuotomis spyruokl\u0117mis, kurioje dera dizainas, funkcionalumas ir elegancija. Su sofos u\u017evalkalu, apsaugan\u010diu j\u0105 nuo \u0161un\u0173 ar ka\u010di\u0173 (\u012fskai\u010diuota!). Specifikacijos: Vingiuotos spyruokl\u0117s s\u0117dyn\u0117s ir atlo\u0161o r\u0117me + T35\/45 putplastis; Medin\u0117 konstrukcija \/ laminuota med\u017eio dro\u017eli\u0173 plok\u0161t\u0117 \/ medienos plau\u0161\u0173 plok\u0161t\u0117; Atlo\u0161as aptrauktas pasirinktu audiniu; Patalyn\u0117 daiktams laikyti; Miegojimo funkcija [\u2026]<\/p>","protected":false},"featured_media":211207,"comment_status":"open","ping_status":"closed","template":"","meta":[],"product_brand":[],"product_cat":[6950,560],"product_tag":[],"class_list":{"0":"post-211186","1":"product","2":"type-product","3":"status-publish","4":"has-post-thumbnail","6":"product_cat-kinas","7":"product_cat-sofas-and-couches","9":"first","10":"instock","11":"shipping-taxable","12":"product-type-grouped"},"_links":{"self":[{"href":"https:\/\/baldumarket.lt\/lt\/wp-json\/wp\/v2\/product\/211186","targetHints":{"allow":["GET"]}}],"collection":[{"href":"https:\/\/baldumarket.lt\/lt\/wp-json\/wp\/v2\/product"}],"about":[{"href":"https:\/\/baldumarket.lt\/lt\/wp-json\/wp\/v2\/types\/product"}],"replies":[{"embeddable":true,"href":"https:\/\/baldumarket.lt\/lt\/wp-json\/wp\/v2\/comments?post=211186"}],"wp:featuredmedia":[{"embeddable":true,"href":"https:\/\/baldumarket.lt\/lt\/wp-json\/wp\/v2\/media\/211207"}],"wp:attachment":[{"href":"https:\/\/baldumarket.lt\/lt\/wp-json\/wp\/v2\/media?parent=211186"}],"wp:term":[{"taxonomy":"product_brand","embeddable":true,"href":"https:\/\/baldumarket.lt\/lt\/wp-json\/wp\/v2\/product_brand?post=211186"},{"taxonomy":"product_cat","embeddable":true,"href":"https:\/\/baldumarket.lt\/lt\/wp-json\/wp\/v2\/product_cat?post=211186"},{"taxonomy":"product_tag","embeddable":true,"href":"https:\/\/baldumarket.lt\/lt\/wp-json\/wp\/v2\/product_tag?post=211186"}],"curies":[{"name":"wp","href":"https:\/\/api.w.org\/{rel}","templated":true}]}}