{"id":211152,"date":"2025-12-26T04:18:05","date_gmt":"2025-12-26T01:18:05","guid":{"rendered":"https:\/\/baldumarket.lt\/?post_type=product&#038;p=211152"},"modified":"2026-04-05T10:08:27","modified_gmt":"2026-04-05T07:08:27","slug":"sofa-nierozkladana-loftowa-chacco-gr3","status":"publish","type":"product","link":"https:\/\/baldumarket.lt\/lt\/product\/sofa-nierozkladana-loftowa-chacco-gr3\/","title":{"rendered":"Chacco Gr3 lofto tipo sofa be prailginimo"},"content":{"rendered":"<p>\u201eChacco\u201c sofa-lova \u2013 prakti\u0161kas baldas, kurio klasikinis dizainas papildys bet koki\u0105 aplink\u0105. Patogi s\u0117dyn\u0117 leis atsipalaiduoti po sunkios darbo dienos. Ma\u017ea, patogi ir mink\u0161ta sofa su moderniu akcentu.<br \/>\nChacco specifikacijos:<br \/>\n\u2013 vingiuotos spyruokl\u0117s s\u0117dyn\u0117s r\u0117me ir atlo\u0161e<br \/>\n\u2013 juodos plastikin\u0117s kojel\u0117s<br \/>\n\u2013 medin\u0117 konstrukcija \/ laminuota med\u017eio dro\u017eli\u0173 plok\u0161t\u0117 \/ medienos plau\u0161\u0173 plok\u0161t\u0117<br \/>\n\u2013 mink\u0161tos VP poliuretano putos<br \/>\n\u2013 n\u0117ra daiktad\u0117\u017e\u0117s ar miegojimo funkcijos<\/p>","protected":false},"excerpt":{"rendered":"<p>Plotis [cm]: 206<br \/>\nAuk\u0161tis [cm]: 83<br \/>\ngylis [cm]: 102<br \/>\nPagalv\u0117li\u0173 tipas: nuimamos pagalv\u0117l\u0117s<\/p>","protected":false},"featured_media":211177,"comment_status":"open","ping_status":"closed","template":"","meta":[],"product_brand":[],"product_cat":[9133],"product_tag":[],"class_list":{"0":"post-211152","1":"product","2":"type-product","3":"status-publish","4":"has-post-thumbnail","6":"product_cat-grouped","8":"first","9":"instock","10":"shipping-taxable","11":"purchasable","12":"product-type-variable","13":"wvs-archive-product-wrapper"},"_links":{"self":[{"href":"https:\/\/baldumarket.lt\/lt\/wp-json\/wp\/v2\/product\/211152","targetHints":{"allow":["GET"]}}],"collection":[{"href":"https:\/\/baldumarket.lt\/lt\/wp-json\/wp\/v2\/product"}],"about":[{"href":"https:\/\/baldumarket.lt\/lt\/wp-json\/wp\/v2\/types\/product"}],"replies":[{"embeddable":true,"href":"https:\/\/baldumarket.lt\/lt\/wp-json\/wp\/v2\/comments?post=211152"}],"wp:featuredmedia":[{"embeddable":true,"href":"https:\/\/baldumarket.lt\/lt\/wp-json\/wp\/v2\/media\/211177"}],"wp:attachment":[{"href":"https:\/\/baldumarket.lt\/lt\/wp-json\/wp\/v2\/media?parent=211152"}],"wp:term":[{"taxonomy":"product_brand","embeddable":true,"href":"https:\/\/baldumarket.lt\/lt\/wp-json\/wp\/v2\/product_brand?post=211152"},{"taxonomy":"product_cat","embeddable":true,"href":"https:\/\/baldumarket.lt\/lt\/wp-json\/wp\/v2\/product_cat?post=211152"},{"taxonomy":"product_tag","embeddable":true,"href":"https:\/\/baldumarket.lt\/lt\/wp-json\/wp\/v2\/product_tag?post=211152"}],"curies":[{"name":"wp","href":"https:\/\/api.w.org\/{rel}","templated":true}]}}