{"id":211136,"date":"2025-12-26T04:17:17","date_gmt":"2025-12-26T01:17:17","guid":{"rendered":"https:\/\/baldumarket.lt\/?post_type=product&#038;p=211136"},"modified":"2026-02-12T01:53:22","modified_gmt":"2026-02-11T22:53:22","slug":"wersalka-rozkladana-bez-boczkow-jagna-gr3","status":"publish","type":"product","link":"https:\/\/baldumarket.lt\/lt\/product\/wersalka-rozkladana-bez-boczkow-jagna-gr3\/","title":{"rendered":"Jagna Gr3 i\u0161skleid\u017eiama sofa be \u0161on\u0173"},"content":{"rendered":"<p>\u201eJagna\u201c sofa \u2013 d\u0117l kompakti\u0161kos formos ir \u0161onini\u0173 paneli\u0173 nebuvimo \u0161i sofa idealiai tinka ma\u017eoms erdv\u0117ms, tuo pa\u010diu u\u017etikrinant patogi\u0105 miegojimo viet\u0105.<br \/>\nSavyb\u0117s:<br \/>\nDizainerio dygsniavimas s\u0117dyn\u0117s ir atlo\u0161o vidin\u0117je pus\u0117je<br \/>\nLengvai transformuojama \u012f miegam\u0105j\u0105 lov\u0105 (spragtel\u0117jimas)<br \/>\nPrakti\u0161ka patalyn\u0117s laikymo vieta<br \/>\nBanguotos spyruokl\u0117s s\u0117dyn\u0117s ir atlo\u0161o r\u0117me<br \/>\nJuodos metalin\u0117s kojel\u0117s<br \/>\nMedin\u0117 konstrukcija \/ laminuota med\u017eio dro\u017eli\u0173 plok\u0161t\u0117 \/ medienos plau\u0161\u0173 plok\u0161t\u0117<br \/>\nT35 putplastis<br \/>\nNuotraukoje esantis audinys yra CURIO 80 (DAVIS), 2 kain\u0173 grup\u0117.<\/p>","protected":false},"excerpt":{"rendered":"<p>Plotis [cm]: 193<br \/>\nAuk\u0161tis [cm]: 90<br \/>\ns\u0117dyn\u0117s auk\u0161tis [cm]: 50<br \/>\nMiegamasis plotas [cm]: 100 \u00d7 193<\/p>","protected":false},"featured_media":211167,"comment_status":"open","ping_status":"closed","template":"","meta":[],"product_brand":[],"product_cat":[9133],"product_tag":[],"class_list":{"0":"post-211136","1":"product","2":"type-product","3":"status-publish","4":"has-post-thumbnail","6":"product_cat-grouped","8":"first","9":"instock","10":"shipping-taxable","11":"purchasable","12":"product-type-variable","13":"wvs-archive-product-wrapper"},"_links":{"self":[{"href":"https:\/\/baldumarket.lt\/lt\/wp-json\/wp\/v2\/product\/211136","targetHints":{"allow":["GET"]}}],"collection":[{"href":"https:\/\/baldumarket.lt\/lt\/wp-json\/wp\/v2\/product"}],"about":[{"href":"https:\/\/baldumarket.lt\/lt\/wp-json\/wp\/v2\/types\/product"}],"replies":[{"embeddable":true,"href":"https:\/\/baldumarket.lt\/lt\/wp-json\/wp\/v2\/comments?post=211136"}],"wp:featuredmedia":[{"embeddable":true,"href":"https:\/\/baldumarket.lt\/lt\/wp-json\/wp\/v2\/media\/211167"}],"wp:attachment":[{"href":"https:\/\/baldumarket.lt\/lt\/wp-json\/wp\/v2\/media?parent=211136"}],"wp:term":[{"taxonomy":"product_brand","embeddable":true,"href":"https:\/\/baldumarket.lt\/lt\/wp-json\/wp\/v2\/product_brand?post=211136"},{"taxonomy":"product_cat","embeddable":true,"href":"https:\/\/baldumarket.lt\/lt\/wp-json\/wp\/v2\/product_cat?post=211136"},{"taxonomy":"product_tag","embeddable":true,"href":"https:\/\/baldumarket.lt\/lt\/wp-json\/wp\/v2\/product_tag?post=211136"}],"curies":[{"name":"wp","href":"https:\/\/api.w.org\/{rel}","templated":true}]}}