{"id":21108,"date":"2025-11-14T12:43:13","date_gmt":"2025-11-14T09:43:13","guid":{"rendered":"https:\/\/baldumarket.lt\/product\/marco\/"},"modified":"2026-03-24T16:58:27","modified_gmt":"2026-03-24T13:58:27","slug":"marco","status":"publish","type":"product","link":"https:\/\/baldumarket.lt\/lt\/product\/marco\/","title":{"rendered":"Markas"},"content":{"rendered":"<p>\u201eMarco\u201c \u2013 erdvi, funkcionali ir tvirta kampin\u0117 sofa, kurios matmenys \u2013 312 x 210\/150 x 92 cm. Ji puikiai tinka poilsiui dien\u0105 ir, pasirodo, miegui. I\u0161traukiamas pagrindas ir atlenkiamas atlo\u0161as leid\u017eia greitai ir lengvai paversti sof\u0105 i\u0161 dienos \u012f 285 x 130 cm dyd\u017eio lov\u0105. \u0160is modelis turi du erdvius patalyn\u0117s skyrius: vien\u0105 \u2013 pufe, o kit\u0105 \u2013 i\u0161skleidus miegam\u0105j\u0105 dal\u012f. \u201eBonell\u201c spyruokl\u0117s ir T3040 putplastis, sudarantys mink\u0161t\u0105 ir lanks\u010di\u0105 s\u0117dyn\u0119, garantuoja i\u0161skirtin\u012f komfort\u0105 kasdien\u0117s veiklos metu. Papildomi m\u016bs\u0173 sofos i\u0161skirtiniai bruo\u017eai: plati, kont\u016bruota s\u0117dyn\u0117, apmu\u0161tas atlo\u0161as ir platus, patogus atlo\u0161as, o sof\u0105 galima rinktis i\u0161 \u012fvairi\u0173 spalv\u0173. \u201eMarco\u201c \u2013 tai sofa tiems, kurie \u017eino, ko nori, nes ji tikrai pateisins visus j\u016bs\u0173 l\u016bkes\u010dius.<\/p>","protected":false},"excerpt":{"rendered":"<p>\u201eMarco\u201c \u2013 erdvi, funkcionali ir tvirta kampin\u0117 sofa, kurios matmenys \u2013 312 x 210\/150 x 92 cm, puikiai tinkanti poilsiui dien\u0105 ir, pasirodo, miegui. I\u0161traukiamas pagrindas ir atlenkiamas atlo\u0161as leid\u017eia greitai ir lengvai paversti sof\u0105 dienine forma \u012f 285 x 130 cm dyd\u017eio lov\u0105. \u0160is modelis yra apr\u016bpintas [\u2026]<\/p>","protected":false},"featured_media":21109,"comment_status":"open","ping_status":"open","template":"","meta":[],"product_brand":[],"product_cat":[616,1982,2012,9191],"product_tag":[],"class_list":{"0":"post-21108","1":"product","2":"type-product","3":"status-publish","4":"has-post-thumbnail","6":"product_cat-corners","7":"product_cat-corners-u","8":"product_cat-eltap","9":"product_cat-corners-u-eltap","11":"first","12":"instock","13":"purchasable","14":"product-type-variable","15":"wvs-archive-product-wrapper"},"_links":{"self":[{"href":"https:\/\/baldumarket.lt\/lt\/wp-json\/wp\/v2\/product\/21108","targetHints":{"allow":["GET"]}}],"collection":[{"href":"https:\/\/baldumarket.lt\/lt\/wp-json\/wp\/v2\/product"}],"about":[{"href":"https:\/\/baldumarket.lt\/lt\/wp-json\/wp\/v2\/types\/product"}],"replies":[{"embeddable":true,"href":"https:\/\/baldumarket.lt\/lt\/wp-json\/wp\/v2\/comments?post=21108"}],"wp:featuredmedia":[{"embeddable":true,"href":"https:\/\/baldumarket.lt\/lt\/wp-json\/wp\/v2\/media\/21109"}],"wp:attachment":[{"href":"https:\/\/baldumarket.lt\/lt\/wp-json\/wp\/v2\/media?parent=21108"}],"wp:term":[{"taxonomy":"product_brand","embeddable":true,"href":"https:\/\/baldumarket.lt\/lt\/wp-json\/wp\/v2\/product_brand?post=21108"},{"taxonomy":"product_cat","embeddable":true,"href":"https:\/\/baldumarket.lt\/lt\/wp-json\/wp\/v2\/product_cat?post=21108"},{"taxonomy":"product_tag","embeddable":true,"href":"https:\/\/baldumarket.lt\/lt\/wp-json\/wp\/v2\/product_tag?post=21108"}],"curies":[{"name":"wp","href":"https:\/\/api.w.org\/{rel}","templated":true}]}}