{"id":211026,"date":"2025-12-26T04:12:02","date_gmt":"2025-12-26T01:12:02","guid":{"rendered":"https:\/\/baldumarket.lt\/?post_type=product&#038;p=211026"},"modified":"2026-02-03T23:15:59","modified_gmt":"2026-02-03T20:15:59","slug":"sofa-rozkladana-do-przodu-vanessa","status":"publish","type":"product","link":"https:\/\/baldumarket.lt\/lt\/product\/sofa-rozkladana-do-przodu-vanessa\/","title":{"rendered":"Vanessa Sulankstoma sofa"},"content":{"rendered":"<p>\u012e \u0161\u012f pasi\u016blym\u0105 \u012feina \u201eVanessa\u201c sofa. Patogi sofa su miegojimo funkcija ir vingiuotomis spyruokl\u0117mis.<br \/>\nSpecifikacijos:<br \/>\nBaldai pagaminti i\u0161 med\u017eio masyvo ir laminuotos plok\u0161t\u0117s.<br \/>\nPatalyn\u0117 saugykla<br \/>\nMiego funkcija<br \/>\nS\u0117dyn\u0117s konstrukcija su vingiuotomis spyruokl\u0117mis ir T35 putplas\u010diu<br \/>\nNugara aptraukta pasirinktu audiniu, nedidel\u0117 patalyn\u0117s d\u0117\u017e\u0117, patog\u016bs porankiai ir juodos plastikin\u0117s kojel\u0117s.<\/p>","protected":false},"excerpt":{"rendered":"<p>\u012e \u0161\u012f pasi\u016blym\u0105 \u012feina \u201eVanessa\u201c sofa. Patogi sofa su miegojimo funkcija ir vingiuotomis spyruokl\u0117mis. Specifikacijos: Baldas pagamintas i\u0161 medinio r\u0117mo ir laminuotos plok\u0161t\u0117s. Patalyn\u0117s d\u0117\u017e\u0117; Miegojimo funkcija; S\u0117dyn\u0117s konstrukcija su vingiuotomis spyruokl\u0117mis ir T35 putplas\u010diu; Atlo\u0161as aptrauktas pasirinktu audiniu, nedidel\u0117 patalyn\u0117s d\u0117\u017e\u0117, patog\u016bs porankiai ir juodos plastikin\u0117s kojel\u0117s.<\/p>","protected":false},"featured_media":211047,"comment_status":"open","ping_status":"closed","template":"","meta":[],"product_brand":[],"product_cat":[6950,560],"product_tag":[],"class_list":{"0":"post-211026","1":"product","2":"type-product","3":"status-publish","4":"has-post-thumbnail","6":"product_cat-kinas","7":"product_cat-sofas-and-couches","9":"first","10":"instock","11":"shipping-taxable","12":"product-type-grouped"},"_links":{"self":[{"href":"https:\/\/baldumarket.lt\/lt\/wp-json\/wp\/v2\/product\/211026","targetHints":{"allow":["GET"]}}],"collection":[{"href":"https:\/\/baldumarket.lt\/lt\/wp-json\/wp\/v2\/product"}],"about":[{"href":"https:\/\/baldumarket.lt\/lt\/wp-json\/wp\/v2\/types\/product"}],"replies":[{"embeddable":true,"href":"https:\/\/baldumarket.lt\/lt\/wp-json\/wp\/v2\/comments?post=211026"}],"wp:featuredmedia":[{"embeddable":true,"href":"https:\/\/baldumarket.lt\/lt\/wp-json\/wp\/v2\/media\/211047"}],"wp:attachment":[{"href":"https:\/\/baldumarket.lt\/lt\/wp-json\/wp\/v2\/media?parent=211026"}],"wp:term":[{"taxonomy":"product_brand","embeddable":true,"href":"https:\/\/baldumarket.lt\/lt\/wp-json\/wp\/v2\/product_brand?post=211026"},{"taxonomy":"product_cat","embeddable":true,"href":"https:\/\/baldumarket.lt\/lt\/wp-json\/wp\/v2\/product_cat?post=211026"},{"taxonomy":"product_tag","embeddable":true,"href":"https:\/\/baldumarket.lt\/lt\/wp-json\/wp\/v2\/product_tag?post=211026"}],"curies":[{"name":"wp","href":"https:\/\/api.w.org\/{rel}","templated":true}]}}