{"id":211008,"date":"2025-12-26T04:11:15","date_gmt":"2025-12-26T01:11:15","guid":{"rendered":"https:\/\/baldumarket.lt\/?post_type=product&#038;p=211008"},"modified":"2026-02-12T01:53:29","modified_gmt":"2026-02-11T22:53:29","slug":"naroznik-rozkladany-mirabella-gr3","status":"publish","type":"product","link":"https:\/\/baldumarket.lt\/lt\/product\/naroznik-rozkladany-mirabella-gr3\/","title":{"rendered":"Mirabella Gr3 i\u0161traukiama kampin\u0117 sofa"},"content":{"rendered":"<p>I\u0161skleid\u017eiama kampin\u0117 sofa \u201eMirabella\u201c yra ma\u017ea, patogi kampin\u0117 sofa su miegojimo funkcija ir daiktad\u0117\u017ee.<br \/>\nMirabella parametrai:<br \/>\nMa\u017ea kampin\u0117 sofa su miegojimo funkcija ir lengvai naudojama DL sistema<br \/>\nS\u0117dyn\u0117s r\u0117mas su vingiuotomis spyruokl\u0117mis + T30 putplastis<br \/>\nMedin\u0117 konstrukcija \/ laminuota med\u017eio dro\u017eli\u0173 plok\u0161t\u0117 \/ medienos plau\u0161\u0173 plok\u0161t\u0117<br \/>\nMiego funkcija<br \/>\nJuodos plastikin\u0117s kojel\u0117s<br \/>\nI\u0161skleid\u017eiama kampin\u0117 sofa turi daiktad\u0117\u017e\u0119<br \/>\nKampin\u0117 sofa pavaizduota de\u0161in\u0117je.<br \/>\nNuotraukose pavaizduota kampin\u0117 sofa su \u201eSorella\u201c audiniu.<br \/>\nJ\u016bs\u0173 pasirinktu audiniu aptrauktas atlo\u0161as, 2 didel\u0117s, patogios pagalv\u0117l\u0117s + 2 ma\u017eos pagalv\u0117l\u0117s, \u012fdomi forma.<\/p>","protected":false},"excerpt":{"rendered":"<p>Ilgesn\u0117s kra\u0161tin\u0117s plotis [cm]: 198<br \/>\nTrumpesn\u0117s kra\u0161tin\u0117s plotis [cm]: 150<br \/>\nGylis [cm]: 100<br \/>\nMiegamasis plotas [cm]: 130 \u00d7 188<br \/>\nKampin\u0117s sofos stilius: modernus<br \/>\nI\u0161skleidimo sistema: Automatin\u0117, kad b\u016bt\u0173 lengva i\u0161skleisti \/ DL<\/p>","protected":false},"featured_media":211031,"comment_status":"open","ping_status":"closed","template":"","meta":[],"product_brand":[],"product_cat":[9133],"product_tag":[],"class_list":{"0":"post-211008","1":"product","2":"type-product","3":"status-publish","4":"has-post-thumbnail","6":"product_cat-grouped","8":"first","9":"instock","10":"shipping-taxable","11":"purchasable","12":"product-type-variable","13":"wvs-archive-product-wrapper"},"_links":{"self":[{"href":"https:\/\/baldumarket.lt\/lt\/wp-json\/wp\/v2\/product\/211008","targetHints":{"allow":["GET"]}}],"collection":[{"href":"https:\/\/baldumarket.lt\/lt\/wp-json\/wp\/v2\/product"}],"about":[{"href":"https:\/\/baldumarket.lt\/lt\/wp-json\/wp\/v2\/types\/product"}],"replies":[{"embeddable":true,"href":"https:\/\/baldumarket.lt\/lt\/wp-json\/wp\/v2\/comments?post=211008"}],"wp:featuredmedia":[{"embeddable":true,"href":"https:\/\/baldumarket.lt\/lt\/wp-json\/wp\/v2\/media\/211031"}],"wp:attachment":[{"href":"https:\/\/baldumarket.lt\/lt\/wp-json\/wp\/v2\/media?parent=211008"}],"wp:term":[{"taxonomy":"product_brand","embeddable":true,"href":"https:\/\/baldumarket.lt\/lt\/wp-json\/wp\/v2\/product_brand?post=211008"},{"taxonomy":"product_cat","embeddable":true,"href":"https:\/\/baldumarket.lt\/lt\/wp-json\/wp\/v2\/product_cat?post=211008"},{"taxonomy":"product_tag","embeddable":true,"href":"https:\/\/baldumarket.lt\/lt\/wp-json\/wp\/v2\/product_tag?post=211008"}],"curies":[{"name":"wp","href":"https:\/\/api.w.org\/{rel}","templated":true}]}}