{"id":210994,"date":"2025-12-26T04:10:39","date_gmt":"2025-12-26T01:10:39","guid":{"rendered":"https:\/\/baldumarket.lt\/?post_type=product&#038;p=210994"},"modified":"2026-04-06T15:07:39","modified_gmt":"2026-04-06T12:07:39","slug":"naroznik-rozkladany-melody","status":"publish","type":"product","link":"https:\/\/baldumarket.lt\/lt\/product\/naroznik-rozkladany-melody\/","title":{"rendered":"I\u0161skleid\u017eiama kampin\u0117 sofa \u201eMelody\u201c"},"content":{"rendered":"<p>I\u0161skleid\u017eiama kampin\u0117 sofa \u201eMelody\u201c yra ma\u017ea, patogi kampin\u0117 sofa su miegojimo funkcija ir patalyn\u0117s saugykla.<br \/>\nMelodijos parametrai:<br \/>\nMa\u017ea kampin\u0117 sofa su miegojimo funkcija ir lengvai naudojama DL sistema<br \/>\nS\u0117dyn\u0117s r\u0117mas su banguotomis spyruokl\u0117mis + T30 putomis<br \/>\nMedin\u0117 konstrukcija \/ laminuota med\u017eio dro\u017eli\u0173 plok\u0161t\u0117 \/ medienos plau\u0161\u0173 plok\u0161t\u0117<br \/>\nMiego funkcija<br \/>\nJuodos plastikin\u0117s kojel\u0117s<br \/>\nI\u0161skleid\u017eiama kampin\u0117 sofa turi patalyn\u0117s d\u0117\u017e\u0119<br \/>\nKampin\u0117 sofa pavaizduota de\u0161in\u0117je.<br \/>\nNuotraukose pavaizduota kampin\u0117 sofa su \u201eMoss\u201c audiniu.<br \/>\nJ\u016bs\u0173 pasirinktu audiniu aptrauktas atlo\u0161as, 2 didel\u0117s, patogios pagalv\u0117l\u0117s + 2 ma\u017eos pagalv\u0117l\u0117s, \u012fdomi forma.<\/p>","protected":false},"excerpt":{"rendered":"<p>I\u0161skleid\u017eiama kampin\u0117 sofa \u201eMelody\u201c yra ma\u017ea, patogi kampin\u0117 sofa su miegojimo funkcija ir patalyn\u0117s d\u0117\u017ee. \u201eMelody\u201c parametrai: Ma\u017ea kampin\u0117 sofa su miegojimo funkcija ir lengvai naudojama DL sistema S\u0117dyn\u0117s r\u0117mas su banguotomis spyruokl\u0117mis + T30 putplastis Medin\u0117 konstrukcija \/ laminuota med\u017eio dro\u017eli\u0173 plok\u0161t\u0117 \/ medienos plau\u0161\u0173 plok\u0161t\u0117 Miegojimo funkcija Juodos plastikin\u0117s kojel\u0117s I\u0161skleid\u017eiama kampin\u0117 sofa turi patalyn\u0117s [\u2026]<\/p>","protected":false},"featured_media":211015,"comment_status":"open","ping_status":"closed","template":"","meta":[],"product_brand":[],"product_cat":[10171,616,1983,6950],"product_tag":[],"class_list":{"0":"post-210994","1":"product","2":"type-product","3":"status-publish","4":"has-post-thumbnail","6":"product_cat-corner-sofas-kinas-meble","7":"product_cat-corners","8":"product_cat-corners-l","9":"product_cat-kinas","11":"first","12":"instock","13":"shipping-taxable","14":"product-type-grouped"},"_links":{"self":[{"href":"https:\/\/baldumarket.lt\/lt\/wp-json\/wp\/v2\/product\/210994","targetHints":{"allow":["GET"]}}],"collection":[{"href":"https:\/\/baldumarket.lt\/lt\/wp-json\/wp\/v2\/product"}],"about":[{"href":"https:\/\/baldumarket.lt\/lt\/wp-json\/wp\/v2\/types\/product"}],"replies":[{"embeddable":true,"href":"https:\/\/baldumarket.lt\/lt\/wp-json\/wp\/v2\/comments?post=210994"}],"wp:featuredmedia":[{"embeddable":true,"href":"https:\/\/baldumarket.lt\/lt\/wp-json\/wp\/v2\/media\/211015"}],"wp:attachment":[{"href":"https:\/\/baldumarket.lt\/lt\/wp-json\/wp\/v2\/media?parent=210994"}],"wp:term":[{"taxonomy":"product_brand","embeddable":true,"href":"https:\/\/baldumarket.lt\/lt\/wp-json\/wp\/v2\/product_brand?post=210994"},{"taxonomy":"product_cat","embeddable":true,"href":"https:\/\/baldumarket.lt\/lt\/wp-json\/wp\/v2\/product_cat?post=210994"},{"taxonomy":"product_tag","embeddable":true,"href":"https:\/\/baldumarket.lt\/lt\/wp-json\/wp\/v2\/product_tag?post=210994"}],"curies":[{"name":"wp","href":"https:\/\/api.w.org\/{rel}","templated":true}]}}