{"id":210978,"date":"2025-12-26T04:09:48","date_gmt":"2025-12-26T01:09:48","guid":{"rendered":"https:\/\/baldumarket.lt\/?post_type=product&#038;p=210978"},"modified":"2026-02-03T23:16:02","modified_gmt":"2026-02-03T20:16:02","slug":"pufa-tapicerowana-corblack","status":"publish","type":"product","link":"https:\/\/baldumarket.lt\/lt\/product\/pufa-tapicerowana-corblack\/","title":{"rendered":"Juodo atspalvio apmu\u0161tas pufas"},"content":{"rendered":"<p>\u201eCorblack\u201c pufas yra prakti\u0161kas baldas, kuris d\u0117l savo modernaus dizaino tiks bet kokioje aplinkoje.<br \/>\n\u0160is pufas skirtas \u201eCorblack\u201c gaminiams.<br \/>\nSpecifikacijos:<br \/>\nBanguotos spyruokl\u0117s r\u0117me<br \/>\nJuodos metalin\u0117s kojel\u0117s<br \/>\nMedin\u0117 konstrukcija \/ laminuota med\u017eio dro\u017eli\u0173 plok\u0161t\u0117 \/ medienos plau\u0161\u0173 plok\u0161t\u0117<br \/>\nT35 putplastis<\/p>","protected":false},"excerpt":{"rendered":"<p>\u201eCorblack\u201c pufas \u2013 tai prakti\u0161kas baldas, kuris d\u0117l modernaus dizaino tiks bet kokiai aplinkai. \u0160is pufas skirtas \u201eCorblack\u201c gaminiams. Specifikacijos: Banguotos spyruokl\u0117s r\u0117me; Juodos metalin\u0117s kojel\u0117s; Medin\u0117 konstrukcija \/ laminuota med\u017eio dro\u017eli\u0173 plok\u0161t\u0117 \/ medienos plau\u0161\u0173 plok\u0161t\u0117; T35 putplastis.<\/p>","protected":false},"featured_media":210999,"comment_status":"open","ping_status":"closed","template":"","meta":[],"product_brand":[],"product_cat":[6950,826],"product_tag":[],"class_list":{"0":"post-210978","1":"product","2":"type-product","3":"status-publish","4":"has-post-thumbnail","6":"product_cat-kinas","7":"product_cat-poufs","9":"first","10":"instock","11":"shipping-taxable","12":"product-type-grouped"},"_links":{"self":[{"href":"https:\/\/baldumarket.lt\/lt\/wp-json\/wp\/v2\/product\/210978","targetHints":{"allow":["GET"]}}],"collection":[{"href":"https:\/\/baldumarket.lt\/lt\/wp-json\/wp\/v2\/product"}],"about":[{"href":"https:\/\/baldumarket.lt\/lt\/wp-json\/wp\/v2\/types\/product"}],"replies":[{"embeddable":true,"href":"https:\/\/baldumarket.lt\/lt\/wp-json\/wp\/v2\/comments?post=210978"}],"wp:featuredmedia":[{"embeddable":true,"href":"https:\/\/baldumarket.lt\/lt\/wp-json\/wp\/v2\/media\/210999"}],"wp:attachment":[{"href":"https:\/\/baldumarket.lt\/lt\/wp-json\/wp\/v2\/media?parent=210978"}],"wp:term":[{"taxonomy":"product_brand","embeddable":true,"href":"https:\/\/baldumarket.lt\/lt\/wp-json\/wp\/v2\/product_brand?post=210978"},{"taxonomy":"product_cat","embeddable":true,"href":"https:\/\/baldumarket.lt\/lt\/wp-json\/wp\/v2\/product_cat?post=210978"},{"taxonomy":"product_tag","embeddable":true,"href":"https:\/\/baldumarket.lt\/lt\/wp-json\/wp\/v2\/product_tag?post=210978"}],"curies":[{"name":"wp","href":"https:\/\/api.w.org\/{rel}","templated":true}]}}