{"id":210949,"date":"2025-12-26T04:08:20","date_gmt":"2025-12-26T01:08:20","guid":{"rendered":"https:\/\/baldumarket.lt\/?post_type=product&#038;p=210949"},"modified":"2026-02-12T01:46:41","modified_gmt":"2026-02-11T22:46:41","slug":"naroznik-rozkladany-z-zaglowkami-moris-gr1","status":"publish","type":"product","link":"https:\/\/baldumarket.lt\/lt\/product\/naroznik-rozkladany-z-zaglowkami-moris-gr1\/","title":{"rendered":"Moris Gr1 i\u0161skleid\u017eiama kampin\u0117 sofa su galvos atramomis"},"content":{"rendered":"<p>\u2019Moris\u201c i\u0161skleid\u017eiama kampin\u0117 sofa \u2013 tai originalaus dizaino poilsio kambario baldas. Ji tinka bet kokiam kambariui \u2013 nuo svetain\u0117s iki paaugli\u0173 kambari\u0173. Patogi miegojimo funkcija ir patalyn\u0117s laikymo vieta paver\u010dia j\u012f daugiafunkciniu baldu, kur\u012f galima naudoti tiek dien\u0105, tiek nakt\u012f.<br \/>\nMoris specifikacijos:<br \/>\nS\u0117dyn\u0117s ir atlo\u0161o r\u0117mas su vingiuotomis spyruokl\u0117mis<br \/>\nJuodos plastikin\u0117s kojel\u0117s<br \/>\nMedin\u0117 konstrukcija \/ laminuota med\u017eio dro\u017eli\u0173 plok\u0161t\u0117 \/ medienos plau\u0161\u0173 plok\u0161t\u0117<br \/>\nT30 putplastis<br \/>\nMiego funkcija<br \/>\nI\u0161skleid\u017eiama kampin\u0117 sofa turi patalyn\u0117s skyri\u0173<br \/>\nKilnojamos galvos atramos<br \/>\nKampin\u0117 sofa pavaizduota de\u0161in\u0117je.<br \/>\nNugara aptraukta pasirinktu audiniu + dvi pagalv\u0117l\u0117s pridedamos.<\/p>","protected":false},"excerpt":{"rendered":"<p>Ilgesn\u0117s kra\u0161tin\u0117s plotis [cm]: 227<br \/>\nTrumpesn\u0117s kra\u0161tin\u0117s plotis [cm]: 161<br \/>\n\u016agis [cm]: 72\u201399<br \/>\nMiegamasis plotas [cm]: 127 \u00d7 198<br \/>\nKampin\u0117s sofos stilius: modernus<br \/>\nI\u0161skleidimo sistema: I\u0161traukiamas ve\u017eim\u0117lis (delfinas)<\/p>","protected":false},"featured_media":210983,"comment_status":"open","ping_status":"closed","template":"","meta":[],"product_brand":[],"product_cat":[9133],"product_tag":[],"class_list":{"0":"post-210949","1":"product","2":"type-product","3":"status-publish","4":"has-post-thumbnail","6":"product_cat-grouped","8":"first","9":"instock","10":"shipping-taxable","11":"purchasable","12":"product-type-variable","13":"wvs-archive-product-wrapper"},"_links":{"self":[{"href":"https:\/\/baldumarket.lt\/lt\/wp-json\/wp\/v2\/product\/210949","targetHints":{"allow":["GET"]}}],"collection":[{"href":"https:\/\/baldumarket.lt\/lt\/wp-json\/wp\/v2\/product"}],"about":[{"href":"https:\/\/baldumarket.lt\/lt\/wp-json\/wp\/v2\/types\/product"}],"replies":[{"embeddable":true,"href":"https:\/\/baldumarket.lt\/lt\/wp-json\/wp\/v2\/comments?post=210949"}],"wp:featuredmedia":[{"embeddable":true,"href":"https:\/\/baldumarket.lt\/lt\/wp-json\/wp\/v2\/media\/210983"}],"wp:attachment":[{"href":"https:\/\/baldumarket.lt\/lt\/wp-json\/wp\/v2\/media?parent=210949"}],"wp:term":[{"taxonomy":"product_brand","embeddable":true,"href":"https:\/\/baldumarket.lt\/lt\/wp-json\/wp\/v2\/product_brand?post=210949"},{"taxonomy":"product_cat","embeddable":true,"href":"https:\/\/baldumarket.lt\/lt\/wp-json\/wp\/v2\/product_cat?post=210949"},{"taxonomy":"product_tag","embeddable":true,"href":"https:\/\/baldumarket.lt\/lt\/wp-json\/wp\/v2\/product_tag?post=210949"}],"curies":[{"name":"wp","href":"https:\/\/api.w.org\/{rel}","templated":true}]}}