{"id":210928,"date":"2025-12-26T04:07:29","date_gmt":"2025-12-26T01:07:29","guid":{"rendered":"https:\/\/baldumarket.lt\/?post_type=product&#038;p=210928"},"modified":"2026-04-06T11:26:07","modified_gmt":"2026-04-06T08:26:07","slug":"sofa-rozkladana-bez-boczkow-gigi-gr3","status":"publish","type":"product","link":"https:\/\/baldumarket.lt\/lt\/product\/sofa-rozkladana-bez-boczkow-gigi-gr3\/","title":{"rendered":"Gigi Gr3 sofa-lova be \u0161on\u0173"},"content":{"rendered":"<p>Gigi sofa-lova \u2013 d\u0117l kompakti\u0161kos formos, neturin\u010dios \u0161onini\u0173 paneli\u0173, \u0161i sofa idealiai tinka ma\u017eoms erdv\u0117ms, ta\u010diau joje vis tiek gali miegoti trys \u017emon\u0117s.<br \/>\nGigi parametrai:<br \/>\nMedin\u0117 konstrukcija \/ laminuota med\u017eio dro\u017eli\u0173 plok\u0161t\u0117 \/ medienos plau\u0161\u0173 plok\u0161t\u0117<br \/>\nPatalyn\u0117 saugykla<br \/>\nMiego funkcija<br \/>\nS\u0117dyn\u0117s \u012fd\u0117klas su zigzago spyruokl\u0117mis + T35 putplastis<br \/>\nAtlo\u0161as aptrauktas pasirinktu audiniu, 4 patogios pagalv\u0117l\u0117s, juodos plastikin\u0117s kojel\u0117s, auk\u0161tis = 4,5 cm.<br \/>\nDL automatinis i\u0161skleidimo mechanizmas.<br \/>\nNuotraukose pavaizduota sofa su \u201eTilia\u201c audiniu i\u0161 \u201eDavis Wholesale\u201c \u2013 3 kain\u0173 grup\u0117.<\/p>","protected":false},"excerpt":{"rendered":"<p>Plotis [cm]: 210<br \/>\nAuk\u0161tis [cm]: 100<br \/>\nGylis [cm]: 115<br \/>\nMiegamasis plotas [cm]: 160 \u00d7 210<br \/>\nPagalv\u0117s tipas: nuimamos pagalv\u0117s<\/p>","protected":false},"featured_media":210951,"comment_status":"open","ping_status":"closed","template":"","meta":[],"product_brand":[],"product_cat":[9133],"product_tag":[],"class_list":{"0":"post-210928","1":"product","2":"type-product","3":"status-publish","4":"has-post-thumbnail","6":"product_cat-grouped","8":"first","9":"instock","10":"shipping-taxable","11":"purchasable","12":"product-type-variable","13":"wvs-archive-product-wrapper"},"_links":{"self":[{"href":"https:\/\/baldumarket.lt\/lt\/wp-json\/wp\/v2\/product\/210928","targetHints":{"allow":["GET"]}}],"collection":[{"href":"https:\/\/baldumarket.lt\/lt\/wp-json\/wp\/v2\/product"}],"about":[{"href":"https:\/\/baldumarket.lt\/lt\/wp-json\/wp\/v2\/types\/product"}],"replies":[{"embeddable":true,"href":"https:\/\/baldumarket.lt\/lt\/wp-json\/wp\/v2\/comments?post=210928"}],"wp:featuredmedia":[{"embeddable":true,"href":"https:\/\/baldumarket.lt\/lt\/wp-json\/wp\/v2\/media\/210951"}],"wp:attachment":[{"href":"https:\/\/baldumarket.lt\/lt\/wp-json\/wp\/v2\/media?parent=210928"}],"wp:term":[{"taxonomy":"product_brand","embeddable":true,"href":"https:\/\/baldumarket.lt\/lt\/wp-json\/wp\/v2\/product_brand?post=210928"},{"taxonomy":"product_cat","embeddable":true,"href":"https:\/\/baldumarket.lt\/lt\/wp-json\/wp\/v2\/product_cat?post=210928"},{"taxonomy":"product_tag","embeddable":true,"href":"https:\/\/baldumarket.lt\/lt\/wp-json\/wp\/v2\/product_tag?post=210928"}],"curies":[{"name":"wp","href":"https:\/\/api.w.org\/{rel}","templated":true}]}}