{"id":210912,"date":"2025-12-26T04:06:40","date_gmt":"2025-12-26T01:06:40","guid":{"rendered":"https:\/\/baldumarket.lt\/?post_type=product&#038;p=210912"},"modified":"2026-04-03T12:29:31","modified_gmt":"2026-04-03T09:29:31","slug":"wersalka-rozkladana-pikowana-jaris-gr3","status":"publish","type":"product","link":"https:\/\/baldumarket.lt\/lt\/produktas\/wersalka-rozkladana-pikowana-jaris-gr3\/","title":{"rendered":"Jaris Gr3 dygsniuota i\u0161skleid\u017eiama sofa-lova"},"content":{"rendered":"<p>\u201eJaris\u201c sofa-lova \u2013 prakti\u0161kas baldas, kuris d\u0117l savo klasikinio dizaino tiks bet kokioje aplinkoje. Patogi s\u0117dyn\u0117 leis atsipalaiduoti po sunkios darbo dienos.<br \/>\nJaris specifikacijos:<br \/>\nBaldai pagaminti i\u0161 medinio r\u0117mo ir laminuotos plok\u0161t\u0117s<br \/>\nPatalyn\u0117 saugykla<br \/>\nMiego funkcija<br \/>\n\u012ed\u0117jimas: vingiuotos spyruokl\u0117s + T35 putplastis<br \/>\nSofa-lova su spragtel\u0117jimu, dizainerio dygsniavimas vidin\u0117je s\u0117dyn\u0117s ir atlo\u0161o pus\u0117je, juodos metalin\u0117s kojel\u0117s<br \/>\nNugara pagaminta i\u0161 techninio audinio.<\/p>","protected":false},"excerpt":{"rendered":"<p>Plotis [cm]: 220<br \/>\nAuk\u0161tis [cm]: 90<br \/>\ns\u0117dyn\u0117s auk\u0161tis [cm]: 50<br \/>\nMiegamasis plotas [cm]: 114 \u00d7 193<\/p>","protected":false},"featured_media":210935,"comment_status":"open","ping_status":"closed","template":"","meta":[],"product_brand":[],"product_cat":[9133],"product_tag":[],"class_list":{"0":"post-210912","1":"product","2":"type-product","3":"status-publish","4":"has-post-thumbnail","6":"product_cat-grouped","8":"first","9":"instock","10":"shipping-taxable","11":"purchasable","12":"product-type-variable","13":"wvs-archive-product-wrapper"},"_links":{"self":[{"href":"https:\/\/baldumarket.lt\/lt\/wp-json\/wp\/v2\/product\/210912","targetHints":{"allow":["GET"]}}],"collection":[{"href":"https:\/\/baldumarket.lt\/lt\/wp-json\/wp\/v2\/product"}],"about":[{"href":"https:\/\/baldumarket.lt\/lt\/wp-json\/wp\/v2\/types\/product"}],"replies":[{"embeddable":true,"href":"https:\/\/baldumarket.lt\/lt\/wp-json\/wp\/v2\/comments?post=210912"}],"wp:featuredmedia":[{"embeddable":true,"href":"https:\/\/baldumarket.lt\/lt\/wp-json\/wp\/v2\/media\/210935"}],"wp:attachment":[{"href":"https:\/\/baldumarket.lt\/lt\/wp-json\/wp\/v2\/media?parent=210912"}],"wp:term":[{"taxonomy":"product_brand","embeddable":true,"href":"https:\/\/baldumarket.lt\/lt\/wp-json\/wp\/v2\/product_brand?post=210912"},{"taxonomy":"product_cat","embeddable":true,"href":"https:\/\/baldumarket.lt\/lt\/wp-json\/wp\/v2\/product_cat?post=210912"},{"taxonomy":"product_tag","embeddable":true,"href":"https:\/\/baldumarket.lt\/lt\/wp-json\/wp\/v2\/product_tag?post=210912"}],"curies":[{"name":"wp","href":"https:\/\/api.w.org\/{rel}","templated":true}]}}