{"id":210898,"date":"2025-12-26T04:05:52","date_gmt":"2025-12-26T01:05:52","guid":{"rendered":"https:\/\/baldumarket.lt\/?post_type=product&#038;p=210898"},"modified":"2026-02-03T23:16:05","modified_gmt":"2026-02-03T20:16:05","slug":"naroznik-rozkladany-miko","status":"publish","type":"product","link":"https:\/\/baldumarket.lt\/lt\/product\/naroznik-rozkladany-miko\/","title":{"rendered":"Miko i\u0161skleid\u017eiama kampin\u0117 sofa"},"content":{"rendered":"<p>I\u0161skleid\u017eiama kampin\u0117 sofa \u201eMiko\u201c \u2013 tai baldas, kuris d\u0117l plataus audini\u0173 spalv\u0173 pasirinkimo tiks bet kokiam interjerui. Apvali forma suteikia jam modern\u0173 ir eleganti\u0161k\u0105 vaizd\u0105.<br \/>\nMiko parametrai:<br \/>\nMa\u017ea kampin\u0117 sofa su miegojimo funkcija ir lengvai naudojama DL sistema<br \/>\nS\u0117dyn\u0117s r\u0117mas su vingiuotomis spyruokl\u0117mis + T35 putplastis<br \/>\nMedin\u0117 konstrukcija \/ laminuota med\u017eio dro\u017eli\u0173 plok\u0161t\u0117 \/ medienos plau\u0161\u0173 plok\u0161t\u0117<br \/>\nMiego funkcija<br \/>\nJuodos plastikin\u0117s kojel\u0117s<br \/>\nI\u0161skleid\u017eiama kampin\u0117 sofa turi patalyn\u0117s skyri\u0173<br \/>\nKampin\u0117 sofa pavaizduota de\u0161in\u0117je.<br \/>\nNuotraukose pavaizduota kampin\u0117 sofa su \u201eAragon\u201c audiniu.<br \/>\nJ\u016bs\u0173 pasirinktu audiniu aptrauktas atlo\u0161as, 2 didel\u0117s, patogios pagalv\u0117l\u0117s ir \u012fdomi forma.<\/p>","protected":false},"excerpt":{"rendered":"<p>The Miko extendable corner sofa is a piece of furniture that will fit into any setting thanks to its wide range of fabric colors. Its rounded shape gives it a modern and elegant look. Miko parameters: Small corner sofa with a sleeping function and an easy-to-use DL system Seat frame with sinuous springs + T35 [&hellip;]<\/p>","protected":false},"featured_media":210919,"comment_status":"open","ping_status":"closed","template":"","meta":[],"product_brand":[],"product_cat":[616,1983,6950],"product_tag":[],"class_list":{"0":"post-210898","1":"product","2":"type-product","3":"status-publish","4":"has-post-thumbnail","6":"product_cat-corners","7":"product_cat-corners-l","8":"product_cat-kinas","10":"first","11":"instock","12":"shipping-taxable","13":"product-type-grouped"},"_links":{"self":[{"href":"https:\/\/baldumarket.lt\/lt\/wp-json\/wp\/v2\/product\/210898","targetHints":{"allow":["GET"]}}],"collection":[{"href":"https:\/\/baldumarket.lt\/lt\/wp-json\/wp\/v2\/product"}],"about":[{"href":"https:\/\/baldumarket.lt\/lt\/wp-json\/wp\/v2\/types\/product"}],"replies":[{"embeddable":true,"href":"https:\/\/baldumarket.lt\/lt\/wp-json\/wp\/v2\/comments?post=210898"}],"wp:featuredmedia":[{"embeddable":true,"href":"https:\/\/baldumarket.lt\/lt\/wp-json\/wp\/v2\/media\/210919"}],"wp:attachment":[{"href":"https:\/\/baldumarket.lt\/lt\/wp-json\/wp\/v2\/media?parent=210898"}],"wp:term":[{"taxonomy":"product_brand","embeddable":true,"href":"https:\/\/baldumarket.lt\/lt\/wp-json\/wp\/v2\/product_brand?post=210898"},{"taxonomy":"product_cat","embeddable":true,"href":"https:\/\/baldumarket.lt\/lt\/wp-json\/wp\/v2\/product_cat?post=210898"},{"taxonomy":"product_tag","embeddable":true,"href":"https:\/\/baldumarket.lt\/lt\/wp-json\/wp\/v2\/product_tag?post=210898"}],"curies":[{"name":"wp","href":"https:\/\/api.w.org\/{rel}","templated":true}]}}