{"id":210866,"date":"2025-12-26T04:04:24","date_gmt":"2025-12-26T01:04:24","guid":{"rendered":"https:\/\/baldumarket.lt\/?post_type=product&#038;p=210866"},"modified":"2026-02-03T23:16:07","modified_gmt":"2026-02-03T20:16:07","slug":"sofa-rozkladana-z-poduszkami-wela-2-pufy","status":"publish","type":"product","link":"https:\/\/baldumarket.lt\/lt\/product\/sofa-rozkladana-z-poduszkami-wela-2-pufy\/","title":{"rendered":"Wela sofa-lova su pagalv\u0117l\u0117mis + 2 pufai"},"content":{"rendered":"<p>\u201eWela\u201c sofa-lova yra prakti\u0161kas, modernaus dizaino baldas, o patogi s\u0117dyn\u0117 \u2013 puiki vieta atsipalaiduoti.<br \/>\nWela parametrai:<br \/>\nPatalyn\u0117 saugykla<br \/>\nDu nemokami pufai<br \/>\nMiego funkcija<br \/>\nAutomatinis i\u0161skleidimo mechanizmas: ritininis kreiptuvas<br \/>\nU\u017epildyta vingiuotomis spyruokl\u0117mis ir apmu\u0161al\u0173 putomis<br \/>\nJ\u016bs\u0173 pasirinktu audiniu aptrauktas atlo\u0161as, chromuotos metalin\u0117s kojel\u0117s, nedidel\u0117 patalyn\u0117s spintel\u0117, patog\u016bs porankiai ir du pufai.<\/p>","protected":false},"excerpt":{"rendered":"<p>The Wela sofa bed is a practical piece of furniture with a modern design, and its comfortable seat makes it a great place to relax. Wela parameters: Bedding storage Two free poufs Sleeping function Automatic unfolding mechanism: roller guide Filled with sinuous springs and upholstery foam Back upholstered in your choice of fabric, chrome-plated metal [&hellip;]<\/p>","protected":false},"featured_media":210887,"comment_status":"open","ping_status":"closed","template":"","meta":[],"product_brand":[],"product_cat":[6950,560],"product_tag":[],"class_list":{"0":"post-210866","1":"product","2":"type-product","3":"status-publish","4":"has-post-thumbnail","6":"product_cat-kinas","7":"product_cat-sofas-and-couches","9":"first","10":"instock","11":"shipping-taxable","12":"product-type-grouped"},"_links":{"self":[{"href":"https:\/\/baldumarket.lt\/lt\/wp-json\/wp\/v2\/product\/210866","targetHints":{"allow":["GET"]}}],"collection":[{"href":"https:\/\/baldumarket.lt\/lt\/wp-json\/wp\/v2\/product"}],"about":[{"href":"https:\/\/baldumarket.lt\/lt\/wp-json\/wp\/v2\/types\/product"}],"replies":[{"embeddable":true,"href":"https:\/\/baldumarket.lt\/lt\/wp-json\/wp\/v2\/comments?post=210866"}],"wp:featuredmedia":[{"embeddable":true,"href":"https:\/\/baldumarket.lt\/lt\/wp-json\/wp\/v2\/media\/210887"}],"wp:attachment":[{"href":"https:\/\/baldumarket.lt\/lt\/wp-json\/wp\/v2\/media?parent=210866"}],"wp:term":[{"taxonomy":"product_brand","embeddable":true,"href":"https:\/\/baldumarket.lt\/lt\/wp-json\/wp\/v2\/product_brand?post=210866"},{"taxonomy":"product_cat","embeddable":true,"href":"https:\/\/baldumarket.lt\/lt\/wp-json\/wp\/v2\/product_cat?post=210866"},{"taxonomy":"product_tag","embeddable":true,"href":"https:\/\/baldumarket.lt\/lt\/wp-json\/wp\/v2\/product_tag?post=210866"}],"curies":[{"name":"wp","href":"https:\/\/api.w.org\/{rel}","templated":true}]}}