{"id":210850,"date":"2025-12-26T04:03:36","date_gmt":"2025-12-26T01:03:36","guid":{"rendered":"https:\/\/baldumarket.lt\/?post_type=product&#038;p=210850"},"modified":"2026-04-02T11:25:22","modified_gmt":"2026-04-02T08:25:22","slug":"pufa-tapicerowana-kwadratowa-cobra","status":"publish","type":"product","link":"https:\/\/baldumarket.lt\/lt\/product\/pufa-tapicerowana-kwadratowa-cobra\/","title":{"rendered":"\u201eCobra\u201c kvadratinis mink\u0161tas pufas"},"content":{"rendered":"<p>\u201eCobra\u201c pufas yra prakti\u0161kas baldas, kurio klasikinis dizainas papildys bet koki\u0105 aplink\u0105.<br \/>\n\u0160is pufas skirtas \u201eCobra\u201c kampin\u0117ms sofoms ir kitoms sofoms.<\/p>","protected":false},"excerpt":{"rendered":"<p>\u201eCobra\u201c pufas yra prakti\u0161kas baldas, kurio klasikinis dizainas papildys bet kok\u012f interjer\u0105. \u0160is pufas skirtas \u201eCobra\u201c kampin\u0117ms sofoms ir kitiems baldams.<\/p>","protected":false},"featured_media":210871,"comment_status":"open","ping_status":"closed","template":"","meta":[],"product_brand":[],"product_cat":[10174,6950,826],"product_tag":[],"class_list":{"0":"post-210850","1":"product","2":"type-product","3":"status-publish","4":"has-post-thumbnail","6":"product_cat-poufs-kinas-meble","7":"product_cat-kinas","8":"product_cat-poufs","10":"first","11":"instock","12":"shipping-taxable","13":"product-type-grouped"},"_links":{"self":[{"href":"https:\/\/baldumarket.lt\/lt\/wp-json\/wp\/v2\/product\/210850","targetHints":{"allow":["GET"]}}],"collection":[{"href":"https:\/\/baldumarket.lt\/lt\/wp-json\/wp\/v2\/product"}],"about":[{"href":"https:\/\/baldumarket.lt\/lt\/wp-json\/wp\/v2\/types\/product"}],"replies":[{"embeddable":true,"href":"https:\/\/baldumarket.lt\/lt\/wp-json\/wp\/v2\/comments?post=210850"}],"wp:featuredmedia":[{"embeddable":true,"href":"https:\/\/baldumarket.lt\/lt\/wp-json\/wp\/v2\/media\/210871"}],"wp:attachment":[{"href":"https:\/\/baldumarket.lt\/lt\/wp-json\/wp\/v2\/media?parent=210850"}],"wp:term":[{"taxonomy":"product_brand","embeddable":true,"href":"https:\/\/baldumarket.lt\/lt\/wp-json\/wp\/v2\/product_brand?post=210850"},{"taxonomy":"product_cat","embeddable":true,"href":"https:\/\/baldumarket.lt\/lt\/wp-json\/wp\/v2\/product_cat?post=210850"},{"taxonomy":"product_tag","embeddable":true,"href":"https:\/\/baldumarket.lt\/lt\/wp-json\/wp\/v2\/product_tag?post=210850"}],"curies":[{"name":"wp","href":"https:\/\/api.w.org\/{rel}","templated":true}]}}