{"id":210848,"date":"2025-12-26T04:03:33","date_gmt":"2025-12-26T01:03:33","guid":{"rendered":"https:\/\/baldumarket.lt\/?post_type=product&#038;p=210848"},"modified":"2026-04-02T12:32:32","modified_gmt":"2026-04-02T09:32:32","slug":"pufa-tapicerowana-kwadratowa-cobra-gr3","status":"publish","type":"product","link":"https:\/\/baldumarket.lt\/lt\/product\/pufa-tapicerowana-kwadratowa-cobra-gr3\/","title":{"rendered":"Cobra Gr3 kvadratinis mink\u0161tas pufas"},"content":{"rendered":"<p>\u201eCobra\u201c pufas yra prakti\u0161kas baldas, kurio klasikinis dizainas papildys bet koki\u0105 aplink\u0105.<br \/>\n\u0160is pufas skirtas \u201eCobra\u201c kampin\u0117ms sofoms ir kitoms sofoms.<\/p>","protected":false},"excerpt":{"rendered":"<p>Plotis [cm]: 112<br \/>\nAuk\u0161tis [cm]: 48<br \/>\ngylis [cm]: 112<\/p>","protected":false},"featured_media":210871,"comment_status":"open","ping_status":"closed","template":"","meta":[],"product_brand":[],"product_cat":[9133],"product_tag":[],"class_list":{"0":"post-210848","1":"product","2":"type-product","3":"status-publish","4":"has-post-thumbnail","6":"product_cat-grouped","8":"first","9":"instock","10":"shipping-taxable","11":"purchasable","12":"product-type-variable","13":"wvs-archive-product-wrapper"},"_links":{"self":[{"href":"https:\/\/baldumarket.lt\/lt\/wp-json\/wp\/v2\/product\/210848","targetHints":{"allow":["GET"]}}],"collection":[{"href":"https:\/\/baldumarket.lt\/lt\/wp-json\/wp\/v2\/product"}],"about":[{"href":"https:\/\/baldumarket.lt\/lt\/wp-json\/wp\/v2\/types\/product"}],"replies":[{"embeddable":true,"href":"https:\/\/baldumarket.lt\/lt\/wp-json\/wp\/v2\/comments?post=210848"}],"wp:featuredmedia":[{"embeddable":true,"href":"https:\/\/baldumarket.lt\/lt\/wp-json\/wp\/v2\/media\/210871"}],"wp:attachment":[{"href":"https:\/\/baldumarket.lt\/lt\/wp-json\/wp\/v2\/media?parent=210848"}],"wp:term":[{"taxonomy":"product_brand","embeddable":true,"href":"https:\/\/baldumarket.lt\/lt\/wp-json\/wp\/v2\/product_brand?post=210848"},{"taxonomy":"product_cat","embeddable":true,"href":"https:\/\/baldumarket.lt\/lt\/wp-json\/wp\/v2\/product_cat?post=210848"},{"taxonomy":"product_tag","embeddable":true,"href":"https:\/\/baldumarket.lt\/lt\/wp-json\/wp\/v2\/product_tag?post=210848"}],"curies":[{"name":"wp","href":"https:\/\/api.w.org\/{rel}","templated":true}]}}