{"id":210834,"date":"2025-12-26T04:02:46","date_gmt":"2025-12-26T01:02:46","guid":{"rendered":"https:\/\/baldumarket.lt\/?post_type=product&#038;p=210834"},"modified":"2026-02-03T23:16:08","modified_gmt":"2026-02-03T20:16:08","slug":"naroznik-rozkladany-r-city-u","status":"publish","type":"product","link":"https:\/\/baldumarket.lt\/lt\/product\/naroznik-rozkladany-r-city-u\/","title":{"rendered":"R-City U i\u0161skleid\u017eiama kampin\u0117 sofa"},"content":{"rendered":"<p>Kampin\u0117 sofa \u201eR-City U\u201c \u2013 tai mink\u0161tas baldas, kurio modern\u0173 dizain\u0105 papildo prakti\u0161ki dizaino sprendimai ir auk\u0161tos kokyb\u0117s komponentai. Naudotos apmu\u0161al\u0173 med\u017eiagos puikiai tinka bet kuriai svetainei tiems, kurie vertina auk\u0161t\u0105 kokyb\u0119 ir i\u0161skirtin\u012f komfort\u0105.<br \/>\nR-City U specifikacijos:<br \/>\nS\u0117dyn\u0117 pagaminta i\u0161 patvari\u0173 vingiuot\u0173 spyruokli\u0173 ir T-30 apmu\u0161al\u0173 put\u0173<br \/>\nMedinis r\u0117mas + med\u017eio dro\u017eli\u0173 plok\u0161t\u0117 \/ laminuota plok\u0161t\u0117<br \/>\nMiego funkcija<br \/>\nKampin\u0117 sofa gali b\u016bti i\u0161skleid\u017eiama ir turi du skyrius patalynei<br \/>\nNugaros pagalv\u0117l\u0117s<br \/>\nChromuotos plastikin\u0117s kojel\u0117s<br \/>\nKampin\u0117 sofa tilps \u012f lift\u0105<br \/>\nKampin\u0117 sofa tilps pro 80 cm plo\u010dio dur\u0173 ang\u0105<br \/>\nUniversali kampin\u0117 sofa<br \/>\nAtlo\u0161as aptrauktas pasirinktu audiniu, 4 didel\u0117s ir 4 ma\u017eesn\u0117s U formos pagalv\u0117l\u0117s.<\/p>","protected":false},"excerpt":{"rendered":"<p>The R-City U corner sofa is an upholstered piece of furniture whose modern design is enhanced with practical design solutions and high-quality components. The upholstery materials used make it a perfect addition to any living room for users who value high quality and exceptional comfort. R-City U specifications: Seat made with durable sinuous springs and [&hellip;]<\/p>","protected":false},"featured_media":210855,"comment_status":"open","ping_status":"closed","template":"","meta":[],"product_brand":[],"product_cat":[616,1982,6950],"product_tag":[],"class_list":{"0":"post-210834","1":"product","2":"type-product","3":"status-publish","4":"has-post-thumbnail","6":"product_cat-corners","7":"product_cat-corners-u","8":"product_cat-kinas","10":"first","11":"instock","12":"shipping-taxable","13":"product-type-grouped"},"_links":{"self":[{"href":"https:\/\/baldumarket.lt\/lt\/wp-json\/wp\/v2\/product\/210834","targetHints":{"allow":["GET"]}}],"collection":[{"href":"https:\/\/baldumarket.lt\/lt\/wp-json\/wp\/v2\/product"}],"about":[{"href":"https:\/\/baldumarket.lt\/lt\/wp-json\/wp\/v2\/types\/product"}],"replies":[{"embeddable":true,"href":"https:\/\/baldumarket.lt\/lt\/wp-json\/wp\/v2\/comments?post=210834"}],"wp:featuredmedia":[{"embeddable":true,"href":"https:\/\/baldumarket.lt\/lt\/wp-json\/wp\/v2\/media\/210855"}],"wp:attachment":[{"href":"https:\/\/baldumarket.lt\/lt\/wp-json\/wp\/v2\/media?parent=210834"}],"wp:term":[{"taxonomy":"product_brand","embeddable":true,"href":"https:\/\/baldumarket.lt\/lt\/wp-json\/wp\/v2\/product_brand?post=210834"},{"taxonomy":"product_cat","embeddable":true,"href":"https:\/\/baldumarket.lt\/lt\/wp-json\/wp\/v2\/product_cat?post=210834"},{"taxonomy":"product_tag","embeddable":true,"href":"https:\/\/baldumarket.lt\/lt\/wp-json\/wp\/v2\/product_tag?post=210834"}],"curies":[{"name":"wp","href":"https:\/\/api.w.org\/{rel}","templated":true}]}}