{"id":210818,"date":"2025-12-26T04:01:54","date_gmt":"2025-12-26T01:01:54","guid":{"rendered":"https:\/\/baldumarket.lt\/?post_type=product&#038;p=210818"},"modified":"2026-02-03T23:16:09","modified_gmt":"2026-02-03T20:16:09","slug":"naroznik-rozkladany-oxi","status":"publish","type":"product","link":"https:\/\/baldumarket.lt\/lt\/product\/naroznik-rozkladany-oxi\/","title":{"rendered":"Oxi i\u0161skleid\u017eiama kampin\u0117 sofa"},"content":{"rendered":"<p>\u201eOxi\u201c kampin\u0117 sofa \u2013 tai mink\u0161tas baldas, kurio modern\u0173 dizain\u0105 papildo prakti\u0161ki dizaino sprendimai ir auk\u0161tos kokyb\u0117s komponentai. Naudotos apmu\u0161al\u0173 med\u017eiagos puikiai tinka bet kuriai svetainei tiems, kurie vertina auk\u0161t\u0105 kokyb\u0119 ir i\u0161skirtin\u012f komfort\u0105.<br \/>\n\u201eOxi\u201c specifikacijos:<br \/>\nS\u0117dyn\u0117 pagaminta i\u0161 patvari\u0173 vingiuot\u0173 spyruokli\u0173 ir T-30 apmu\u0161al\u0173 put\u0173<br \/>\nMedinis r\u0117mas + med\u017eio dro\u017eli\u0173 plok\u0161t\u0117 \/ laminuota plok\u0161t\u0117<br \/>\nMiego funkcija<br \/>\nKampin\u0117 sofa i\u0161skleid\u017eiama ir turi patalyn\u0117s d\u0117\u017e\u0119<br \/>\nNugaros pagalv\u0117l\u0117<br \/>\nChromuotos plastikin\u0117s kojel\u0117s<br \/>\nKampin\u0117 sofa telpa \u012f lift\u0105<br \/>\nKampin\u0117 sofa telpa pro 80 cm plo\u010dio duris<br \/>\nNugara aptraukta pasirinktu audiniu, 6 pagalv\u0117l\u0117s ir \u012fdomi forma.<\/p>","protected":false},"excerpt":{"rendered":"<p>The Oxi corner sofa is an upholstered piece of furniture whose modern design is enhanced with practical design solutions and high-quality components. The upholstery materials used make it a perfect addition to any living room for those who value high quality and exceptional comfort. Oxi specifications: Seat made of durable sinuous springs and T-30 upholstery [&hellip;]<\/p>","protected":false},"featured_media":210839,"comment_status":"open","ping_status":"closed","template":"","meta":[],"product_brand":[],"product_cat":[616,1982,6950],"product_tag":[],"class_list":{"0":"post-210818","1":"product","2":"type-product","3":"status-publish","4":"has-post-thumbnail","6":"product_cat-corners","7":"product_cat-corners-u","8":"product_cat-kinas","10":"first","11":"instock","12":"shipping-taxable","13":"product-type-grouped"},"_links":{"self":[{"href":"https:\/\/baldumarket.lt\/lt\/wp-json\/wp\/v2\/product\/210818","targetHints":{"allow":["GET"]}}],"collection":[{"href":"https:\/\/baldumarket.lt\/lt\/wp-json\/wp\/v2\/product"}],"about":[{"href":"https:\/\/baldumarket.lt\/lt\/wp-json\/wp\/v2\/types\/product"}],"replies":[{"embeddable":true,"href":"https:\/\/baldumarket.lt\/lt\/wp-json\/wp\/v2\/comments?post=210818"}],"wp:featuredmedia":[{"embeddable":true,"href":"https:\/\/baldumarket.lt\/lt\/wp-json\/wp\/v2\/media\/210839"}],"wp:attachment":[{"href":"https:\/\/baldumarket.lt\/lt\/wp-json\/wp\/v2\/media?parent=210818"}],"wp:term":[{"taxonomy":"product_brand","embeddable":true,"href":"https:\/\/baldumarket.lt\/lt\/wp-json\/wp\/v2\/product_brand?post=210818"},{"taxonomy":"product_cat","embeddable":true,"href":"https:\/\/baldumarket.lt\/lt\/wp-json\/wp\/v2\/product_cat?post=210818"},{"taxonomy":"product_tag","embeddable":true,"href":"https:\/\/baldumarket.lt\/lt\/wp-json\/wp\/v2\/product_tag?post=210818"}],"curies":[{"name":"wp","href":"https:\/\/api.w.org\/{rel}","templated":true}]}}