{"id":21076,"date":"2025-11-14T12:40:12","date_gmt":"2025-11-14T09:40:12","guid":{"rendered":"https:\/\/baldumarket.lt\/product\/materac-bonelowy-oslo-80x200-hipoalergiczny-pokrowiec\/"},"modified":"2026-03-24T18:26:50","modified_gmt":"2026-03-24T15:26:50","slug":"materac-bonelowy-oslo-80x200-hipoalergiczny-pokrowiec","status":"publish","type":"product","link":"https:\/\/baldumarket.lt\/lt\/product\/materac-bonelowy-oslo-80x200-hipoalergiczny-pokrowiec\/","title":{"rendered":"\u010ciu\u017einys \u201eOslo Bonnell\u201c, 80\u00d7200, hipoalerginis u\u017evalkalas"},"content":{"rendered":"<p>Puikiai parinktas \u010diu\u017einys \u2013 gero nakties miego garantija. \u017dinome, koks svarbus \u0161is pasirinkimas, tod\u0117l pristatome \u201eOSLO Bonnell\u201c spyruoklin\u012f \u010diu\u017ein\u012f. \u201eBonnell\u201c spyruoklin\u0117 sistema u\u017etikrina, kad \u010diu\u017einys laikui b\u0117gant nedeformuosis, o tai labai svarbu miego komfortui. Be to, \u201eOslo\u201c \u010diu\u017einys turi veltinio pagalv\u0117les i\u0161 abiej\u0173 pusi\u0173, kurios apsaugo spyruokles. Dvipusis T2542 put\u0173 panaudojimas dar labiau padidina miego komfort\u0105. \u201eOslo\u201c \u010diu\u017einys taip pat turi kokoso pluo\u0161to pagalv\u0117l\u0119 dar geresniam miegui. Visa tai apgaubta nuimamu u\u017evalkalu.<\/p>","protected":false},"excerpt":{"rendered":"<p>Puikiai parinktas \u010diu\u017einys \u2013 gero nakties miego garantija. \u017dinome, koks svarbus \u0161is pasirinkimas, tod\u0117l pristatome OSLO Bonnell spyruoklin\u012f \u010diu\u017ein\u012f. Bonnell spyruoklin\u0117 sistema u\u017etikrina, kad \u010diu\u017einys laikui b\u0117gant nesideformuos, o tai labai svarbu miego komfortui. Be to, Oslo \u010diu\u017einys abiejose pus\u0117se turi veltinio pagalv\u0117les [\u2026]<\/p>","protected":false},"featured_media":21077,"comment_status":"open","ping_status":"open","template":"","meta":[],"product_brand":[],"product_cat":[2012,1099],"product_tag":[],"class_list":{"0":"post-21076","1":"product","2":"type-product","3":"status-publish","4":"has-post-thumbnail","6":"product_cat-eltap","7":"product_cat-mattresses","9":"first","10":"instock","11":"purchasable","12":"product-type-simple"},"_links":{"self":[{"href":"https:\/\/baldumarket.lt\/lt\/wp-json\/wp\/v2\/product\/21076","targetHints":{"allow":["GET"]}}],"collection":[{"href":"https:\/\/baldumarket.lt\/lt\/wp-json\/wp\/v2\/product"}],"about":[{"href":"https:\/\/baldumarket.lt\/lt\/wp-json\/wp\/v2\/types\/product"}],"replies":[{"embeddable":true,"href":"https:\/\/baldumarket.lt\/lt\/wp-json\/wp\/v2\/comments?post=21076"}],"wp:featuredmedia":[{"embeddable":true,"href":"https:\/\/baldumarket.lt\/lt\/wp-json\/wp\/v2\/media\/21077"}],"wp:attachment":[{"href":"https:\/\/baldumarket.lt\/lt\/wp-json\/wp\/v2\/media?parent=21076"}],"wp:term":[{"taxonomy":"product_brand","embeddable":true,"href":"https:\/\/baldumarket.lt\/lt\/wp-json\/wp\/v2\/product_brand?post=21076"},{"taxonomy":"product_cat","embeddable":true,"href":"https:\/\/baldumarket.lt\/lt\/wp-json\/wp\/v2\/product_cat?post=21076"},{"taxonomy":"product_tag","embeddable":true,"href":"https:\/\/baldumarket.lt\/lt\/wp-json\/wp\/v2\/product_tag?post=21076"}],"curies":[{"name":"wp","href":"https:\/\/api.w.org\/{rel}","templated":true}]}}