{"id":210757,"date":"2025-12-26T03:59:00","date_gmt":"2025-12-26T00:59:00","guid":{"rendered":"https:\/\/baldumarket.lt\/?post_type=product&#038;p=210757"},"modified":"2026-02-12T01:46:48","modified_gmt":"2026-02-11T22:46:48","slug":"fotel-tapicerowany-toledo-gr1","status":"publish","type":"product","link":"https:\/\/baldumarket.lt\/lt\/product\/fotel-tapicerowany-toledo-gr1\/","title":{"rendered":"Toledo Gr1 mink\u0161tas fotelis"},"content":{"rendered":"<p>\u201eToledo\u201c fotelis yra prakti\u0161kas baldas, kuris d\u0117l savo klasikinio dizaino tiks bet kokioje aplinkoje. Patogi s\u0117dyn\u0117 leis atsipalaiduoti po sunkios darbo dienos.<br \/>\nToledo specifikacijos:<br \/>\nS\u0117dyn\u0117 pagaminta i\u0161 patvari\u0173 vingiuot\u0173 spyruokli\u0173<br \/>\nS\u0117dyn\u0117s gamybai panaudotas mink\u0161tas VP putplastis<br \/>\nMedinis r\u0117mas + med\u017eio dro\u017eli\u0173 plok\u0161t\u0117 \/ laminuota plok\u0161t\u0117<br \/>\nAtlo\u0161o pagalv\u0117l\u0117<br \/>\nPlastikin\u0117s kojel\u0117s<br \/>\nNugar\u0117l\u0117 aptraukta j\u016bs\u0173 pasirinktu audiniu, velvetiniu audiniu. Puikiai tinka to paties pavadinimo kampinei sofai arba kitiems m\u016bs\u0173 asortimento modeliams.<\/p>","protected":false},"excerpt":{"rendered":"<p>Plotis [cm]: 82<br \/>\ns\u0117dyn\u0117s plotis [cm]: 57<br \/>\nAuk\u0161tis [cm]: 94<\/p>","protected":false},"featured_media":210791,"comment_status":"open","ping_status":"closed","template":"","meta":[],"product_brand":[],"product_cat":[9133],"product_tag":[],"class_list":{"0":"post-210757","1":"product","2":"type-product","3":"status-publish","4":"has-post-thumbnail","6":"product_cat-grouped","8":"first","9":"instock","10":"shipping-taxable","11":"purchasable","12":"product-type-variable","13":"wvs-archive-product-wrapper"},"_links":{"self":[{"href":"https:\/\/baldumarket.lt\/lt\/wp-json\/wp\/v2\/product\/210757","targetHints":{"allow":["GET"]}}],"collection":[{"href":"https:\/\/baldumarket.lt\/lt\/wp-json\/wp\/v2\/product"}],"about":[{"href":"https:\/\/baldumarket.lt\/lt\/wp-json\/wp\/v2\/types\/product"}],"replies":[{"embeddable":true,"href":"https:\/\/baldumarket.lt\/lt\/wp-json\/wp\/v2\/comments?post=210757"}],"wp:featuredmedia":[{"embeddable":true,"href":"https:\/\/baldumarket.lt\/lt\/wp-json\/wp\/v2\/media\/210791"}],"wp:attachment":[{"href":"https:\/\/baldumarket.lt\/lt\/wp-json\/wp\/v2\/media?parent=210757"}],"wp:term":[{"taxonomy":"product_brand","embeddable":true,"href":"https:\/\/baldumarket.lt\/lt\/wp-json\/wp\/v2\/product_brand?post=210757"},{"taxonomy":"product_cat","embeddable":true,"href":"https:\/\/baldumarket.lt\/lt\/wp-json\/wp\/v2\/product_cat?post=210757"},{"taxonomy":"product_tag","embeddable":true,"href":"https:\/\/baldumarket.lt\/lt\/wp-json\/wp\/v2\/product_tag?post=210757"}],"curies":[{"name":"wp","href":"https:\/\/api.w.org\/{rel}","templated":true}]}}