{"id":210690,"date":"2025-12-26T03:56:10","date_gmt":"2025-12-26T00:56:10","guid":{"rendered":"https:\/\/baldumarket.lt\/?post_type=product&#038;p=210690"},"modified":"2026-02-03T23:16:15","modified_gmt":"2026-02-03T20:16:15","slug":"naroznik-rozkladany-virago","status":"publish","type":"product","link":"https:\/\/baldumarket.lt\/lt\/product\/naroznik-rozkladany-virago\/","title":{"rendered":"Virago kampin\u0117 sofa-lova"},"content":{"rendered":"<p>\u201eVirago\u201c kampin\u0117 sofa \u2013 tai unikalaus dizaino poilsio kambario baldas. \u201eViper\u201c kampin\u0117 sofa tinka bet kokiam kambariui ar svetainei. D\u0117l patogios ir erdvios miegojimo funkcijos bei patalyn\u0117s laikymo vietos ji tampa daugiafunkciu baldu, kur\u012f galima s\u0117kmingai naudoti tiek dien\u0105, tiek nakt\u012f.<br \/>\nVirago parametrai:<br \/>\nS\u0117dyn\u0117 pagaminta i\u0161 patvari\u0173 vingiuot\u0173 spyruokli\u0173 ir T-30 apmu\u0161al\u0173 put\u0173<br \/>\nMedinis r\u0117mas + med\u017eio dro\u017eli\u0173 plok\u0161t\u0117 \/ laminuota plok\u0161t\u0117<br \/>\nMiego funkcija<br \/>\nKampin\u0117 sofa i\u0161skleid\u017eiama ir turi patalyn\u0117s d\u0117\u017e\u0119<br \/>\nNugaros pagalv\u0117l\u0117<br \/>\nU\u017etrauktukais u\u017esegamos pagalv\u0117l\u0117s<br \/>\n4 cm tamsaus rie\u0161uto medienos kojel\u0117s<br \/>\nKampin\u0117 sofa tilps \u012f lift\u0105<br \/>\nKampin\u0117 sofa tilps pro 80 cm plo\u010dio duris<br \/>\nPagrindin\u0117je nuotraukoje pavaizduota de\u0161inioji kampin\u0117 sofa.<br \/>\nNugara aptraukta pasirinktu audiniu, 3 pagalv\u0117l\u0117s ir 3 ma\u017eos nugaros pagalv\u0117l\u0117s, \u012fdomios formos.<\/p>","protected":false},"excerpt":{"rendered":"<p>\u201eVirago\u201c kampin\u0117 sofa \u2013 tai unikalaus dizaino poilsio kambario baldas. \u201eViper\u201c kampin\u0117 sofa tinka bet kokiam kambariui ar svetainei. D\u0117l patogios ir erdvios miegojimo funkcijos bei patalyn\u0117s laikymo vietos ji tampa daugiafunkciu baldu, kur\u012f galima s\u0117kmingai naudoti tiek dien\u0105, tiek nakt\u012f. \u201eVirago\u201c [\u2026]<\/p>","protected":false},"featured_media":210711,"comment_status":"open","ping_status":"closed","template":"","meta":[],"product_brand":[],"product_cat":[616,1983,6950],"product_tag":[],"class_list":{"0":"post-210690","1":"product","2":"type-product","3":"status-publish","4":"has-post-thumbnail","6":"product_cat-corners","7":"product_cat-corners-l","8":"product_cat-kinas","10":"first","11":"instock","12":"shipping-taxable","13":"product-type-grouped"},"_links":{"self":[{"href":"https:\/\/baldumarket.lt\/lt\/wp-json\/wp\/v2\/product\/210690","targetHints":{"allow":["GET"]}}],"collection":[{"href":"https:\/\/baldumarket.lt\/lt\/wp-json\/wp\/v2\/product"}],"about":[{"href":"https:\/\/baldumarket.lt\/lt\/wp-json\/wp\/v2\/types\/product"}],"replies":[{"embeddable":true,"href":"https:\/\/baldumarket.lt\/lt\/wp-json\/wp\/v2\/comments?post=210690"}],"wp:featuredmedia":[{"embeddable":true,"href":"https:\/\/baldumarket.lt\/lt\/wp-json\/wp\/v2\/media\/210711"}],"wp:attachment":[{"href":"https:\/\/baldumarket.lt\/lt\/wp-json\/wp\/v2\/media?parent=210690"}],"wp:term":[{"taxonomy":"product_brand","embeddable":true,"href":"https:\/\/baldumarket.lt\/lt\/wp-json\/wp\/v2\/product_brand?post=210690"},{"taxonomy":"product_cat","embeddable":true,"href":"https:\/\/baldumarket.lt\/lt\/wp-json\/wp\/v2\/product_cat?post=210690"},{"taxonomy":"product_tag","embeddable":true,"href":"https:\/\/baldumarket.lt\/lt\/wp-json\/wp\/v2\/product_tag?post=210690"}],"curies":[{"name":"wp","href":"https:\/\/api.w.org\/{rel}","templated":true}]}}