{"id":21067,"date":"2025-11-14T12:39:06","date_gmt":"2025-11-14T09:39:06","guid":{"rendered":"https:\/\/baldumarket.lt\/product\/materac-bonelowy-omini-160x200-hipoalergiczny-pokrowiec\/"},"modified":"2026-03-24T18:26:58","modified_gmt":"2026-03-24T15:26:58","slug":"materac-bonelowy-omini-160x200-hipoalergiczny-pokrowiec","status":"publish","type":"product","link":"https:\/\/baldumarket.lt\/lt\/product\/materac-bonelowy-omini-160x200-hipoalergiczny-pokrowiec\/","title":{"rendered":"Omini Bonnell \u010diu\u017einys 160\u00d7200 hipoalerginis u\u017evalkalas"},"content":{"rendered":"<p>Puikiai parinktas \u010diu\u017einys \u2013 gero nakties miego garantija. \u017dinome, koks svarbus \u0161is pasirinkimas, tod\u0117l pristatome OMINI Bonnell spyruoklin\u012f \u010diu\u017ein\u012f. Bonnell spyruoklin\u0117 sistema u\u017etikrina, kad \u010diu\u017einys laikui b\u0117gant nesideformuos, o tai labai svarbu miego komfortui. Bonnell spyruoklin\u0117 sistema padengta veltinio pagalv\u0117le, kuri papildomai u\u017epildyta T2542 putomis. Visa tai apgaubta nuimamu u\u017evalkalu.<\/p>","protected":false},"excerpt":{"rendered":"<p>Puikiai parinktas \u010diu\u017einys \u2013 gero nakties miego garantija. \u017dinome, koks svarbus \u0161is pasirinkimas, tod\u0117l pristatome OMINI Bonnell spyruoklin\u012f \u010diu\u017ein\u012f. Bonnell spyruoklin\u0117 sistema u\u017etikrina, kad \u010diu\u017einys laikui b\u0117gant nesideformuos, o tai labai svarbu miego komfortui. Bonnell spyruoklin\u0117 sistema padengta veltinio pagalv\u0117le, kuri [\u2026]<\/p>","protected":false},"featured_media":21045,"comment_status":"open","ping_status":"open","template":"","meta":[],"product_brand":[],"product_cat":[2012,1099,1978],"product_tag":[],"class_list":{"0":"post-21067","1":"product","2":"type-product","3":"status-publish","4":"has-post-thumbnail","6":"product_cat-eltap","7":"product_cat-mattresses","8":"product_cat-mattresses-160x200","10":"first","11":"instock","12":"purchasable","13":"product-type-simple"},"_links":{"self":[{"href":"https:\/\/baldumarket.lt\/lt\/wp-json\/wp\/v2\/product\/21067","targetHints":{"allow":["GET"]}}],"collection":[{"href":"https:\/\/baldumarket.lt\/lt\/wp-json\/wp\/v2\/product"}],"about":[{"href":"https:\/\/baldumarket.lt\/lt\/wp-json\/wp\/v2\/types\/product"}],"replies":[{"embeddable":true,"href":"https:\/\/baldumarket.lt\/lt\/wp-json\/wp\/v2\/comments?post=21067"}],"wp:featuredmedia":[{"embeddable":true,"href":"https:\/\/baldumarket.lt\/lt\/wp-json\/wp\/v2\/media\/21045"}],"wp:attachment":[{"href":"https:\/\/baldumarket.lt\/lt\/wp-json\/wp\/v2\/media?parent=21067"}],"wp:term":[{"taxonomy":"product_brand","embeddable":true,"href":"https:\/\/baldumarket.lt\/lt\/wp-json\/wp\/v2\/product_brand?post=21067"},{"taxonomy":"product_cat","embeddable":true,"href":"https:\/\/baldumarket.lt\/lt\/wp-json\/wp\/v2\/product_cat?post=21067"},{"taxonomy":"product_tag","embeddable":true,"href":"https:\/\/baldumarket.lt\/lt\/wp-json\/wp\/v2\/product_tag?post=21067"}],"curies":[{"name":"wp","href":"https:\/\/api.w.org\/{rel}","templated":true}]}}