{"id":210626,"date":"2025-12-26T03:53:21","date_gmt":"2025-12-26T00:53:21","guid":{"rendered":"https:\/\/baldumarket.lt\/?post_type=product&#038;p=210626"},"modified":"2026-02-03T23:16:17","modified_gmt":"2026-02-03T20:16:17","slug":"naroznik-tapicerowany-nierozkladany-cleo","status":"publish","type":"product","link":"https:\/\/baldumarket.lt\/lt\/product\/naroznik-tapicerowany-nierozkladany-cleo\/","title":{"rendered":"\u201eCleo\u201c apmu\u0161ta, nei\u0161skleid\u017eiama kampin\u0117 sofa"},"content":{"rendered":"<p>Stacionari kampin\u0117 sofa \u201eCleo\u201c \u2013 tai baldas, kuris d\u0117l plataus audini\u0173 spalv\u0173 pasirinkimo prisitaikys prie bet kokios aplinkos.<br \/>\nCleo parametrai:<br \/>\nS\u0117dyn\u0117 pagaminta i\u0161 patvari\u0173 vingiuot\u0173 spyruokli\u0173<br \/>\nS\u0117dyn\u0117s gamybai panaudotas mink\u0161tas VP putplastis<br \/>\nMedinis r\u0117mas + med\u017eio dro\u017eli\u0173 plok\u0161t\u0117 \/ laminuota plok\u0161t\u0117<br \/>\nN\u0117ra miego funkcijos<br \/>\nN\u0117ra patalyn\u0117s laikymo vietos<br \/>\nAtlo\u0161o pagalv\u0117l\u0117s<br \/>\nJuodos plastikin\u0117s kojel\u0117s<br \/>\nKampin\u0117 sofa tilps \u012f lift\u0105<br \/>\nKampin\u0117 sofa tilps pro 80 cm plo\u010dio duris<br \/>\nNuotraukoje parodyta de\u0161inioji kampin\u0117 sofa<br \/>\nNugara aptraukta pasirinktu audiniu, 6 patogios pagalv\u0117l\u0117s, velvetas.<\/p>","protected":false},"excerpt":{"rendered":"<p>Stacionari kampin\u0117 sofa \u201eCleo\u201c \u2013 tai baldas, kuris d\u0117l plataus audini\u0173 spalv\u0173 gamos prisitaikys prie bet kokios aplinkos. \u201eCleo\u201c parametrai: S\u0117dimoji dalis pagaminta i\u0161 patvari\u0173 vingiuot\u0173 spyruokli\u0173; S\u0117dimoji dalis pagaminta i\u0161 mink\u0161t\u0173 VP put\u0173; Medinis r\u0117mas + med\u017eio dro\u017eli\u0173 plok\u0161t\u0117s \/ laminuotos plok\u0161t\u0117s; N\u0117ra miegojimo funkcijos; N\u0117ra patalyn\u0117s laikymo vietos; Atlo\u0161o pagalv\u0117l\u0117s; Juodos plastikin\u0117s kojel\u0117s [\u2026]<\/p>","protected":false},"featured_media":210647,"comment_status":"open","ping_status":"closed","template":"","meta":[],"product_brand":[],"product_cat":[616,1983,6950],"product_tag":[],"class_list":{"0":"post-210626","1":"product","2":"type-product","3":"status-publish","4":"has-post-thumbnail","6":"product_cat-corners","7":"product_cat-corners-l","8":"product_cat-kinas","10":"first","11":"instock","12":"shipping-taxable","13":"product-type-grouped"},"_links":{"self":[{"href":"https:\/\/baldumarket.lt\/lt\/wp-json\/wp\/v2\/product\/210626","targetHints":{"allow":["GET"]}}],"collection":[{"href":"https:\/\/baldumarket.lt\/lt\/wp-json\/wp\/v2\/product"}],"about":[{"href":"https:\/\/baldumarket.lt\/lt\/wp-json\/wp\/v2\/types\/product"}],"replies":[{"embeddable":true,"href":"https:\/\/baldumarket.lt\/lt\/wp-json\/wp\/v2\/comments?post=210626"}],"wp:featuredmedia":[{"embeddable":true,"href":"https:\/\/baldumarket.lt\/lt\/wp-json\/wp\/v2\/media\/210647"}],"wp:attachment":[{"href":"https:\/\/baldumarket.lt\/lt\/wp-json\/wp\/v2\/media?parent=210626"}],"wp:term":[{"taxonomy":"product_brand","embeddable":true,"href":"https:\/\/baldumarket.lt\/lt\/wp-json\/wp\/v2\/product_brand?post=210626"},{"taxonomy":"product_cat","embeddable":true,"href":"https:\/\/baldumarket.lt\/lt\/wp-json\/wp\/v2\/product_cat?post=210626"},{"taxonomy":"product_tag","embeddable":true,"href":"https:\/\/baldumarket.lt\/lt\/wp-json\/wp\/v2\/product_tag?post=210626"}],"curies":[{"name":"wp","href":"https:\/\/api.w.org\/{rel}","templated":true}]}}